{"id":6068,"date":"2020-09-23T17:21:49","date_gmt":"2020-09-23T17:21:49","guid":{"rendered":"https:\/\/psi-polymersystems.com\/?page_id=6068"},"modified":"2020-09-23T17:23:42","modified_gmt":"2020-09-23T17:23:42","slug":"psi-polymer-systems-inc-introduces-new-continuous-backflush-screen-changer-hickory-nc-december-7-2004","status":"publish","type":"page","link":"https:\/\/www.psi-polymersystems.com\/pt\/about-us\/press-releases\/psi-polymer-systems-inc-introduces-new-continuous-backflush-screen-changer-hickory-nc-december-7-2004\/","title":{"rendered":"A PSI-Polymer Systems Inc. apresenta o novo trocador de tela de retrolavagem cont\u00ednua Hickory, NC (7 de dezembro de 2004)"},"content":{"rendered":"<div data-elementor-type=\"wp-page\" data-elementor-id=\"6068\" class=\"elementor elementor-6068\" data-elementor-post-type=\"page\">\n\t\t\t\t\t\t<section class=\"elementor-section elementor-top-section elementor-element elementor-element-6f5bb3fa elementor-section-boxed elementor-section-height-default elementor-section-height-default\" data-id=\"6f5bb3fa\" data-element_type=\"section\" data-e-type=\"section\">\n\t\t\t\t\t\t<div class=\"elementor-container elementor-column-gap-default\">\n\t\t\t\t\t<div class=\"elementor-column elementor-col-50 elementor-top-column elementor-element elementor-element-1d0bfecc\" data-id=\"1d0bfecc\" data-element_type=\"column\" data-e-type=\"column\">\n\t\t\t<div class=\"elementor-widget-wrap elementor-element-populated\">\n\t\t\t\t\t\t<div class=\"elementor-element elementor-element-28def0c2 elementor-widget elementor-widget-heading\" data-id=\"28def0c2\" data-element_type=\"widget\" data-e-type=\"widget\" data-widget_type=\"heading.default\">\n\t\t\t\t<div class=\"elementor-widget-container\">\n\t\t\t\t\t<h2 class=\"elementor-heading-title elementor-size-default\">A PSI-Polymer Systems, Inc. apresenta o novo trocador de tela de retrolavagem cont\u00ednua Hickory, NC (7 de dezembro de 2004)<\/h2>\t\t\t\t<\/div>\n\t\t\t\t<\/div>\n\t\t\t\t<div class=\"elementor-element elementor-element-50830895 elementor-widget elementor-widget-text-editor\" data-id=\"50830895\" data-element_type=\"widget\" data-e-type=\"widget\" data-widget_type=\"text-editor.default\">\n\t\t\t\t<div class=\"elementor-widget-container\">\n\t\t\t\t\t\t\t\t\t<p>A PSI-Polymer Systems Inc. lan\u00e7ou um novo Trocador de Tela de Retrolavagem Cont\u00ednua (CSC\/BF), projetado para filtragem de pol\u00edmero altamente confi\u00e1vel em uma ampla variedade de aplica\u00e7\u00f5es de extrus\u00e3o.<\/p><p>Apresentando um design exclusivo, o novo CSC\/BF permite aumentar a vida \u00fatil da tela de filtragem em pelo menos 25 vezes em rela\u00e7\u00e3o aos projetos t\u00edpicos de trocadores de tela cont\u00ednuos. Maior vida \u00fatil da tela significa trocas de tela menos frequentes devido ao entupimento de contaminantes no pl\u00e1stico fundido. Isso se traduz em muito menos tempo de inatividade, o que significa maior confiabilidade e maior produtividade para os processadores. Outro benef\u00edcio importante do CSC\/BF \u00e9 que ele reduz a contrapress\u00e3o na extrusora para uma press\u00e3o muito menor, permitindo assim um aumento da produ\u00e7\u00e3o \u2013 tanto quanto um aumento de 50% em alguns materiais e processos.<\/p><p>\u201cA ideia por tr\u00e1s de qualquer projeto de troca de tela cont\u00ednua \u00e9 permitir uma produ\u00e7\u00e3o constante com tempo de inatividade m\u00ednimo absoluto\u201d, disse Glenn Woodcock, presidente da PSI. \u201cAo dividir o fluxo de pol\u00edmero em dois fluxos, os processadores podem trocar uma tela entupida sem interromper a produ\u00e7\u00e3o.\u201d<\/p><p>\u201cEsta nova unidade de backflush leva este conceito a um novo n\u00edvel. Ao purgar automaticamente os contaminantes de telas entupidas, ele aumenta drasticamente a vida \u00fatil da tela. Este produto funcionar\u00e1 por muito mais tempo sem a necessidade de manuten\u00e7\u00e3o do que qualquer troca-telas convencional.\u201d<\/p><p><u>Como funciona<\/u><\/p><p>Como o Trocador de Tela Cont\u00ednuo existente da PSI, o novo CSC\/BF divide o pol\u00edmero de entrada em dois fluxos, ambos sendo filtrados nos pist\u00f5es superior e inferior. Ao contr\u00e1rio do design CSC, no entanto, o CSC\/BF possui duas cavidades de filtragem em cada pist\u00e3o, permitindo o dobro da filtragem do design CSC de tamanho compar\u00e1vel.\u00a0<\/p><p>O aspecto mais exclusivo do CSC\/BF \u00e9 a capacidade de \u201creciclagem\u201d ou maximiza\u00e7\u00e3o da vida \u00fatil da tela automaticamente. Quando a press\u00e3o a montante aumenta devido a um alto n\u00edvel de contaminante no pol\u00edmero, o controle PLC aciona automaticamente cada pist\u00e3o para sua posi\u00e7\u00e3o de retrolavagem, permitindo que a press\u00e3o empurre os contaminantes para fora da tela suja. Os contaminantes s\u00e3o purgados das portas na carca\u00e7a. Uma vez que a sequ\u00eancia de backflush ocorre, as telas \u201crecicladas\u201d retornam \u00e0 posi\u00e7\u00e3o inicial at\u00e9 que a sequ\u00eancia ocorra novamente.<\/p><p><u>Recursos e benef\u00edcios do CSC\/BF<\/u><\/p><p>Como a linha de CSCs da PSI, o novo CSC\/BF \u00e9 garantido para operar sem vazamentos em press\u00f5es de at\u00e9 10.000 psi e temperaturas de at\u00e9 650\u00b0F. Todas as pe\u00e7as s\u00e3o fabricadas de acordo com as normas ISO-9002. Seu design robusto oferece excelente resist\u00eancia ao desgaste e, sem veda\u00e7\u00f5es ou pe\u00e7as de contato, praticamente n\u00e3o h\u00e1 necessidade de manuten\u00e7\u00e3o al\u00e9m da troca ocasional de tela.\u00a0<\/p><p>As aplica\u00e7\u00f5es t\u00edpicas para o novo trocador de tela CSC\/BF incluem reciclagem, folha, filme soprado e filme fundido, composi\u00e7\u00e3o, peletiza\u00e7\u00e3o subaqu\u00e1tica e peletiza\u00e7\u00e3o de fios, revestimento de extrus\u00e3o, tubos e perfis, fios e cabos e outros. Cinco tamanhos padr\u00e3o de trocadores de tela de retrolavagem s\u00e3o oferecidos pela PSI, com sa\u00eddas que variam de 1.000 a 10.000 lbs\/h.<\/p>\t\t\t\t\t\t\t\t<\/div>\n\t\t\t\t<\/div>\n\t\t\t\t\t<\/div>\n\t\t<\/div>\n\t\t\t\t<div class=\"elementor-column elementor-col-50 elementor-top-column elementor-element elementor-element-425ff125\" data-id=\"425ff125\" data-element_type=\"column\" data-e-type=\"column\">\n\t\t\t<div class=\"elementor-widget-wrap\">\n\t\t\t\t\t\t\t<\/div>\n\t\t<\/div>\n\t\t\t\t\t<\/div>\n\t\t<\/section>\n\t\t\t\t<\/div>","protected":false},"excerpt":{"rendered":"<p>PSI-Polymer Systems, Inc. apresenta o novo trocador de tela de retrolavagem cont\u00ednua Hickory, NC (7 de dezembro de 2004) A PSI-Polymer Systems Inc. introduziu um novo trocador de tela de retrolavagem cont\u00ednuo (CSC\/BF), projetado para filtragem de pol\u00edmero altamente confi\u00e1vel em um ampla variedade de aplica\u00e7\u00f5es de extrus\u00e3o. Com um design exclusivo, o novo CSC\/BF permite aumentar a vida \u00fatil da tela de filtragem em pelo menos [\u2026]<\/p>","protected":false},"author":2,"featured_media":0,"parent":5833,"menu_order":0,"comment_status":"closed","ping_status":"closed","template":"","meta":{"_monsterinsights_skip_tracking":false,"_monsterinsights_sitenote_active":false,"_monsterinsights_sitenote_note":"","_monsterinsights_sitenote_category":0,"footnotes":""},"class_list":["post-6068","page","type-page","status-publish","hentry"],"yoast_head":"<!-- This site is optimized with the Yoast SEO Premium plugin v25.0 (Yoast SEO v25.0) - https:\/\/yoast.com\/wordpress\/plugins\/seo\/ -->\n<title>PSI-Polymer Systems Inc. Introduces New Continuous Backflush Screen Changer Hickory, NC (December 7, 2004) - PSI-Polymer Systems<\/title>\n<meta name=\"robots\" content=\"index, follow, max-snippet:-1, max-image-preview:large, max-video-preview:-1\" \/>\n<link rel=\"canonical\" href=\"https:\/\/www.psi-polymersystems.com\/pt\/about-us\/press-releases\/psi-polymer-systems-inc-introduces-new-continuous-backflush-screen-changer-hickory-nc-december-7-2004\/\" \/>\n<meta property=\"og:locale\" content=\"pt_PT\" \/>\n<meta property=\"og:type\" content=\"article\" \/>\n<meta property=\"og:title\" content=\"PSI-Polymer Systems Inc. Introduces New Continuous Backflush Screen Changer Hickory, NC (December 7, 2004)\" \/>\n<meta property=\"og:description\" content=\"PSI-Polymer Systems, Inc. Introduces New Continuous Backflush Screen Changer Hickory, NC (December 7, 2004) PSI-Polymer Systems Inc. has introduced a new\" \/>\n<meta property=\"og:url\" content=\"https:\/\/www.psi-polymersystems.com\/pt\/about-us\/press-releases\/psi-polymer-systems-inc-introduces-new-continuous-backflush-screen-changer-hickory-nc-december-7-2004\/\" \/>\n<meta property=\"og:site_name\" content=\"PSI-Polymer Systems\" \/>\n<meta property=\"article:publisher\" content=\"https:\/\/www.facebook.com\/psipolymersystems\/\" \/>\n<meta property=\"article:modified_time\" content=\"2020-09-23T17:23:42+00:00\" \/>\n<meta name=\"twitter:card\" content=\"summary_large_image\" \/>\n<meta name=\"twitter:label1\" content=\"Tempo estimado de leitura\" \/>\n\t<meta name=\"twitter:data1\" content=\"2 minutos\" \/>\n<script type=\"application\/ld+json\" class=\"yoast-schema-graph\">{\"@context\":\"https:\/\/schema.org\",\"@graph\":[{\"@type\":\"WebPage\",\"@id\":\"https:\/\/www.psi-polymersystems.com\/about-us\/press-releases\/psi-polymer-systems-inc-introduces-new-continuous-backflush-screen-changer-hickory-nc-december-7-2004\/\",\"url\":\"https:\/\/www.psi-polymersystems.com\/about-us\/press-releases\/psi-polymer-systems-inc-introduces-new-continuous-backflush-screen-changer-hickory-nc-december-7-2004\/\",\"name\":\"PSI-Polymer Systems Inc. Introduces New Continuous Backflush Screen Changer Hickory, NC (December 7, 2004) - PSI-Polymer Systems\",\"isPartOf\":{\"@id\":\"https:\/\/www.psi-polymersystems.com\/#website\"},\"datePublished\":\"2020-09-23T17:21:49+00:00\",\"dateModified\":\"2020-09-23T17:23:42+00:00\",\"breadcrumb\":{\"@id\":\"https:\/\/www.psi-polymersystems.com\/about-us\/press-releases\/psi-polymer-systems-inc-introduces-new-continuous-backflush-screen-changer-hickory-nc-december-7-2004\/#breadcrumb\"},\"inLanguage\":\"pt-PT\",\"potentialAction\":[{\"@type\":\"ReadAction\",\"target\":[\"https:\/\/www.psi-polymersystems.com\/about-us\/press-releases\/psi-polymer-systems-inc-introduces-new-continuous-backflush-screen-changer-hickory-nc-december-7-2004\/\"]}]},{\"@type\":\"BreadcrumbList\",\"@id\":\"https:\/\/www.psi-polymersystems.com\/about-us\/press-releases\/psi-polymer-systems-inc-introduces-new-continuous-backflush-screen-changer-hickory-nc-december-7-2004\/#breadcrumb\",\"itemListElement\":[{\"@type\":\"ListItem\",\"position\":1,\"name\":\"Home\",\"item\":\"https:\/\/www.psi-polymersystems.com\/\"},{\"@type\":\"ListItem\",\"position\":2,\"name\":\"About Us\",\"item\":\"https:\/\/www.psi-polymersystems.com\/about-us\/\"},{\"@type\":\"ListItem\",\"position\":3,\"name\":\"Press Releases\",\"item\":\"https:\/\/www.psi-polymersystems.com\/about-us\/press-releases\/\"},{\"@type\":\"ListItem\",\"position\":4,\"name\":\"PSI-Polymer Systems Inc. Introduces New Continuous Backflush Screen Changer Hickory, NC (December 7, 2004)\"}]},{\"@type\":\"WebSite\",\"@id\":\"https:\/\/www.psi-polymersystems.com\/#website\",\"url\":\"https:\/\/www.psi-polymersystems.com\/\",\"name\":\"PSI-Polymer Systems\",\"description\":\"\",\"publisher\":{\"@id\":\"https:\/\/www.psi-polymersystems.com\/#organization\"},\"potentialAction\":[{\"@type\":\"SearchAction\",\"target\":{\"@type\":\"EntryPoint\",\"urlTemplate\":\"https:\/\/www.psi-polymersystems.com\/?s={search_term_string}\"},\"query-input\":{\"@type\":\"PropertyValueSpecification\",\"valueRequired\":true,\"valueName\":\"search_term_string\"}}],\"inLanguage\":\"pt-PT\"},{\"@type\":\"Organization\",\"@id\":\"https:\/\/www.psi-polymersystems.com\/#organization\",\"name\":\"PSI-Polymer Systems, Inc.\",\"url\":\"https:\/\/www.psi-polymersystems.com\/\",\"logo\":{\"@type\":\"ImageObject\",\"inLanguage\":\"pt-PT\",\"@id\":\"https:\/\/www.psi-polymersystems.com\/#\/schema\/logo\/image\/\",\"url\":\"\",\"contentUrl\":\"\",\"caption\":\"PSI-Polymer Systems, Inc.\"},\"image\":{\"@id\":\"https:\/\/www.psi-polymersystems.com\/#\/schema\/logo\/image\/\"},\"sameAs\":[\"https:\/\/www.facebook.com\/psipolymersystems\/\",\"https:\/\/www.linkedin.com\/showcase\/psi-polymer-systems\"]}]}<\/script>\n<!-- \/ Yoast SEO Premium plugin. -->","yoast_head_json":{"title":"PSI-Polymer Systems Inc. Introduces New Continuous Backflush Screen Changer Hickory, NC (December 7, 2004) - PSI-Polymer Systems","robots":{"index":"index","follow":"follow","max-snippet":"max-snippet:-1","max-image-preview":"max-image-preview:large","max-video-preview":"max-video-preview:-1"},"canonical":"https:\/\/www.psi-polymersystems.com\/pt\/about-us\/press-releases\/psi-polymer-systems-inc-introduces-new-continuous-backflush-screen-changer-hickory-nc-december-7-2004\/","og_locale":"pt_PT","og_type":"article","og_title":"PSI-Polymer Systems Inc. Introduces New Continuous Backflush Screen Changer Hickory, NC (December 7, 2004)","og_description":"PSI-Polymer Systems, Inc. Introduces New Continuous Backflush Screen Changer Hickory, NC (December 7, 2004) PSI-Polymer Systems Inc. has introduced a new","og_url":"https:\/\/www.psi-polymersystems.com\/pt\/about-us\/press-releases\/psi-polymer-systems-inc-introduces-new-continuous-backflush-screen-changer-hickory-nc-december-7-2004\/","og_site_name":"PSI-Polymer Systems","article_publisher":"https:\/\/www.facebook.com\/psipolymersystems\/","article_modified_time":"2020-09-23T17:23:42+00:00","twitter_card":"summary_large_image","twitter_misc":{"Tempo estimado de leitura":"2 minutos"},"schema":{"@context":"https:\/\/schema.org","@graph":[{"@type":"WebPage","@id":"https:\/\/www.psi-polymersystems.com\/about-us\/press-releases\/psi-polymer-systems-inc-introduces-new-continuous-backflush-screen-changer-hickory-nc-december-7-2004\/","url":"https:\/\/www.psi-polymersystems.com\/about-us\/press-releases\/psi-polymer-systems-inc-introduces-new-continuous-backflush-screen-changer-hickory-nc-december-7-2004\/","name":"PSI-Polymer Systems Inc. Introduces New Continuous Backflush Screen Changer Hickory, NC (December 7, 2004) - PSI-Polymer Systems","isPartOf":{"@id":"https:\/\/www.psi-polymersystems.com\/#website"},"datePublished":"2020-09-23T17:21:49+00:00","dateModified":"2020-09-23T17:23:42+00:00","breadcrumb":{"@id":"https:\/\/www.psi-polymersystems.com\/about-us\/press-releases\/psi-polymer-systems-inc-introduces-new-continuous-backflush-screen-changer-hickory-nc-december-7-2004\/#breadcrumb"},"inLanguage":"pt-PT","potentialAction":[{"@type":"ReadAction","target":["https:\/\/www.psi-polymersystems.com\/about-us\/press-releases\/psi-polymer-systems-inc-introduces-new-continuous-backflush-screen-changer-hickory-nc-december-7-2004\/"]}]},{"@type":"BreadcrumbList","@id":"https:\/\/www.psi-polymersystems.com\/about-us\/press-releases\/psi-polymer-systems-inc-introduces-new-continuous-backflush-screen-changer-hickory-nc-december-7-2004\/#breadcrumb","itemListElement":[{"@type":"ListItem","position":1,"name":"Home","item":"https:\/\/www.psi-polymersystems.com\/"},{"@type":"ListItem","position":2,"name":"About Us","item":"https:\/\/www.psi-polymersystems.com\/about-us\/"},{"@type":"ListItem","position":3,"name":"Press Releases","item":"https:\/\/www.psi-polymersystems.com\/about-us\/press-releases\/"},{"@type":"ListItem","position":4,"name":"PSI-Polymer Systems Inc. Introduces New Continuous Backflush Screen Changer Hickory, NC (December 7, 2004)"}]},{"@type":"WebSite","@id":"https:\/\/www.psi-polymersystems.com\/#website","url":"https:\/\/www.psi-polymersystems.com\/","name":"PSI-Polymer Systems","description":"","publisher":{"@id":"https:\/\/www.psi-polymersystems.com\/#organization"},"potentialAction":[{"@type":"SearchAction","target":{"@type":"EntryPoint","urlTemplate":"https:\/\/www.psi-polymersystems.com\/?s={search_term_string}"},"query-input":{"@type":"PropertyValueSpecification","valueRequired":true,"valueName":"search_term_string"}}],"inLanguage":"pt-PT"},{"@type":"Organization","@id":"https:\/\/www.psi-polymersystems.com\/#organization","name":"PSI-Polymer Systems, Inc.","url":"https:\/\/www.psi-polymersystems.com\/","logo":{"@type":"ImageObject","inLanguage":"pt-PT","@id":"https:\/\/www.psi-polymersystems.com\/#\/schema\/logo\/image\/","url":"","contentUrl":"","caption":"PSI-Polymer Systems, Inc."},"image":{"@id":"https:\/\/www.psi-polymersystems.com\/#\/schema\/logo\/image\/"},"sameAs":["https:\/\/www.facebook.com\/psipolymersystems\/","https:\/\/www.linkedin.com\/showcase\/psi-polymer-systems"]}]}},"_links":{"self":[{"href":"https:\/\/www.psi-polymersystems.com\/pt\/wp-json\/wp\/v2\/pages\/6068","targetHints":{"allow":["GET"]}}],"collection":[{"href":"https:\/\/www.psi-polymersystems.com\/pt\/wp-json\/wp\/v2\/pages"}],"about":[{"href":"https:\/\/www.psi-polymersystems.com\/pt\/wp-json\/wp\/v2\/types\/page"}],"author":[{"embeddable":true,"href":"https:\/\/www.psi-polymersystems.com\/pt\/wp-json\/wp\/v2\/users\/2"}],"replies":[{"embeddable":true,"href":"https:\/\/www.psi-polymersystems.com\/pt\/wp-json\/wp\/v2\/comments?post=6068"}],"version-history":[{"count":0,"href":"https:\/\/www.psi-polymersystems.com\/pt\/wp-json\/wp\/v2\/pages\/6068\/revisions"}],"up":[{"embeddable":true,"href":"https:\/\/www.psi-polymersystems.com\/pt\/wp-json\/wp\/v2\/pages\/5833"}],"wp:attachment":[{"href":"https:\/\/www.psi-polymersystems.com\/pt\/wp-json\/wp\/v2\/media?parent=6068"}],"curies":[{"name":"wp","href":"https:\/\/api.w.org\/{rel}","templated":true}]}}