{"id":6072,"date":"2020-09-23T17:26:35","date_gmt":"2020-09-23T17:26:35","guid":{"rendered":"https:\/\/psi-polymersystems.com\/?page_id=6072"},"modified":"2020-09-23T18:15:04","modified_gmt":"2020-09-23T18:15:04","slug":"psi-polymer-systems-inc-introduces-new-8-inch-hydraulic-screen-changer-hickory-nc-february-5-2004","status":"publish","type":"page","link":"https:\/\/www.psi-polymersystems.com\/pt\/about-us\/press-releases\/psi-polymer-systems-inc-introduces-new-8-inch-hydraulic-screen-changer-hickory-nc-february-5-2004\/","title":{"rendered":"A PSI-Polymer Systems Inc. apresenta o novo trocador de tela hidr\u00e1ulico de 8 polegadas Hickory, NC (5 de fevereiro de 2004)"},"content":{"rendered":"<div data-elementor-type=\"wp-page\" data-elementor-id=\"6072\" class=\"elementor elementor-6072\" data-elementor-post-type=\"page\">\n\t\t\t\t\t\t<section class=\"elementor-section elementor-top-section elementor-element elementor-element-792ff61b elementor-section-boxed elementor-section-height-default elementor-section-height-default\" data-id=\"792ff61b\" data-element_type=\"section\" data-e-type=\"section\">\n\t\t\t\t\t\t<div class=\"elementor-container elementor-column-gap-default\">\n\t\t\t\t\t<div class=\"elementor-column elementor-col-50 elementor-top-column elementor-element elementor-element-56840635\" data-id=\"56840635\" data-element_type=\"column\" data-e-type=\"column\">\n\t\t\t<div class=\"elementor-widget-wrap elementor-element-populated\">\n\t\t\t\t\t\t<div class=\"elementor-element elementor-element-48e1c01c elementor-widget elementor-widget-heading\" data-id=\"48e1c01c\" data-element_type=\"widget\" data-e-type=\"widget\" data-widget_type=\"heading.default\">\n\t\t\t\t<div class=\"elementor-widget-container\">\n\t\t\t\t\t<h2 class=\"elementor-heading-title elementor-size-default\">A PSI-Polymer Systems, Inc. apresenta o novo trocador de tela hidr\u00e1ulico de 8 polegadas Hickory, NC (5 de fevereiro de 2004)<\/h2>\t\t\t\t<\/div>\n\t\t\t\t<\/div>\n\t\t\t\t<div class=\"elementor-element elementor-element-67ddb8f0 elementor-widget elementor-widget-text-editor\" data-id=\"67ddb8f0\" data-element_type=\"widget\" data-e-type=\"widget\" data-widget_type=\"text-editor.default\">\n\t\t\t\t<div class=\"elementor-widget-container\">\n\t\t\t\t\t\t\t\t\t<p>A PSI-Polymer Systems Inc. lan\u00e7ou um novo produto, um trocador de tela hidr\u00e1ulico de 8\u201d para filtragem de pol\u00edmeros em grandes aplica\u00e7\u00f5es de extrus\u00e3o.<\/p><p>Chamado de HSC-80, este novo produto foi projetado e est\u00e1 sendo fabricado nos EUA na sede da PSI em Hickory, Carolina do Norte, com embarques a partir de abril de 2004. Ele foi projetado para uso em linhas de composi\u00e7\u00e3o maiores e por causa de sua grande \u00e1rea de filtragem, \u00e9 ideal para uso em extrusoras menores (4 \u00bd\u201d ou 6\u201d) que est\u00e3o executando altos n\u00edveis de material reciclado.\u00a0<\/p><p><u>Desenhado por Bart Jones, \u201cThe Screen Changer Man\u201d<\/u><\/p><p>Os veteranos da ind\u00fastria n\u00e3o precisam de introdu\u00e7\u00e3o ao projetista deste novo sistema. Bart Jones est\u00e1 envolvido em vendas, marketing e design de trocadores de tela inovadores desde o in\u00edcio dos anos 80. Ele come\u00e7ou na Beringer e depois foi o fundador e presidente da Extek, Inc. em Marblehead, Massachusetts, que acabou sendo adquirida pela Dynisco, Inc. Quando Glenn Woodcock, outro veterano da ind\u00fastria e amigo de Jones decidiu iniciar a PSI-Polymer Systems , ele decidiu trazer Jones a bordo com o t\u00edtulo \u2013 n\u00e3o estamos inventando isso \u2013 \u201cThe Screen Changer Man\u201d.<\/p><p>\u201cConsultor\u201d parece bastante chato\u201d, disse Jones. \u201cAl\u00e9m disso, os trocadores de tela s\u00e3o minha especialidade e estou associado \u00e0 ind\u00fastria de pl\u00e1sticos, ent\u00e3o quando Glenn me ofereceu um cargo em sua empresa, decidimos nos divertir e manter meu t\u00edtulo simples e direto ao ponto.\u201d\u00a0<\/p><p>De acordo com Woodcock, ele e Jones se uniram para fornecer \u00e0 ind\u00fastria uma fonte alternativa de alta qualidade de equipamentos auxiliares de extrus\u00e3o, com sede nos EUA e que oferece aos clientes o benef\u00edcio de anos de experi\u00eancia. Antes de fundar a PSI, Woodcock trabalhou durante anos para a Zenith, fornecedora de bombas de engrenagem, e para a Dynisco.\u00a0<\/p><p>\u201cEu queria construir sistemas que combinassem as melhores propriedades de nossa base de conhecimento\u201d, disse ele. \u201cBart e eu temos muitos anos de experi\u00eancia no projeto, constru\u00e7\u00e3o, venda e manuten\u00e7\u00e3o de equipamentos de extrus\u00e3o, incluindo trocadores de tela e bombas de engrenagem. Sabemos o que funciona e o que n\u00e3o funciona e estamos empolgados em oferecer \u00e0 ind\u00fastria novos sistemas que acreditamos oferecer o melhor valor.\u201d<\/p><p><u>Recursos e benef\u00edcios do HSC-80<\/u><\/p><p>Com o novo HSC-80, a PSI agora oferece uma vers\u00e3o ampliada dos quatro modelos menores de troca-telas hidr\u00e1ulicos da empresa. Uma diferen\u00e7a \u00e9 devido ao seu tamanho, o HSC-80 n\u00e3o \u00e9 um design \u201cparafusado\u201d; ele ser\u00e1 conectado diretamente a um flange na extrusora, com parafusos passando pelo flange. As caracter\u00edsticas incluem o selo c\u00f4nico segmentado patenteado da PSI, que, de acordo com Jones, \u201cproduziu resultados perfeitos desde sua introdu\u00e7\u00e3o no ver\u00e3o de 2003\u201d. Essas veda\u00e7\u00f5es ativadas por press\u00e3o operam sem vazamentos at\u00e9 10.000 psi e s\u00e3o projetadas para eliminar \u00e1reas de reten\u00e7\u00e3o de material, eliminando assim a degrada\u00e7\u00e3o e o ac\u00famulo de gel causado em outros trocadores de tela do tipo placa deslizante. Como o conjunto de veda\u00e7\u00e3o \u00e9 feito de todas as pe\u00e7as de a\u00e7o (sem Teflon), a PSI est\u00e1 confiante em oferecer uma garantia vital\u00edcia em todas as pe\u00e7as de veda\u00e7\u00e3o em temperaturas de processo entre 70\u00b0F e 700\u00b0F.<\/p><p>Al\u00e9m disso, como todos os trocadores de tela hidr\u00e1ulicos PSI, o HSC-80 possui aquecedores de placas deslizantes controlados por PLC que requerem apenas uma zona de controle de temperatura, em oposi\u00e7\u00e3o a tr\u00eas zonas que normalmente s\u00e3o exigidas nos projetos dos concorrentes. Al\u00e9m disso, o sistema \u00e9 projetado para seguran\u00e7a; as prote\u00e7\u00f5es do operador s\u00e3o robustas, bem ajustadas e resistentes a adultera\u00e7\u00f5es, e protegem os operadores dos riscos de ferimentos causados por queimaduras por pulveriza\u00e7\u00e3o de pol\u00edmero ou les\u00f5es mec\u00e2nicas.<\/p><p>As aplica\u00e7\u00f5es t\u00edpicas para o novo trocador de tela HSC-80 incluem folha, filme soprado e filme fundido, composi\u00e7\u00e3o, peletiza\u00e7\u00e3o subaqu\u00e1tica e peletiza\u00e7\u00e3o de fios, revestimento de extrus\u00e3o, tubos e perfis, fios e cabos e outros.\u00a0<\/p>\t\t\t\t\t\t\t\t<\/div>\n\t\t\t\t<\/div>\n\t\t\t\t\t<\/div>\n\t\t<\/div>\n\t\t\t\t<div class=\"elementor-column elementor-col-50 elementor-top-column elementor-element elementor-element-5db6567c\" data-id=\"5db6567c\" data-element_type=\"column\" data-e-type=\"column\">\n\t\t\t<div class=\"elementor-widget-wrap\">\n\t\t\t\t\t\t\t<\/div>\n\t\t<\/div>\n\t\t\t\t\t<\/div>\n\t\t<\/section>\n\t\t\t\t<\/div>","protected":false},"excerpt":{"rendered":"<p>PSI-Polymer Systems, Inc. apresenta novo trocador de tela hidr\u00e1ulico de 8 polegadas Hickory, NC (5 de fevereiro de 2004) A PSI-Polymer Systems Inc. lan\u00e7ou um novo produto, um trocador de tela hidr\u00e1ulico de 8\u201d para filtragem de pol\u00edmeros em grandes aplica\u00e7\u00f5es de extrus\u00e3o. Chamado de HSC-80, este novo produto foi projetado e atualmente est\u00e1 sendo fabricado nos EUA na sede da PSI em [\u2026]<\/p>","protected":false},"author":2,"featured_media":0,"parent":5833,"menu_order":0,"comment_status":"closed","ping_status":"closed","template":"","meta":{"_monsterinsights_skip_tracking":false,"_monsterinsights_sitenote_active":false,"_monsterinsights_sitenote_note":"","_monsterinsights_sitenote_category":0,"footnotes":""},"class_list":["post-6072","page","type-page","status-publish","hentry"],"yoast_head":"<!-- This site is optimized with the Yoast SEO Premium plugin v25.0 (Yoast SEO v25.0) - https:\/\/yoast.com\/wordpress\/plugins\/seo\/ -->\n<title>PSI-Polymer Systems Inc. Introduces New 8-Inch Hydraulic Screen Changer Hickory, NC (February 5, 2004) - PSI-Polymer Systems<\/title>\n<meta name=\"robots\" content=\"index, follow, max-snippet:-1, max-image-preview:large, max-video-preview:-1\" \/>\n<link rel=\"canonical\" href=\"https:\/\/www.psi-polymersystems.com\/pt\/about-us\/press-releases\/psi-polymer-systems-inc-introduces-new-8-inch-hydraulic-screen-changer-hickory-nc-february-5-2004\/\" \/>\n<meta property=\"og:locale\" content=\"pt_PT\" \/>\n<meta property=\"og:type\" content=\"article\" \/>\n<meta property=\"og:title\" content=\"PSI-Polymer Systems Inc. Introduces New 8-Inch Hydraulic Screen Changer Hickory, NC (February 5, 2004)\" \/>\n<meta property=\"og:description\" content=\"PSI-Polymer Systems, Inc. Introduces New 8-inch Hydraulic Screen Changer Hickory, NC (February 5, 2004) PSI-Polymer Systems Inc. has introduced a new\" \/>\n<meta property=\"og:url\" content=\"https:\/\/www.psi-polymersystems.com\/pt\/about-us\/press-releases\/psi-polymer-systems-inc-introduces-new-8-inch-hydraulic-screen-changer-hickory-nc-february-5-2004\/\" \/>\n<meta property=\"og:site_name\" content=\"PSI-Polymer Systems\" \/>\n<meta property=\"article:publisher\" content=\"https:\/\/www.facebook.com\/psipolymersystems\/\" \/>\n<meta property=\"article:modified_time\" content=\"2020-09-23T18:15:04+00:00\" \/>\n<meta name=\"twitter:card\" content=\"summary_large_image\" \/>\n<meta name=\"twitter:label1\" content=\"Tempo estimado de leitura\" \/>\n\t<meta name=\"twitter:data1\" content=\"3 minutos\" \/>\n<script type=\"application\/ld+json\" class=\"yoast-schema-graph\">{\"@context\":\"https:\/\/schema.org\",\"@graph\":[{\"@type\":\"WebPage\",\"@id\":\"https:\/\/www.psi-polymersystems.com\/about-us\/press-releases\/psi-polymer-systems-inc-introduces-new-8-inch-hydraulic-screen-changer-hickory-nc-february-5-2004\/\",\"url\":\"https:\/\/www.psi-polymersystems.com\/about-us\/press-releases\/psi-polymer-systems-inc-introduces-new-8-inch-hydraulic-screen-changer-hickory-nc-february-5-2004\/\",\"name\":\"PSI-Polymer Systems Inc. Introduces New 8-Inch Hydraulic Screen Changer Hickory, NC (February 5, 2004) - PSI-Polymer Systems\",\"isPartOf\":{\"@id\":\"https:\/\/www.psi-polymersystems.com\/#website\"},\"datePublished\":\"2020-09-23T17:26:35+00:00\",\"dateModified\":\"2020-09-23T18:15:04+00:00\",\"breadcrumb\":{\"@id\":\"https:\/\/www.psi-polymersystems.com\/about-us\/press-releases\/psi-polymer-systems-inc-introduces-new-8-inch-hydraulic-screen-changer-hickory-nc-february-5-2004\/#breadcrumb\"},\"inLanguage\":\"pt-PT\",\"potentialAction\":[{\"@type\":\"ReadAction\",\"target\":[\"https:\/\/www.psi-polymersystems.com\/about-us\/press-releases\/psi-polymer-systems-inc-introduces-new-8-inch-hydraulic-screen-changer-hickory-nc-february-5-2004\/\"]}]},{\"@type\":\"BreadcrumbList\",\"@id\":\"https:\/\/www.psi-polymersystems.com\/about-us\/press-releases\/psi-polymer-systems-inc-introduces-new-8-inch-hydraulic-screen-changer-hickory-nc-february-5-2004\/#breadcrumb\",\"itemListElement\":[{\"@type\":\"ListItem\",\"position\":1,\"name\":\"Home\",\"item\":\"https:\/\/www.psi-polymersystems.com\/\"},{\"@type\":\"ListItem\",\"position\":2,\"name\":\"About Us\",\"item\":\"https:\/\/www.psi-polymersystems.com\/about-us\/\"},{\"@type\":\"ListItem\",\"position\":3,\"name\":\"Press Releases\",\"item\":\"https:\/\/www.psi-polymersystems.com\/about-us\/press-releases\/\"},{\"@type\":\"ListItem\",\"position\":4,\"name\":\"PSI-Polymer Systems Inc. Introduces New 8-Inch Hydraulic Screen Changer Hickory, NC (February 5, 2004)\"}]},{\"@type\":\"WebSite\",\"@id\":\"https:\/\/www.psi-polymersystems.com\/#website\",\"url\":\"https:\/\/www.psi-polymersystems.com\/\",\"name\":\"PSI-Polymer Systems\",\"description\":\"\",\"publisher\":{\"@id\":\"https:\/\/www.psi-polymersystems.com\/#organization\"},\"potentialAction\":[{\"@type\":\"SearchAction\",\"target\":{\"@type\":\"EntryPoint\",\"urlTemplate\":\"https:\/\/www.psi-polymersystems.com\/?s={search_term_string}\"},\"query-input\":{\"@type\":\"PropertyValueSpecification\",\"valueRequired\":true,\"valueName\":\"search_term_string\"}}],\"inLanguage\":\"pt-PT\"},{\"@type\":\"Organization\",\"@id\":\"https:\/\/www.psi-polymersystems.com\/#organization\",\"name\":\"PSI-Polymer Systems, Inc.\",\"url\":\"https:\/\/www.psi-polymersystems.com\/\",\"logo\":{\"@type\":\"ImageObject\",\"inLanguage\":\"pt-PT\",\"@id\":\"https:\/\/www.psi-polymersystems.com\/#\/schema\/logo\/image\/\",\"url\":\"\",\"contentUrl\":\"\",\"caption\":\"PSI-Polymer Systems, Inc.\"},\"image\":{\"@id\":\"https:\/\/www.psi-polymersystems.com\/#\/schema\/logo\/image\/\"},\"sameAs\":[\"https:\/\/www.facebook.com\/psipolymersystems\/\",\"https:\/\/www.linkedin.com\/showcase\/psi-polymer-systems\"]}]}<\/script>\n<!-- \/ Yoast SEO Premium plugin. -->","yoast_head_json":{"title":"PSI-Polymer Systems Inc. Introduces New 8-Inch Hydraulic Screen Changer Hickory, NC (February 5, 2004) - PSI-Polymer Systems","robots":{"index":"index","follow":"follow","max-snippet":"max-snippet:-1","max-image-preview":"max-image-preview:large","max-video-preview":"max-video-preview:-1"},"canonical":"https:\/\/www.psi-polymersystems.com\/pt\/about-us\/press-releases\/psi-polymer-systems-inc-introduces-new-8-inch-hydraulic-screen-changer-hickory-nc-february-5-2004\/","og_locale":"pt_PT","og_type":"article","og_title":"PSI-Polymer Systems Inc. Introduces New 8-Inch Hydraulic Screen Changer Hickory, NC (February 5, 2004)","og_description":"PSI-Polymer Systems, Inc. Introduces New 8-inch Hydraulic Screen Changer Hickory, NC (February 5, 2004) PSI-Polymer Systems Inc. has introduced a new","og_url":"https:\/\/www.psi-polymersystems.com\/pt\/about-us\/press-releases\/psi-polymer-systems-inc-introduces-new-8-inch-hydraulic-screen-changer-hickory-nc-february-5-2004\/","og_site_name":"PSI-Polymer Systems","article_publisher":"https:\/\/www.facebook.com\/psipolymersystems\/","article_modified_time":"2020-09-23T18:15:04+00:00","twitter_card":"summary_large_image","twitter_misc":{"Tempo estimado de leitura":"3 minutos"},"schema":{"@context":"https:\/\/schema.org","@graph":[{"@type":"WebPage","@id":"https:\/\/www.psi-polymersystems.com\/about-us\/press-releases\/psi-polymer-systems-inc-introduces-new-8-inch-hydraulic-screen-changer-hickory-nc-february-5-2004\/","url":"https:\/\/www.psi-polymersystems.com\/about-us\/press-releases\/psi-polymer-systems-inc-introduces-new-8-inch-hydraulic-screen-changer-hickory-nc-february-5-2004\/","name":"PSI-Polymer Systems Inc. Introduces New 8-Inch Hydraulic Screen Changer Hickory, NC (February 5, 2004) - PSI-Polymer Systems","isPartOf":{"@id":"https:\/\/www.psi-polymersystems.com\/#website"},"datePublished":"2020-09-23T17:26:35+00:00","dateModified":"2020-09-23T18:15:04+00:00","breadcrumb":{"@id":"https:\/\/www.psi-polymersystems.com\/about-us\/press-releases\/psi-polymer-systems-inc-introduces-new-8-inch-hydraulic-screen-changer-hickory-nc-february-5-2004\/#breadcrumb"},"inLanguage":"pt-PT","potentialAction":[{"@type":"ReadAction","target":["https:\/\/www.psi-polymersystems.com\/about-us\/press-releases\/psi-polymer-systems-inc-introduces-new-8-inch-hydraulic-screen-changer-hickory-nc-february-5-2004\/"]}]},{"@type":"BreadcrumbList","@id":"https:\/\/www.psi-polymersystems.com\/about-us\/press-releases\/psi-polymer-systems-inc-introduces-new-8-inch-hydraulic-screen-changer-hickory-nc-february-5-2004\/#breadcrumb","itemListElement":[{"@type":"ListItem","position":1,"name":"Home","item":"https:\/\/www.psi-polymersystems.com\/"},{"@type":"ListItem","position":2,"name":"About Us","item":"https:\/\/www.psi-polymersystems.com\/about-us\/"},{"@type":"ListItem","position":3,"name":"Press Releases","item":"https:\/\/www.psi-polymersystems.com\/about-us\/press-releases\/"},{"@type":"ListItem","position":4,"name":"PSI-Polymer Systems Inc. Introduces New 8-Inch Hydraulic Screen Changer Hickory, NC (February 5, 2004)"}]},{"@type":"WebSite","@id":"https:\/\/www.psi-polymersystems.com\/#website","url":"https:\/\/www.psi-polymersystems.com\/","name":"PSI-Polymer Systems","description":"","publisher":{"@id":"https:\/\/www.psi-polymersystems.com\/#organization"},"potentialAction":[{"@type":"SearchAction","target":{"@type":"EntryPoint","urlTemplate":"https:\/\/www.psi-polymersystems.com\/?s={search_term_string}"},"query-input":{"@type":"PropertyValueSpecification","valueRequired":true,"valueName":"search_term_string"}}],"inLanguage":"pt-PT"},{"@type":"Organization","@id":"https:\/\/www.psi-polymersystems.com\/#organization","name":"PSI-Polymer Systems, Inc.","url":"https:\/\/www.psi-polymersystems.com\/","logo":{"@type":"ImageObject","inLanguage":"pt-PT","@id":"https:\/\/www.psi-polymersystems.com\/#\/schema\/logo\/image\/","url":"","contentUrl":"","caption":"PSI-Polymer Systems, Inc."},"image":{"@id":"https:\/\/www.psi-polymersystems.com\/#\/schema\/logo\/image\/"},"sameAs":["https:\/\/www.facebook.com\/psipolymersystems\/","https:\/\/www.linkedin.com\/showcase\/psi-polymer-systems"]}]}},"_links":{"self":[{"href":"https:\/\/www.psi-polymersystems.com\/pt\/wp-json\/wp\/v2\/pages\/6072","targetHints":{"allow":["GET"]}}],"collection":[{"href":"https:\/\/www.psi-polymersystems.com\/pt\/wp-json\/wp\/v2\/pages"}],"about":[{"href":"https:\/\/www.psi-polymersystems.com\/pt\/wp-json\/wp\/v2\/types\/page"}],"author":[{"embeddable":true,"href":"https:\/\/www.psi-polymersystems.com\/pt\/wp-json\/wp\/v2\/users\/2"}],"replies":[{"embeddable":true,"href":"https:\/\/www.psi-polymersystems.com\/pt\/wp-json\/wp\/v2\/comments?post=6072"}],"version-history":[{"count":0,"href":"https:\/\/www.psi-polymersystems.com\/pt\/wp-json\/wp\/v2\/pages\/6072\/revisions"}],"up":[{"embeddable":true,"href":"https:\/\/www.psi-polymersystems.com\/pt\/wp-json\/wp\/v2\/pages\/5833"}],"wp:attachment":[{"href":"https:\/\/www.psi-polymersystems.com\/pt\/wp-json\/wp\/v2\/media?parent=6072"}],"curies":[{"name":"wp","href":"https:\/\/api.w.org\/{rel}","templated":true}]}}