{"id":6076,"date":"2020-09-23T17:34:33","date_gmt":"2020-09-23T17:34:33","guid":{"rendered":"https:\/\/psi-polymersystems.com\/?page_id=6076"},"modified":"2020-09-23T17:37:07","modified_gmt":"2020-09-23T17:37:07","slug":"psi-polymer-systems-names-new-general-manager-conover-nc-november-20-2012","status":"publish","type":"page","link":"https:\/\/www.psi-polymersystems.com\/pt\/about-us\/press-releases\/psi-polymer-systems-names-new-general-manager-conover-nc-november-20-2012\/","title":{"rendered":"PSI-Polymer Systems nomeia novo gerente geral Conover, NC (20 de novembro de 2012)"},"content":{"rendered":"<div data-elementor-type=\"wp-page\" data-elementor-id=\"6076\" class=\"elementor elementor-6076\" data-elementor-post-type=\"page\">\n\t\t\t\t\t\t<section class=\"elementor-section elementor-top-section elementor-element elementor-element-77e2cb38 elementor-section-boxed elementor-section-height-default elementor-section-height-default\" data-id=\"77e2cb38\" data-element_type=\"section\" data-e-type=\"section\">\n\t\t\t\t\t\t<div class=\"elementor-container elementor-column-gap-default\">\n\t\t\t\t\t<div class=\"elementor-column elementor-col-50 elementor-top-column elementor-element elementor-element-4f79fa18\" data-id=\"4f79fa18\" data-element_type=\"column\" data-e-type=\"column\">\n\t\t\t<div class=\"elementor-widget-wrap elementor-element-populated\">\n\t\t\t\t\t\t<div class=\"elementor-element elementor-element-3a7a43ff elementor-widget elementor-widget-heading\" data-id=\"3a7a43ff\" data-element_type=\"widget\" data-e-type=\"widget\" data-widget_type=\"heading.default\">\n\t\t\t\t<div class=\"elementor-widget-container\">\n\t\t\t\t\t<h2 class=\"elementor-heading-title elementor-size-default\">PSI-Polymer Systems, Inc. nomeia novo gerente geral Conover, NC (20 de novembro de 2012)<\/h2>\t\t\t\t<\/div>\n\t\t\t\t<\/div>\n\t\t\t\t<div class=\"elementor-element elementor-element-796d2cd2 elementor-widget elementor-widget-text-editor\" data-id=\"796d2cd2\" data-element_type=\"widget\" data-e-type=\"widget\" data-widget_type=\"text-editor.default\">\n\t\t\t\t<div class=\"elementor-widget-container\">\n\t\t\t\t\t\t\t\t\t<p>A PSI-Polymer Systems tem o prazer de anunciar que nomeou Don Macnamara como seu novo Gerente Geral. Macnamara, um veterano da ind\u00fastria de 27 anos, se reportar\u00e1 ao propriet\u00e1rio da PSI, Glenn Woodcock, e coordenar\u00e1 o desenvolvimento estrat\u00e9gico e supervisionar\u00e1 todas as opera\u00e7\u00f5es comerciais di\u00e1rias.\u00a0\u00a0<\/p><p>A PSI-Polymer Systems \u00e9 uma fabricante l\u00edder de equipamentos de processamento de extrus\u00e3o fundidos nos EUA. A Macnamara traz para a PSI uma vasta experi\u00eancia na ind\u00fastria, tanto no setor de extrus\u00e3o quanto no manuseio de materiais secos. Mais recentemente, ele trabalhou nos \u00faltimos dez anos com a Conair, l\u00edder mundial em equipamentos auxiliares &#039;secos&#039;. L\u00e1, ele desenvolveu e implementou iniciativas estrat\u00e9gicas de neg\u00f3cios, incluindo o grupo Conair&#039;s Film &amp; Sheet, onde recentemente atuou como gerente geral e gerente nacional de vendas. Antes disso, foi diretor de vendas da Merritt-Davis, agora parte da Davis Standard.\u00a0<\/p><p>Nos primeiros 15 anos de sua carreira, foi diretor global de vendas e marketing da Beringer, onde trabalhou com Bart Jones, fundador da Extek e um dos colaboradores fundadores da PSI-Polymer Systems. Na Beringer, Macnamara orientou a dire\u00e7\u00e3o da linha de produtos, estabeleceu a Beringer Europe e aumentou a base asi\u00e1tica da empresa.\u00a0<br \/><br \/>\u201cEste \u00e9 realmente um momento emocionante para pequenas empresas em nosso setor\u201d, disse Macnamara. \u201cPSI-Polymer Systems demonstra as melhores qualidades de uma nova classe empresarial. O senso de urg\u00eancia, capacidade de resposta e abertura da empresa a novas ideias e mudan\u00e7as permeia sua cultura em todos os n\u00edveis. \u00c9 emocionante e um privil\u00e9gio juntar-se \u00e0 PSI-Polymer Systems neste momento de crescimento, especialmente com a aceita\u00e7\u00e3o positiva do mercado e a ado\u00e7\u00e3o dos produtos e funcion\u00e1rios da empresa.\u201d<\/p><p>\u201cDon tem muitos anos de experi\u00eancia em nossa ind\u00fastria e um forte conhecimento de nossa base de clientes e necessidades\u201d, disse Glenn Woodcock, presidente da PSI-Polymer Systems. \u201cEstamos confiantes de que ele ser\u00e1 um tremendo trunfo para a PSI e contribuir\u00e1 significativamente para nosso crescimento cont\u00ednuo.\u201d<\/p>\t\t\t\t\t\t\t\t<\/div>\n\t\t\t\t<\/div>\n\t\t\t\t\t<\/div>\n\t\t<\/div>\n\t\t\t\t<div class=\"elementor-column elementor-col-50 elementor-top-column elementor-element elementor-element-2584288e\" data-id=\"2584288e\" data-element_type=\"column\" data-e-type=\"column\">\n\t\t\t<div class=\"elementor-widget-wrap\">\n\t\t\t\t\t\t\t<\/div>\n\t\t<\/div>\n\t\t\t\t\t<\/div>\n\t\t<\/section>\n\t\t\t\t<\/div>","protected":false},"excerpt":{"rendered":"<p>PSI-Polymer Systems, Inc. nomeia novo gerente geral Conover, NC (20 de novembro de 2012) A PSI-Polymer Systems tem o prazer de anunciar que nomeou Don Macnamara como seu novo gerente geral. Macnamara, um veterano da ind\u00fastria de 27 anos, se reportar\u00e1 ao propriet\u00e1rio da PSI, Glenn Woodcock, e coordenar\u00e1 o desenvolvimento estrat\u00e9gico e supervisionar\u00e1 todas as opera\u00e7\u00f5es comerciais di\u00e1rias. A PSI-Polymer Systems \u00e9 l\u00edder [\u2026]<\/p>","protected":false},"author":2,"featured_media":0,"parent":5833,"menu_order":0,"comment_status":"closed","ping_status":"closed","template":"","meta":{"_monsterinsights_skip_tracking":false,"_monsterinsights_sitenote_active":false,"_monsterinsights_sitenote_note":"","_monsterinsights_sitenote_category":0,"footnotes":""},"class_list":["post-6076","page","type-page","status-publish","hentry"],"yoast_head":"<!-- This site is optimized with the Yoast SEO Premium plugin v25.0 (Yoast SEO v25.0) - https:\/\/yoast.com\/wordpress\/plugins\/seo\/ -->\n<title>PSI-Polymer Systems names new General Manager Conover, NC (November 20, 2012) - PSI-Polymer Systems<\/title>\n<meta name=\"robots\" content=\"index, follow, max-snippet:-1, max-image-preview:large, max-video-preview:-1\" \/>\n<link rel=\"canonical\" href=\"https:\/\/www.psi-polymersystems.com\/pt\/about-us\/press-releases\/psi-polymer-systems-names-new-general-manager-conover-nc-november-20-2012\/\" \/>\n<meta property=\"og:locale\" content=\"pt_PT\" \/>\n<meta property=\"og:type\" content=\"article\" \/>\n<meta property=\"og:title\" content=\"PSI-Polymer Systems names new General Manager Conover, NC (November 20, 2012)\" \/>\n<meta property=\"og:description\" content=\"PSI-Polymer Systems, Inc. Names New General Manager Conover, NC (November 20, 2012) PSI-Polymer Systems is pleased to announce it has named Don Macnamara\" \/>\n<meta property=\"og:url\" content=\"https:\/\/www.psi-polymersystems.com\/pt\/about-us\/press-releases\/psi-polymer-systems-names-new-general-manager-conover-nc-november-20-2012\/\" \/>\n<meta property=\"og:site_name\" content=\"PSI-Polymer Systems\" \/>\n<meta property=\"article:publisher\" content=\"https:\/\/www.facebook.com\/psipolymersystems\/\" \/>\n<meta property=\"article:modified_time\" content=\"2020-09-23T17:37:07+00:00\" \/>\n<meta name=\"twitter:card\" content=\"summary_large_image\" \/>\n<meta name=\"twitter:label1\" content=\"Tempo estimado de leitura\" \/>\n\t<meta name=\"twitter:data1\" content=\"2 minutos\" \/>\n<script type=\"application\/ld+json\" class=\"yoast-schema-graph\">{\"@context\":\"https:\/\/schema.org\",\"@graph\":[{\"@type\":\"WebPage\",\"@id\":\"https:\/\/www.psi-polymersystems.com\/es\/about-us\/press-releases\/psi-polymer-systems-names-new-general-manager-conover-nc-november-20-2012\/\",\"url\":\"https:\/\/www.psi-polymersystems.com\/es\/about-us\/press-releases\/psi-polymer-systems-names-new-general-manager-conover-nc-november-20-2012\/\",\"name\":\"PSI-Polymer Systems names new General Manager Conover, NC (November 20, 2012) - PSI-Polymer Systems\",\"isPartOf\":{\"@id\":\"https:\/\/www.psi-polymersystems.com\/#website\"},\"datePublished\":\"2020-09-23T17:34:33+00:00\",\"dateModified\":\"2020-09-23T17:37:07+00:00\",\"breadcrumb\":{\"@id\":\"https:\/\/www.psi-polymersystems.com\/es\/about-us\/press-releases\/psi-polymer-systems-names-new-general-manager-conover-nc-november-20-2012\/#breadcrumb\"},\"inLanguage\":\"pt-PT\",\"potentialAction\":[{\"@type\":\"ReadAction\",\"target\":[\"https:\/\/www.psi-polymersystems.com\/es\/about-us\/press-releases\/psi-polymer-systems-names-new-general-manager-conover-nc-november-20-2012\/\"]}]},{\"@type\":\"BreadcrumbList\",\"@id\":\"https:\/\/www.psi-polymersystems.com\/es\/about-us\/press-releases\/psi-polymer-systems-names-new-general-manager-conover-nc-november-20-2012\/#breadcrumb\",\"itemListElement\":[{\"@type\":\"ListItem\",\"position\":1,\"name\":\"Home\",\"item\":\"https:\/\/www.psi-polymersystems.com\/\"},{\"@type\":\"ListItem\",\"position\":2,\"name\":\"About Us\",\"item\":\"https:\/\/www.psi-polymersystems.com\/about-us\/\"},{\"@type\":\"ListItem\",\"position\":3,\"name\":\"Press Releases\",\"item\":\"https:\/\/www.psi-polymersystems.com\/about-us\/press-releases\/\"},{\"@type\":\"ListItem\",\"position\":4,\"name\":\"PSI-Polymer Systems names new General Manager Conover, NC (November 20, 2012)\"}]},{\"@type\":\"WebSite\",\"@id\":\"https:\/\/www.psi-polymersystems.com\/#website\",\"url\":\"https:\/\/www.psi-polymersystems.com\/\",\"name\":\"PSI-Polymer Systems\",\"description\":\"\",\"publisher\":{\"@id\":\"https:\/\/www.psi-polymersystems.com\/#organization\"},\"potentialAction\":[{\"@type\":\"SearchAction\",\"target\":{\"@type\":\"EntryPoint\",\"urlTemplate\":\"https:\/\/www.psi-polymersystems.com\/?s={search_term_string}\"},\"query-input\":{\"@type\":\"PropertyValueSpecification\",\"valueRequired\":true,\"valueName\":\"search_term_string\"}}],\"inLanguage\":\"pt-PT\"},{\"@type\":\"Organization\",\"@id\":\"https:\/\/www.psi-polymersystems.com\/#organization\",\"name\":\"PSI-Polymer Systems, Inc.\",\"url\":\"https:\/\/www.psi-polymersystems.com\/\",\"logo\":{\"@type\":\"ImageObject\",\"inLanguage\":\"pt-PT\",\"@id\":\"https:\/\/www.psi-polymersystems.com\/#\/schema\/logo\/image\/\",\"url\":\"\",\"contentUrl\":\"\",\"caption\":\"PSI-Polymer Systems, Inc.\"},\"image\":{\"@id\":\"https:\/\/www.psi-polymersystems.com\/#\/schema\/logo\/image\/\"},\"sameAs\":[\"https:\/\/www.facebook.com\/psipolymersystems\/\",\"https:\/\/www.linkedin.com\/showcase\/psi-polymer-systems\"]}]}<\/script>\n<!-- \/ Yoast SEO Premium plugin. -->","yoast_head_json":{"title":"PSI-Polymer Systems names new General Manager Conover, NC (November 20, 2012) - PSI-Polymer Systems","robots":{"index":"index","follow":"follow","max-snippet":"max-snippet:-1","max-image-preview":"max-image-preview:large","max-video-preview":"max-video-preview:-1"},"canonical":"https:\/\/www.psi-polymersystems.com\/pt\/about-us\/press-releases\/psi-polymer-systems-names-new-general-manager-conover-nc-november-20-2012\/","og_locale":"pt_PT","og_type":"article","og_title":"PSI-Polymer Systems names new General Manager Conover, NC (November 20, 2012)","og_description":"PSI-Polymer Systems, Inc. Names New General Manager Conover, NC (November 20, 2012) PSI-Polymer Systems is pleased to announce it has named Don Macnamara","og_url":"https:\/\/www.psi-polymersystems.com\/pt\/about-us\/press-releases\/psi-polymer-systems-names-new-general-manager-conover-nc-november-20-2012\/","og_site_name":"PSI-Polymer Systems","article_publisher":"https:\/\/www.facebook.com\/psipolymersystems\/","article_modified_time":"2020-09-23T17:37:07+00:00","twitter_card":"summary_large_image","twitter_misc":{"Tempo estimado de leitura":"2 minutos"},"schema":{"@context":"https:\/\/schema.org","@graph":[{"@type":"WebPage","@id":"https:\/\/www.psi-polymersystems.com\/es\/about-us\/press-releases\/psi-polymer-systems-names-new-general-manager-conover-nc-november-20-2012\/","url":"https:\/\/www.psi-polymersystems.com\/es\/about-us\/press-releases\/psi-polymer-systems-names-new-general-manager-conover-nc-november-20-2012\/","name":"PSI-Polymer Systems names new General Manager Conover, NC (November 20, 2012) - PSI-Polymer Systems","isPartOf":{"@id":"https:\/\/www.psi-polymersystems.com\/#website"},"datePublished":"2020-09-23T17:34:33+00:00","dateModified":"2020-09-23T17:37:07+00:00","breadcrumb":{"@id":"https:\/\/www.psi-polymersystems.com\/es\/about-us\/press-releases\/psi-polymer-systems-names-new-general-manager-conover-nc-november-20-2012\/#breadcrumb"},"inLanguage":"pt-PT","potentialAction":[{"@type":"ReadAction","target":["https:\/\/www.psi-polymersystems.com\/es\/about-us\/press-releases\/psi-polymer-systems-names-new-general-manager-conover-nc-november-20-2012\/"]}]},{"@type":"BreadcrumbList","@id":"https:\/\/www.psi-polymersystems.com\/es\/about-us\/press-releases\/psi-polymer-systems-names-new-general-manager-conover-nc-november-20-2012\/#breadcrumb","itemListElement":[{"@type":"ListItem","position":1,"name":"Home","item":"https:\/\/www.psi-polymersystems.com\/"},{"@type":"ListItem","position":2,"name":"About Us","item":"https:\/\/www.psi-polymersystems.com\/about-us\/"},{"@type":"ListItem","position":3,"name":"Press Releases","item":"https:\/\/www.psi-polymersystems.com\/about-us\/press-releases\/"},{"@type":"ListItem","position":4,"name":"PSI-Polymer Systems names new General Manager Conover, NC (November 20, 2012)"}]},{"@type":"WebSite","@id":"https:\/\/www.psi-polymersystems.com\/#website","url":"https:\/\/www.psi-polymersystems.com\/","name":"PSI-Polymer Systems","description":"","publisher":{"@id":"https:\/\/www.psi-polymersystems.com\/#organization"},"potentialAction":[{"@type":"SearchAction","target":{"@type":"EntryPoint","urlTemplate":"https:\/\/www.psi-polymersystems.com\/?s={search_term_string}"},"query-input":{"@type":"PropertyValueSpecification","valueRequired":true,"valueName":"search_term_string"}}],"inLanguage":"pt-PT"},{"@type":"Organization","@id":"https:\/\/www.psi-polymersystems.com\/#organization","name":"PSI-Polymer Systems, Inc.","url":"https:\/\/www.psi-polymersystems.com\/","logo":{"@type":"ImageObject","inLanguage":"pt-PT","@id":"https:\/\/www.psi-polymersystems.com\/#\/schema\/logo\/image\/","url":"","contentUrl":"","caption":"PSI-Polymer Systems, Inc."},"image":{"@id":"https:\/\/www.psi-polymersystems.com\/#\/schema\/logo\/image\/"},"sameAs":["https:\/\/www.facebook.com\/psipolymersystems\/","https:\/\/www.linkedin.com\/showcase\/psi-polymer-systems"]}]}},"_links":{"self":[{"href":"https:\/\/www.psi-polymersystems.com\/pt\/wp-json\/wp\/v2\/pages\/6076","targetHints":{"allow":["GET"]}}],"collection":[{"href":"https:\/\/www.psi-polymersystems.com\/pt\/wp-json\/wp\/v2\/pages"}],"about":[{"href":"https:\/\/www.psi-polymersystems.com\/pt\/wp-json\/wp\/v2\/types\/page"}],"author":[{"embeddable":true,"href":"https:\/\/www.psi-polymersystems.com\/pt\/wp-json\/wp\/v2\/users\/2"}],"replies":[{"embeddable":true,"href":"https:\/\/www.psi-polymersystems.com\/pt\/wp-json\/wp\/v2\/comments?post=6076"}],"version-history":[{"count":0,"href":"https:\/\/www.psi-polymersystems.com\/pt\/wp-json\/wp\/v2\/pages\/6076\/revisions"}],"up":[{"embeddable":true,"href":"https:\/\/www.psi-polymersystems.com\/pt\/wp-json\/wp\/v2\/pages\/5833"}],"wp:attachment":[{"href":"https:\/\/www.psi-polymersystems.com\/pt\/wp-json\/wp\/v2\/media?parent=6076"}],"curies":[{"name":"wp","href":"https:\/\/api.w.org\/{rel}","templated":true}]}}