{"id":6083,"date":"2020-09-23T17:41:07","date_gmt":"2020-09-23T17:41:07","guid":{"rendered":"https:\/\/psi-polymersystems.com\/?page_id=6083"},"modified":"2020-09-23T17:43:30","modified_gmt":"2020-09-23T17:43:30","slug":"psi-polymer-systems-inc-enters-its-tenth-year-serving-the-plastics-industry-conover-nc-april-29-2010","status":"publish","type":"page","link":"https:\/\/www.psi-polymersystems.com\/pt\/about-us\/press-releases\/psi-polymer-systems-inc-enters-its-tenth-year-serving-the-plastics-industry-conover-nc-april-29-2010\/","title":{"rendered":"PSI-Polymer Systems, Inc. entra em seu d\u00e9cimo ano servindo a ind\u00fastria de pl\u00e1sticos Conover, NC (29 de abril de 2010)"},"content":{"rendered":"<div data-elementor-type=\"wp-page\" data-elementor-id=\"6083\" class=\"elementor elementor-6083\" data-elementor-post-type=\"page\">\n\t\t\t\t\t\t<section class=\"elementor-section elementor-top-section elementor-element elementor-element-7dd2f5c5 elementor-section-boxed elementor-section-height-default elementor-section-height-default\" data-id=\"7dd2f5c5\" data-element_type=\"section\" data-e-type=\"section\">\n\t\t\t\t\t\t<div class=\"elementor-container elementor-column-gap-default\">\n\t\t\t\t\t<div class=\"elementor-column elementor-col-50 elementor-top-column elementor-element elementor-element-7e0b8964\" data-id=\"7e0b8964\" data-element_type=\"column\" data-e-type=\"column\">\n\t\t\t<div class=\"elementor-widget-wrap elementor-element-populated\">\n\t\t\t\t\t\t<div class=\"elementor-element elementor-element-1ebd8ddc elementor-widget elementor-widget-heading\" data-id=\"1ebd8ddc\" data-element_type=\"widget\" data-e-type=\"widget\" data-widget_type=\"heading.default\">\n\t\t\t\t<div class=\"elementor-widget-container\">\n\t\t\t\t\t<h2 class=\"elementor-heading-title elementor-size-default\">PSI-Polymer Systems, Inc. entra em seu d\u00e9cimo ano servindo a ind\u00fastria de pl\u00e1sticos Conover, NC (29 de abril de 2010)<\/h2>\t\t\t\t<\/div>\n\t\t\t\t<\/div>\n\t\t\t\t<div class=\"elementor-element elementor-element-67d06ef1 elementor-widget elementor-widget-text-editor\" data-id=\"67d06ef1\" data-element_type=\"widget\" data-e-type=\"widget\" data-widget_type=\"text-editor.default\">\n\t\t\t\t<div class=\"elementor-widget-container\">\n\t\t\t\t\t\t\t\t\t<p>Demiss\u00f5es e alto desemprego. Empresas saindo do mercado. Uma crise de cr\u00e9dito. Sim, o ano 2000 foi uma \u00e9poca muito dif\u00edcil para come\u00e7ar um neg\u00f3cio.<\/p><p>No entanto, foi exatamente isso que Glenn Woodcock fez 10 anos atr\u00e1s. Em 1\u00ba de fevereiro de 2000, a PSI-Polymer Systems Inc. iniciou suas opera\u00e7\u00f5es em Hickory, Carolina do Norte. E foi um tremendo desafio gerar vendas em uma economia em baixa, que Woodcock diz ter sido t\u00e3o ruim quanto a grande recess\u00e3o de 2009.<\/p><p>\u201cAquele primeiro ano foi dif\u00edcil\u201d, lembrou Woodcock. \u201cAs pessoas tendem a esquecer que houve s\u00e9rios problemas econ\u00f4micos e uma recess\u00e3o nos neg\u00f3cios em 2000, que em muitos aspectos foi mais grave do que experimentamos nos \u00faltimos dois anos.\u201d<\/p><p>Provando mais uma vez que coisas boas podem vir de tempos ruins, a PSI teve um crescimento cont\u00ednuo nos \u00faltimos 10 anos. Desde que saiu dessa economia em queda de 2000-2001, a PSI forneceu \u00e0 ind\u00fastria mais de 1.000 pacotes de sistemas\/equipamentos nesse per\u00edodo e n\u00e3o mostra sinais de desacelera\u00e7\u00e3o.<\/p><p><span style=\"text-decoration: underline;\">&#039;Dream Team&#039; de especialistas em tecnologia de extrus\u00e3o<\/span><\/p><p>Woodcock, um veterano da ind\u00fastria de pl\u00e1sticos, come\u00e7ou a PSI em 2000, formando uma &#039;equipe dos sonhos&#039; de jogadores bem conhecidos, incluindo os principais associados de neg\u00f3cios Steve Fox (Presidente\/Fundador da Normag Corporation) e Bart Jones (Presidente\/Fundador da Extek Corporation ).<\/p><p>\u201cCombinamos nossa experi\u00eancia em bombas de engrenagens de extrus\u00e3o e produtos de filtra\u00e7\u00e3o por fus\u00e3o\u201d, disse ele. \u201cA ind\u00fastria procurava fornecedores alternativos e todos n\u00f3s t\u00ednhamos uma boa forma\u00e7\u00e3o em pl\u00e1sticos. Steve e Bart foram considerados especialistas da ind\u00fastria em bombas de engrenagem e trocadores de tela, respectivamente. Ent\u00e3o, unimos nossa experi\u00eancia e fomos em frente.\u201d<\/p><p><span style=\"text-decoration: underline;\">Um modelo de neg\u00f3cios melhor<\/span><\/p><p>Ficou claro desde o in\u00edcio que a PSI n\u00e3o era sua t\u00edpica empresa auxiliar de pl\u00e1sticos. \u201cSteve e Bart ficaram com alguns olhares estranhos quando entregaram seus cart\u00f5es de visita\u201d, disse Woodcock. Em vez de t\u00edtulos tradicionais como &#039;Vice President&#039; ou &#039;Sales Manager&#039;, os cart\u00f5es de Fox e Jones diziam &#039;The Gear Pump Man&#039; e &#039;The Screen Changer Man&#039;. &quot;Por que n\u00e3o?&quot; disse Woodcock. \u201cTodos na ind\u00fastria associaram Steve a bombas de engrenagem e Bart a trocadores de tela. Est\u00e1vamos apenas tentando nos divertir.\u201d<\/p><p>Mas era um neg\u00f3cio s\u00e9rio. A empresa come\u00e7ou desde o in\u00edcio a criar um modelo de neg\u00f3cios diferente de outros fornecedores de equipamentos auxiliares da ind\u00fastria de pl\u00e1sticos. Desde o in\u00edcio, Woodcock sentiu que era importante oferecer \u00e0 ind\u00fastria pacotes completos de sistemas e equipamentos que atendessem \u00e0s necessidades de processos e aplica\u00e7\u00f5es especializadas de cada cliente. Essa abordagem consultiva tornou a PSI mais do que apenas mais um fornecedor de equipamentos.<\/p><p>O sucesso da empresa mostrou que este era um modelo de neg\u00f3cios cujo tempo havia chegado. A abordagem da PSI de fornecer servi\u00e7os de qualidade com engenharia de valor os atendeu bem. \u201cCada e todo trabalho que realizamos \u00e9 realizado entendendo as necessidades de nossos clientes em primeiro lugar\u201d, disse Woodcock. \u201cUma vez que tenhamos esse entendimento, podemos fornecer a eles o melhor produto e servi\u00e7o pelo seu dinheiro.\u201d<\/p><p><span style=\"text-decoration: underline;\">Com sede nos EUA, servindo o mundo<\/span><\/p><p>O foco inicial de vendas e distribui\u00e7\u00e3o da PSI era a Am\u00e9rica do Norte e do Sul; no entanto, a empresa expandiu muito rapidamente para se tornar um fornecedor mundial. Eles aumentaram o tamanho de suas instala\u00e7\u00f5es tr\u00eas vezes em oito anos e se mudaram para suas atuais instala\u00e7\u00f5es de 50.000 p\u00e9s quadrados em Conover, Carolina do Norte, em junho de 2009. Todos os produtos da empresa s\u00e3o orgulhosamente fabricados nos EUA na sede da empresa.<\/p><p>\u201cAo comemorarmos nosso 10\u00ba ano de neg\u00f3cios, \u00e9 importante homenagearmos as pessoas que nos ajudaram a chegar a este ponto, a equipe da PSI\u201d, disse Woodcock. \u201cUm forte desejo de fazer o trabalho com precis\u00e3o e pontualidade \u00e9 demonstrado em cada projeto, por cada funcion\u00e1rio.\u201d<\/p>\t\t\t\t\t\t\t\t<\/div>\n\t\t\t\t<\/div>\n\t\t\t\t\t<\/div>\n\t\t<\/div>\n\t\t\t\t<div class=\"elementor-column elementor-col-50 elementor-top-column elementor-element elementor-element-5b63f18b\" data-id=\"5b63f18b\" data-element_type=\"column\" data-e-type=\"column\">\n\t\t\t<div class=\"elementor-widget-wrap\">\n\t\t\t\t\t\t\t<\/div>\n\t\t<\/div>\n\t\t\t\t\t<\/div>\n\t\t<\/section>\n\t\t\t\t<\/div>","protected":false},"excerpt":{"rendered":"<p>A PSI-Polymer Systems, Inc. entra em seu d\u00e9cimo ano servindo a ind\u00fastria de pl\u00e1sticos Conover, NC (29 de abril de 2010) Demiss\u00f5es e alto desemprego. Empresas saindo do mercado. Uma crise de cr\u00e9dito. Sim, o ano 2000 foi uma \u00e9poca muito dif\u00edcil para come\u00e7ar um neg\u00f3cio. No entanto, foi exatamente isso que Glenn Woodcock fez 10 anos atr\u00e1s. Em 1\u00ba de fevereiro de 2000 [\u2026]<\/p>","protected":false},"author":2,"featured_media":0,"parent":5833,"menu_order":0,"comment_status":"closed","ping_status":"closed","template":"","meta":{"_monsterinsights_skip_tracking":false,"_monsterinsights_sitenote_active":false,"_monsterinsights_sitenote_note":"","_monsterinsights_sitenote_category":0,"footnotes":""},"class_list":["post-6083","page","type-page","status-publish","hentry"],"yoast_head":"<!-- This site is optimized with the Yoast SEO Premium plugin v25.0 (Yoast SEO v25.0) - https:\/\/yoast.com\/wordpress\/plugins\/seo\/ -->\n<title>PSI-Polymer Systems, Inc. Enters Its Tenth Year Serving The Plastics Industry Conover, NC (April 29, 2010) - PSI-Polymer Systems<\/title>\n<meta name=\"robots\" content=\"index, follow, max-snippet:-1, max-image-preview:large, max-video-preview:-1\" \/>\n<link rel=\"canonical\" href=\"https:\/\/www.psi-polymersystems.com\/pt\/about-us\/press-releases\/psi-polymer-systems-inc-enters-its-tenth-year-serving-the-plastics-industry-conover-nc-april-29-2010\/\" \/>\n<meta property=\"og:locale\" content=\"pt_PT\" \/>\n<meta property=\"og:type\" content=\"article\" \/>\n<meta property=\"og:title\" content=\"PSI-Polymer Systems, Inc. Enters Its Tenth Year Serving The Plastics Industry Conover, NC (April 29, 2010)\" \/>\n<meta property=\"og:description\" content=\"PSI-Polymer Systems, Inc. Enters It&#039;s Tenth Year Serving The Plastics Industry Conover, NC (April 29, 2010) Layoffs and high unemployment. Companies going\" \/>\n<meta property=\"og:url\" content=\"https:\/\/www.psi-polymersystems.com\/pt\/about-us\/press-releases\/psi-polymer-systems-inc-enters-its-tenth-year-serving-the-plastics-industry-conover-nc-april-29-2010\/\" \/>\n<meta property=\"og:site_name\" content=\"PSI-Polymer Systems\" \/>\n<meta property=\"article:publisher\" content=\"https:\/\/www.facebook.com\/psipolymersystems\/\" \/>\n<meta property=\"article:modified_time\" content=\"2020-09-23T17:43:30+00:00\" \/>\n<meta name=\"twitter:card\" content=\"summary_large_image\" \/>\n<meta name=\"twitter:label1\" content=\"Tempo estimado de leitura\" \/>\n\t<meta name=\"twitter:data1\" content=\"3 minutos\" \/>\n<script type=\"application\/ld+json\" class=\"yoast-schema-graph\">{\"@context\":\"https:\/\/schema.org\",\"@graph\":[{\"@type\":\"WebPage\",\"@id\":\"https:\/\/www.psi-polymersystems.com\/es\/about-us\/press-releases\/psi-polymer-systems-inc-enters-its-tenth-year-serving-the-plastics-industry-conover-nc-april-29-2010\/\",\"url\":\"https:\/\/www.psi-polymersystems.com\/es\/about-us\/press-releases\/psi-polymer-systems-inc-enters-its-tenth-year-serving-the-plastics-industry-conover-nc-april-29-2010\/\",\"name\":\"PSI-Polymer Systems, Inc. Enters Its Tenth Year Serving The Plastics Industry Conover, NC (April 29, 2010) - PSI-Polymer Systems\",\"isPartOf\":{\"@id\":\"https:\/\/www.psi-polymersystems.com\/#website\"},\"datePublished\":\"2020-09-23T17:41:07+00:00\",\"dateModified\":\"2020-09-23T17:43:30+00:00\",\"breadcrumb\":{\"@id\":\"https:\/\/www.psi-polymersystems.com\/es\/about-us\/press-releases\/psi-polymer-systems-inc-enters-its-tenth-year-serving-the-plastics-industry-conover-nc-april-29-2010\/#breadcrumb\"},\"inLanguage\":\"pt-PT\",\"potentialAction\":[{\"@type\":\"ReadAction\",\"target\":[\"https:\/\/www.psi-polymersystems.com\/es\/about-us\/press-releases\/psi-polymer-systems-inc-enters-its-tenth-year-serving-the-plastics-industry-conover-nc-april-29-2010\/\"]}]},{\"@type\":\"BreadcrumbList\",\"@id\":\"https:\/\/www.psi-polymersystems.com\/es\/about-us\/press-releases\/psi-polymer-systems-inc-enters-its-tenth-year-serving-the-plastics-industry-conover-nc-april-29-2010\/#breadcrumb\",\"itemListElement\":[{\"@type\":\"ListItem\",\"position\":1,\"name\":\"Home\",\"item\":\"https:\/\/www.psi-polymersystems.com\/\"},{\"@type\":\"ListItem\",\"position\":2,\"name\":\"About Us\",\"item\":\"https:\/\/www.psi-polymersystems.com\/about-us\/\"},{\"@type\":\"ListItem\",\"position\":3,\"name\":\"Press Releases\",\"item\":\"https:\/\/www.psi-polymersystems.com\/about-us\/press-releases\/\"},{\"@type\":\"ListItem\",\"position\":4,\"name\":\"PSI-Polymer Systems, Inc. Enters Its Tenth Year Serving The Plastics Industry Conover, NC (April 29, 2010)\"}]},{\"@type\":\"WebSite\",\"@id\":\"https:\/\/www.psi-polymersystems.com\/#website\",\"url\":\"https:\/\/www.psi-polymersystems.com\/\",\"name\":\"PSI-Polymer Systems\",\"description\":\"\",\"publisher\":{\"@id\":\"https:\/\/www.psi-polymersystems.com\/#organization\"},\"potentialAction\":[{\"@type\":\"SearchAction\",\"target\":{\"@type\":\"EntryPoint\",\"urlTemplate\":\"https:\/\/www.psi-polymersystems.com\/?s={search_term_string}\"},\"query-input\":{\"@type\":\"PropertyValueSpecification\",\"valueRequired\":true,\"valueName\":\"search_term_string\"}}],\"inLanguage\":\"pt-PT\"},{\"@type\":\"Organization\",\"@id\":\"https:\/\/www.psi-polymersystems.com\/#organization\",\"name\":\"PSI-Polymer Systems, Inc.\",\"url\":\"https:\/\/www.psi-polymersystems.com\/\",\"logo\":{\"@type\":\"ImageObject\",\"inLanguage\":\"pt-PT\",\"@id\":\"https:\/\/www.psi-polymersystems.com\/#\/schema\/logo\/image\/\",\"url\":\"\",\"contentUrl\":\"\",\"caption\":\"PSI-Polymer Systems, Inc.\"},\"image\":{\"@id\":\"https:\/\/www.psi-polymersystems.com\/#\/schema\/logo\/image\/\"},\"sameAs\":[\"https:\/\/www.facebook.com\/psipolymersystems\/\",\"https:\/\/www.linkedin.com\/showcase\/psi-polymer-systems\"]}]}<\/script>\n<!-- \/ Yoast SEO Premium plugin. -->","yoast_head_json":{"title":"PSI-Polymer Systems, Inc. Enters Its Tenth Year Serving The Plastics Industry Conover, NC (April 29, 2010) - PSI-Polymer Systems","robots":{"index":"index","follow":"follow","max-snippet":"max-snippet:-1","max-image-preview":"max-image-preview:large","max-video-preview":"max-video-preview:-1"},"canonical":"https:\/\/www.psi-polymersystems.com\/pt\/about-us\/press-releases\/psi-polymer-systems-inc-enters-its-tenth-year-serving-the-plastics-industry-conover-nc-april-29-2010\/","og_locale":"pt_PT","og_type":"article","og_title":"PSI-Polymer Systems, Inc. Enters Its Tenth Year Serving The Plastics Industry Conover, NC (April 29, 2010)","og_description":"PSI-Polymer Systems, Inc. Enters It's Tenth Year Serving The Plastics Industry Conover, NC (April 29, 2010) Layoffs and high unemployment. Companies going","og_url":"https:\/\/www.psi-polymersystems.com\/pt\/about-us\/press-releases\/psi-polymer-systems-inc-enters-its-tenth-year-serving-the-plastics-industry-conover-nc-april-29-2010\/","og_site_name":"PSI-Polymer Systems","article_publisher":"https:\/\/www.facebook.com\/psipolymersystems\/","article_modified_time":"2020-09-23T17:43:30+00:00","twitter_card":"summary_large_image","twitter_misc":{"Tempo estimado de leitura":"3 minutos"},"schema":{"@context":"https:\/\/schema.org","@graph":[{"@type":"WebPage","@id":"https:\/\/www.psi-polymersystems.com\/es\/about-us\/press-releases\/psi-polymer-systems-inc-enters-its-tenth-year-serving-the-plastics-industry-conover-nc-april-29-2010\/","url":"https:\/\/www.psi-polymersystems.com\/es\/about-us\/press-releases\/psi-polymer-systems-inc-enters-its-tenth-year-serving-the-plastics-industry-conover-nc-april-29-2010\/","name":"PSI-Polymer Systems, Inc. Enters Its Tenth Year Serving The Plastics Industry Conover, NC (April 29, 2010) - PSI-Polymer Systems","isPartOf":{"@id":"https:\/\/www.psi-polymersystems.com\/#website"},"datePublished":"2020-09-23T17:41:07+00:00","dateModified":"2020-09-23T17:43:30+00:00","breadcrumb":{"@id":"https:\/\/www.psi-polymersystems.com\/es\/about-us\/press-releases\/psi-polymer-systems-inc-enters-its-tenth-year-serving-the-plastics-industry-conover-nc-april-29-2010\/#breadcrumb"},"inLanguage":"pt-PT","potentialAction":[{"@type":"ReadAction","target":["https:\/\/www.psi-polymersystems.com\/es\/about-us\/press-releases\/psi-polymer-systems-inc-enters-its-tenth-year-serving-the-plastics-industry-conover-nc-april-29-2010\/"]}]},{"@type":"BreadcrumbList","@id":"https:\/\/www.psi-polymersystems.com\/es\/about-us\/press-releases\/psi-polymer-systems-inc-enters-its-tenth-year-serving-the-plastics-industry-conover-nc-april-29-2010\/#breadcrumb","itemListElement":[{"@type":"ListItem","position":1,"name":"Home","item":"https:\/\/www.psi-polymersystems.com\/"},{"@type":"ListItem","position":2,"name":"About Us","item":"https:\/\/www.psi-polymersystems.com\/about-us\/"},{"@type":"ListItem","position":3,"name":"Press Releases","item":"https:\/\/www.psi-polymersystems.com\/about-us\/press-releases\/"},{"@type":"ListItem","position":4,"name":"PSI-Polymer Systems, Inc. Enters Its Tenth Year Serving The Plastics Industry Conover, NC (April 29, 2010)"}]},{"@type":"WebSite","@id":"https:\/\/www.psi-polymersystems.com\/#website","url":"https:\/\/www.psi-polymersystems.com\/","name":"PSI-Polymer Systems","description":"","publisher":{"@id":"https:\/\/www.psi-polymersystems.com\/#organization"},"potentialAction":[{"@type":"SearchAction","target":{"@type":"EntryPoint","urlTemplate":"https:\/\/www.psi-polymersystems.com\/?s={search_term_string}"},"query-input":{"@type":"PropertyValueSpecification","valueRequired":true,"valueName":"search_term_string"}}],"inLanguage":"pt-PT"},{"@type":"Organization","@id":"https:\/\/www.psi-polymersystems.com\/#organization","name":"PSI-Polymer Systems, Inc.","url":"https:\/\/www.psi-polymersystems.com\/","logo":{"@type":"ImageObject","inLanguage":"pt-PT","@id":"https:\/\/www.psi-polymersystems.com\/#\/schema\/logo\/image\/","url":"","contentUrl":"","caption":"PSI-Polymer Systems, Inc."},"image":{"@id":"https:\/\/www.psi-polymersystems.com\/#\/schema\/logo\/image\/"},"sameAs":["https:\/\/www.facebook.com\/psipolymersystems\/","https:\/\/www.linkedin.com\/showcase\/psi-polymer-systems"]}]}},"_links":{"self":[{"href":"https:\/\/www.psi-polymersystems.com\/pt\/wp-json\/wp\/v2\/pages\/6083","targetHints":{"allow":["GET"]}}],"collection":[{"href":"https:\/\/www.psi-polymersystems.com\/pt\/wp-json\/wp\/v2\/pages"}],"about":[{"href":"https:\/\/www.psi-polymersystems.com\/pt\/wp-json\/wp\/v2\/types\/page"}],"author":[{"embeddable":true,"href":"https:\/\/www.psi-polymersystems.com\/pt\/wp-json\/wp\/v2\/users\/2"}],"replies":[{"embeddable":true,"href":"https:\/\/www.psi-polymersystems.com\/pt\/wp-json\/wp\/v2\/comments?post=6083"}],"version-history":[{"count":0,"href":"https:\/\/www.psi-polymersystems.com\/pt\/wp-json\/wp\/v2\/pages\/6083\/revisions"}],"up":[{"embeddable":true,"href":"https:\/\/www.psi-polymersystems.com\/pt\/wp-json\/wp\/v2\/pages\/5833"}],"wp:attachment":[{"href":"https:\/\/www.psi-polymersystems.com\/pt\/wp-json\/wp\/v2\/media?parent=6083"}],"curies":[{"name":"wp","href":"https:\/\/api.w.org\/{rel}","templated":true}]}}