{"id":6088,"date":"2020-09-23T17:46:17","date_gmt":"2020-09-23T17:46:17","guid":{"rendered":"https:\/\/psi-polymersystems.com\/?page_id=6088"},"modified":"2020-09-23T17:47:19","modified_gmt":"2020-09-23T17:47:19","slug":"psi-polymer-systems-inc-completes-move-to-new-facility-conover-nc-june-8-2009","status":"publish","type":"page","link":"https:\/\/www.psi-polymersystems.com\/pt\/about-us\/press-releases\/psi-polymer-systems-inc-completes-move-to-new-facility-conover-nc-june-8-2009\/","title":{"rendered":"PSI-Polymer Systems, Inc. conclui mudan\u00e7a para nova instala\u00e7\u00e3o em Conover, NC (8 de junho de 2009)"},"content":{"rendered":"<div data-elementor-type=\"wp-page\" data-elementor-id=\"6088\" class=\"elementor elementor-6088\" data-elementor-post-type=\"page\">\n\t\t\t\t\t\t<section class=\"elementor-section elementor-top-section elementor-element elementor-element-7674f341 elementor-section-boxed elementor-section-height-default elementor-section-height-default\" data-id=\"7674f341\" data-element_type=\"section\" data-e-type=\"section\">\n\t\t\t\t\t\t<div class=\"elementor-container elementor-column-gap-default\">\n\t\t\t\t\t<div class=\"elementor-column elementor-col-50 elementor-top-column elementor-element elementor-element-7c3aa1d\" data-id=\"7c3aa1d\" data-element_type=\"column\" data-e-type=\"column\">\n\t\t\t<div class=\"elementor-widget-wrap elementor-element-populated\">\n\t\t\t\t\t\t<div class=\"elementor-element elementor-element-6410b01f elementor-widget elementor-widget-heading\" data-id=\"6410b01f\" data-element_type=\"widget\" data-e-type=\"widget\" data-widget_type=\"heading.default\">\n\t\t\t\t<div class=\"elementor-widget-container\">\n\t\t\t\t\t<h2 class=\"elementor-heading-title elementor-size-default\">PSI-Polymer Systems, Inc. conclui mudan\u00e7a para nova instala\u00e7\u00e3o em Conover, NC (8 de junho de 2009)<\/h2>\t\t\t\t<\/div>\n\t\t\t\t<\/div>\n\t\t\t\t<div class=\"elementor-element elementor-element-73dda22f elementor-widget elementor-widget-text-editor\" data-id=\"73dda22f\" data-element_type=\"widget\" data-e-type=\"widget\" data-widget_type=\"text-editor.default\">\n\t\t\t\t<div class=\"elementor-widget-container\">\n\t\t\t\t\t\t\t\t\t<p>A PSI-Polymer Systems Inc. anunciou que concluiu sua mudan\u00e7a para uma instala\u00e7\u00e3o totalmente nova em Conover, Carolina do Norte. O novo pr\u00e9dio fica a aproximadamente 13 km da antiga localiza\u00e7\u00e3o da empresa em Hickory e possui 45.000 p\u00e9s\u00b2 de \u00e1rea \u00fatil, tr\u00eas vezes mais espa\u00e7o do que a PSI tinha em sua antiga localiza\u00e7\u00e3o.<\/p><p>A PSI planeja usar o espa\u00e7o adicional para expandir suas ofertas de servi\u00e7os aos clientes e tamb\u00e9m estocar estoque adicional de pe\u00e7as de reposi\u00e7\u00e3o. Al\u00e9m disso, a PSI est\u00e1 adicionando v\u00e1rias novas m\u00e1quinas-ferramentas para aprimorar as capacidades de fabrica\u00e7\u00e3o e reparo da empresa.<\/p><p>A empresa, que fornece bombas de engrenagem, trocadores de tela e outros equipamentos auxiliares para as ind\u00fastrias de extrus\u00e3o, processamento de pol\u00edmeros e reciclagem, viu um aumento na demanda por seus programas de reparo\/reconstru\u00e7\u00e3o, de acordo com Rob Martin, gerente geral da PSI. Isso levou a empresa a procurar uma nova instala\u00e7\u00e3o onde pudesse expandir suas opera\u00e7\u00f5es de fabrica\u00e7\u00e3o.<\/p><p>\u201cPrecis\u00e1vamos adicionar mais esta\u00e7\u00f5es de trabalho para aumentar nosso neg\u00f3cio de reparo de produtos e fornecer um retorno mais r\u00e1pido para nossos clientes\u201d, disse Martin. \u201cOs clientes procuram manter seus equipamentos auxiliares existentes funcionando e em boas condi\u00e7\u00f5es, e isso se tornou uma parte importante do nosso neg\u00f3cio.\u201d<\/p><p>Um programa de servi\u00e7o PSI popular \u00e9 o \u201cPrograma de Troca de Bombas\u201d da empresa, que permite que os clientes enviem suas bombas de engrenagem usadas para cr\u00e9dito para uma nova bomba PSI. Com este programa, os clientes podem aproveitar os benef\u00edcios da nova bomba PSI, que \u00e9 uma substitui\u00e7\u00e3o &#039;drop-in&#039; que pode fornecer taxas de sa\u00edda aumentadas, partidas mais r\u00e1pidas, controle de medidor mais preciso e refugo reduzido, para economias significativas. A PSI tamb\u00e9m oferece programas de reparo\/reconstru\u00e7\u00e3o para bombas de engrenagem, trocadores de tela e misturadores est\u00e1ticos, que enfatizam o servi\u00e7o e o reparo de marcas concorrentes, incluindo bombas MAAG, Dynisco e Normag.<\/p><p>A PSI estar\u00e1 expondo na pr\u00f3xima feira NPE 2009 no estande #67069 em McCormick Place North.<\/p>\t\t\t\t\t\t\t\t<\/div>\n\t\t\t\t<\/div>\n\t\t\t\t\t<\/div>\n\t\t<\/div>\n\t\t\t\t<div class=\"elementor-column elementor-col-50 elementor-top-column elementor-element elementor-element-33a8acc1\" data-id=\"33a8acc1\" data-element_type=\"column\" data-e-type=\"column\">\n\t\t\t<div class=\"elementor-widget-wrap\">\n\t\t\t\t\t\t\t<\/div>\n\t\t<\/div>\n\t\t\t\t\t<\/div>\n\t\t<\/section>\n\t\t\t\t<\/div>","protected":false},"excerpt":{"rendered":"<p>PSI-Polymer Systems, Inc. conclui mudan\u00e7a para nova instala\u00e7\u00e3o em Conover, Carolina do Norte (8 de junho de 2009) A PSI-Polymer Systems Inc. anunciou que concluiu sua mudan\u00e7a para uma instala\u00e7\u00e3o totalmente nova em Conover, Carolina do Norte. O novo edif\u00edcio fica a aproximadamente 13 km da antiga localiza\u00e7\u00e3o da empresa em Hickory e possui 45.000 p\u00e9s\u00b2 de \u00e1rea \u00fatil, tr\u00eas vezes mais espa\u00e7o [\u2026]<\/p>","protected":false},"author":2,"featured_media":0,"parent":5833,"menu_order":0,"comment_status":"closed","ping_status":"closed","template":"","meta":{"_monsterinsights_skip_tracking":false,"_monsterinsights_sitenote_active":false,"_monsterinsights_sitenote_note":"","_monsterinsights_sitenote_category":0,"footnotes":""},"class_list":["post-6088","page","type-page","status-publish","hentry"],"yoast_head":"<!-- This site is optimized with the Yoast SEO Premium plugin v25.0 (Yoast SEO v25.0) - https:\/\/yoast.com\/wordpress\/plugins\/seo\/ -->\n<title>PSI-Polymer Systems, Inc. Completes Move To New Facility Conover, NC (June 8, 2009) - PSI-Polymer Systems<\/title>\n<meta name=\"robots\" content=\"index, follow, max-snippet:-1, max-image-preview:large, max-video-preview:-1\" \/>\n<link rel=\"canonical\" href=\"https:\/\/www.psi-polymersystems.com\/pt\/about-us\/press-releases\/psi-polymer-systems-inc-completes-move-to-new-facility-conover-nc-june-8-2009\/\" \/>\n<meta property=\"og:locale\" content=\"pt_PT\" \/>\n<meta property=\"og:type\" content=\"article\" \/>\n<meta property=\"og:title\" content=\"PSI-Polymer Systems, Inc. Completes Move To New Facility Conover, NC (June 8, 2009)\" \/>\n<meta property=\"og:description\" content=\"PSI-Polymer Systems, Inc. Completes Move To New Facility Conover, NC (June 8, 2009) PSI-Polymer Systems Inc. has announced it has completed its move to an\" \/>\n<meta property=\"og:url\" content=\"https:\/\/www.psi-polymersystems.com\/pt\/about-us\/press-releases\/psi-polymer-systems-inc-completes-move-to-new-facility-conover-nc-june-8-2009\/\" \/>\n<meta property=\"og:site_name\" content=\"PSI-Polymer Systems\" \/>\n<meta property=\"article:publisher\" content=\"https:\/\/www.facebook.com\/psipolymersystems\/\" \/>\n<meta property=\"article:modified_time\" content=\"2020-09-23T17:47:19+00:00\" \/>\n<meta name=\"twitter:card\" content=\"summary_large_image\" \/>\n<meta name=\"twitter:label1\" content=\"Tempo estimado de leitura\" \/>\n\t<meta name=\"twitter:data1\" content=\"2 minutos\" \/>\n<script type=\"application\/ld+json\" class=\"yoast-schema-graph\">{\"@context\":\"https:\/\/schema.org\",\"@graph\":[{\"@type\":\"WebPage\",\"@id\":\"https:\/\/www.psi-polymersystems.com\/es\/about-us\/press-releases\/psi-polymer-systems-inc-completes-move-to-new-facility-conover-nc-june-8-2009\/\",\"url\":\"https:\/\/www.psi-polymersystems.com\/es\/about-us\/press-releases\/psi-polymer-systems-inc-completes-move-to-new-facility-conover-nc-june-8-2009\/\",\"name\":\"PSI-Polymer Systems, Inc. Completes Move To New Facility Conover, NC (June 8, 2009) - PSI-Polymer Systems\",\"isPartOf\":{\"@id\":\"https:\/\/www.psi-polymersystems.com\/#website\"},\"datePublished\":\"2020-09-23T17:46:17+00:00\",\"dateModified\":\"2020-09-23T17:47:19+00:00\",\"breadcrumb\":{\"@id\":\"https:\/\/www.psi-polymersystems.com\/es\/about-us\/press-releases\/psi-polymer-systems-inc-completes-move-to-new-facility-conover-nc-june-8-2009\/#breadcrumb\"},\"inLanguage\":\"pt-PT\",\"potentialAction\":[{\"@type\":\"ReadAction\",\"target\":[\"https:\/\/www.psi-polymersystems.com\/es\/about-us\/press-releases\/psi-polymer-systems-inc-completes-move-to-new-facility-conover-nc-june-8-2009\/\"]}]},{\"@type\":\"BreadcrumbList\",\"@id\":\"https:\/\/www.psi-polymersystems.com\/es\/about-us\/press-releases\/psi-polymer-systems-inc-completes-move-to-new-facility-conover-nc-june-8-2009\/#breadcrumb\",\"itemListElement\":[{\"@type\":\"ListItem\",\"position\":1,\"name\":\"Home\",\"item\":\"https:\/\/www.psi-polymersystems.com\/\"},{\"@type\":\"ListItem\",\"position\":2,\"name\":\"About Us\",\"item\":\"https:\/\/www.psi-polymersystems.com\/about-us\/\"},{\"@type\":\"ListItem\",\"position\":3,\"name\":\"Press Releases\",\"item\":\"https:\/\/www.psi-polymersystems.com\/about-us\/press-releases\/\"},{\"@type\":\"ListItem\",\"position\":4,\"name\":\"PSI-Polymer Systems, Inc. Completes Move To New Facility Conover, NC (June 8, 2009)\"}]},{\"@type\":\"WebSite\",\"@id\":\"https:\/\/www.psi-polymersystems.com\/#website\",\"url\":\"https:\/\/www.psi-polymersystems.com\/\",\"name\":\"PSI-Polymer Systems\",\"description\":\"\",\"publisher\":{\"@id\":\"https:\/\/www.psi-polymersystems.com\/#organization\"},\"potentialAction\":[{\"@type\":\"SearchAction\",\"target\":{\"@type\":\"EntryPoint\",\"urlTemplate\":\"https:\/\/www.psi-polymersystems.com\/?s={search_term_string}\"},\"query-input\":{\"@type\":\"PropertyValueSpecification\",\"valueRequired\":true,\"valueName\":\"search_term_string\"}}],\"inLanguage\":\"pt-PT\"},{\"@type\":\"Organization\",\"@id\":\"https:\/\/www.psi-polymersystems.com\/#organization\",\"name\":\"PSI-Polymer Systems, Inc.\",\"url\":\"https:\/\/www.psi-polymersystems.com\/\",\"logo\":{\"@type\":\"ImageObject\",\"inLanguage\":\"pt-PT\",\"@id\":\"https:\/\/www.psi-polymersystems.com\/#\/schema\/logo\/image\/\",\"url\":\"\",\"contentUrl\":\"\",\"caption\":\"PSI-Polymer Systems, Inc.\"},\"image\":{\"@id\":\"https:\/\/www.psi-polymersystems.com\/#\/schema\/logo\/image\/\"},\"sameAs\":[\"https:\/\/www.facebook.com\/psipolymersystems\/\",\"https:\/\/www.linkedin.com\/showcase\/psi-polymer-systems\"]}]}<\/script>\n<!-- \/ Yoast SEO Premium plugin. -->","yoast_head_json":{"title":"PSI-Polymer Systems, Inc. Completes Move To New Facility Conover, NC (June 8, 2009) - PSI-Polymer Systems","robots":{"index":"index","follow":"follow","max-snippet":"max-snippet:-1","max-image-preview":"max-image-preview:large","max-video-preview":"max-video-preview:-1"},"canonical":"https:\/\/www.psi-polymersystems.com\/pt\/about-us\/press-releases\/psi-polymer-systems-inc-completes-move-to-new-facility-conover-nc-june-8-2009\/","og_locale":"pt_PT","og_type":"article","og_title":"PSI-Polymer Systems, Inc. Completes Move To New Facility Conover, NC (June 8, 2009)","og_description":"PSI-Polymer Systems, Inc. Completes Move To New Facility Conover, NC (June 8, 2009) PSI-Polymer Systems Inc. has announced it has completed its move to an","og_url":"https:\/\/www.psi-polymersystems.com\/pt\/about-us\/press-releases\/psi-polymer-systems-inc-completes-move-to-new-facility-conover-nc-june-8-2009\/","og_site_name":"PSI-Polymer Systems","article_publisher":"https:\/\/www.facebook.com\/psipolymersystems\/","article_modified_time":"2020-09-23T17:47:19+00:00","twitter_card":"summary_large_image","twitter_misc":{"Tempo estimado de leitura":"2 minutos"},"schema":{"@context":"https:\/\/schema.org","@graph":[{"@type":"WebPage","@id":"https:\/\/www.psi-polymersystems.com\/es\/about-us\/press-releases\/psi-polymer-systems-inc-completes-move-to-new-facility-conover-nc-june-8-2009\/","url":"https:\/\/www.psi-polymersystems.com\/es\/about-us\/press-releases\/psi-polymer-systems-inc-completes-move-to-new-facility-conover-nc-june-8-2009\/","name":"PSI-Polymer Systems, Inc. Completes Move To New Facility Conover, NC (June 8, 2009) - PSI-Polymer Systems","isPartOf":{"@id":"https:\/\/www.psi-polymersystems.com\/#website"},"datePublished":"2020-09-23T17:46:17+00:00","dateModified":"2020-09-23T17:47:19+00:00","breadcrumb":{"@id":"https:\/\/www.psi-polymersystems.com\/es\/about-us\/press-releases\/psi-polymer-systems-inc-completes-move-to-new-facility-conover-nc-june-8-2009\/#breadcrumb"},"inLanguage":"pt-PT","potentialAction":[{"@type":"ReadAction","target":["https:\/\/www.psi-polymersystems.com\/es\/about-us\/press-releases\/psi-polymer-systems-inc-completes-move-to-new-facility-conover-nc-june-8-2009\/"]}]},{"@type":"BreadcrumbList","@id":"https:\/\/www.psi-polymersystems.com\/es\/about-us\/press-releases\/psi-polymer-systems-inc-completes-move-to-new-facility-conover-nc-june-8-2009\/#breadcrumb","itemListElement":[{"@type":"ListItem","position":1,"name":"Home","item":"https:\/\/www.psi-polymersystems.com\/"},{"@type":"ListItem","position":2,"name":"About Us","item":"https:\/\/www.psi-polymersystems.com\/about-us\/"},{"@type":"ListItem","position":3,"name":"Press Releases","item":"https:\/\/www.psi-polymersystems.com\/about-us\/press-releases\/"},{"@type":"ListItem","position":4,"name":"PSI-Polymer Systems, Inc. Completes Move To New Facility Conover, NC (June 8, 2009)"}]},{"@type":"WebSite","@id":"https:\/\/www.psi-polymersystems.com\/#website","url":"https:\/\/www.psi-polymersystems.com\/","name":"PSI-Polymer Systems","description":"","publisher":{"@id":"https:\/\/www.psi-polymersystems.com\/#organization"},"potentialAction":[{"@type":"SearchAction","target":{"@type":"EntryPoint","urlTemplate":"https:\/\/www.psi-polymersystems.com\/?s={search_term_string}"},"query-input":{"@type":"PropertyValueSpecification","valueRequired":true,"valueName":"search_term_string"}}],"inLanguage":"pt-PT"},{"@type":"Organization","@id":"https:\/\/www.psi-polymersystems.com\/#organization","name":"PSI-Polymer Systems, Inc.","url":"https:\/\/www.psi-polymersystems.com\/","logo":{"@type":"ImageObject","inLanguage":"pt-PT","@id":"https:\/\/www.psi-polymersystems.com\/#\/schema\/logo\/image\/","url":"","contentUrl":"","caption":"PSI-Polymer Systems, Inc."},"image":{"@id":"https:\/\/www.psi-polymersystems.com\/#\/schema\/logo\/image\/"},"sameAs":["https:\/\/www.facebook.com\/psipolymersystems\/","https:\/\/www.linkedin.com\/showcase\/psi-polymer-systems"]}]}},"_links":{"self":[{"href":"https:\/\/www.psi-polymersystems.com\/pt\/wp-json\/wp\/v2\/pages\/6088","targetHints":{"allow":["GET"]}}],"collection":[{"href":"https:\/\/www.psi-polymersystems.com\/pt\/wp-json\/wp\/v2\/pages"}],"about":[{"href":"https:\/\/www.psi-polymersystems.com\/pt\/wp-json\/wp\/v2\/types\/page"}],"author":[{"embeddable":true,"href":"https:\/\/www.psi-polymersystems.com\/pt\/wp-json\/wp\/v2\/users\/2"}],"replies":[{"embeddable":true,"href":"https:\/\/www.psi-polymersystems.com\/pt\/wp-json\/wp\/v2\/comments?post=6088"}],"version-history":[{"count":0,"href":"https:\/\/www.psi-polymersystems.com\/pt\/wp-json\/wp\/v2\/pages\/6088\/revisions"}],"up":[{"embeddable":true,"href":"https:\/\/www.psi-polymersystems.com\/pt\/wp-json\/wp\/v2\/pages\/5833"}],"wp:attachment":[{"href":"https:\/\/www.psi-polymersystems.com\/pt\/wp-json\/wp\/v2\/media?parent=6088"}],"curies":[{"name":"wp","href":"https:\/\/api.w.org\/{rel}","templated":true}]}}