{"id":6093,"date":"2020-09-23T17:49:35","date_gmt":"2020-09-23T17:49:35","guid":{"rendered":"https:\/\/psi-polymersystems.com\/?page_id=6093"},"modified":"2020-09-23T17:52:35","modified_gmt":"2020-09-23T17:52:35","slug":"psi-polymer-systems-to-introduce-new-extrusion-products-at-npe-2006-hickory-nc-june-19-2006","status":"publish","type":"page","link":"https:\/\/www.psi-polymersystems.com\/pt\/about-us\/press-releases\/psi-polymer-systems-to-introduce-new-extrusion-products-at-npe-2006-hickory-nc-june-19-2006\/","title":{"rendered":"PSI-Polymer Systems apresentar\u00e1 novos produtos de extrus\u00e3o na NPE 2006 Hickory, NC (19 de junho de 2006)"},"content":{"rendered":"<div data-elementor-type=\"wp-page\" data-elementor-id=\"6093\" class=\"elementor elementor-6093\" data-elementor-post-type=\"page\">\n\t\t\t\t\t\t<section class=\"elementor-section elementor-top-section elementor-element elementor-element-8df1e26 elementor-section-boxed elementor-section-height-default elementor-section-height-default\" data-id=\"8df1e26\" data-element_type=\"section\" data-e-type=\"section\">\n\t\t\t\t\t\t<div class=\"elementor-container elementor-column-gap-default\">\n\t\t\t\t\t<div class=\"elementor-column elementor-col-50 elementor-top-column elementor-element elementor-element-2b1c0899\" data-id=\"2b1c0899\" data-element_type=\"column\" data-e-type=\"column\">\n\t\t\t<div class=\"elementor-widget-wrap elementor-element-populated\">\n\t\t\t\t\t\t<div class=\"elementor-element elementor-element-382748de elementor-widget elementor-widget-heading\" data-id=\"382748de\" data-element_type=\"widget\" data-e-type=\"widget\" data-widget_type=\"heading.default\">\n\t\t\t\t<div class=\"elementor-widget-container\">\n\t\t\t\t\t<h2 class=\"elementor-heading-title elementor-size-default\">PSI-Polymer Systems apresentar\u00e1 novos produtos de extrus\u00e3o na NPE2006 Hickory, NC (19 de junho de 2006)<\/h2>\t\t\t\t<\/div>\n\t\t\t\t<\/div>\n\t\t\t\t<div class=\"elementor-element elementor-element-52d874e6 elementor-widget elementor-widget-text-editor\" data-id=\"52d874e6\" data-element_type=\"widget\" data-e-type=\"widget\" data-widget_type=\"text-editor.default\">\n\t\t\t\t<div class=\"elementor-widget-container\">\n\t\t\t\t\t\t\t\t\t<p>Na NPE 2006, a PSI-Polymer Systems Inc. apresentar\u00e1 v\u00e1rios novos produtos para a ind\u00fastria de extrus\u00e3o de pl\u00e1sticos. Esses produtos incluem:<\/p><ul><li>nova linha de bombas de engrenagem de extrus\u00e3o (EGP-PVC) para materiais desafiadores<\/li><li>nova linha de bombas de engrenagem EGP de substitui\u00e7\u00e3o para a maioria das grandes marcas<\/li><li>novos trocadores de tela hidr\u00e1ulica de placa deslizante de 6,5\u2033 e 10\u2033 (HSC)<\/li><\/ul><p>Al\u00e9m disso, a empresa anunciou a adi\u00e7\u00e3o de uma instala\u00e7\u00e3o de reparo de bomba de engrenagem e trocador de tela em sua sede em Hickory, NC. Esta instala\u00e7\u00e3o \u00e9 dedicada ao reparo de todas as principais marcas de bombas de engrenagem e trocadores de tela. A PSI dedicou uma equipe de funcion\u00e1rios para atender as instala\u00e7\u00f5es e tem uma meta de 24 horas para entrega de todos os produtos. Pe\u00e7as de reposi\u00e7\u00e3o para todas as principais marcas est\u00e3o em estoque e dispon\u00edveis para entrega imediata.<\/p><p><span style=\"text-decoration: underline;\">Bombas de engrenagem EGP para materiais desafiadores<\/span><\/p><p>A PSI-Polymer Systems Inc. lan\u00e7ou uma linha de bombas de engrenagem de extrus\u00e3o projetadas para uso em materiais desafiadores, incluindo espuma, PVC e resinas altamente carregadas.<\/p><p>A s\u00e9rie de bombas de engrenagem EGP-Foam \u00e9 especialmente projetada para o processamento de espuma de poliestireno, polietileno, polipropileno e materiais de espuma biodegrad\u00e1vel. As veda\u00e7\u00f5es especialmente projetadas da PSI eliminam vazamentos utilizando um comprimento estendido, passo de rosca especial e resfriamento progressivo do pol\u00edmero fundido. O material de veda\u00e7\u00e3o anticorrosivo nas bombas EGP tamb\u00e9m permite uma dissipa\u00e7\u00e3o de calor superior, em compara\u00e7\u00e3o com bombas com veda\u00e7\u00f5es feitas de carbono e a\u00e7o inoxid\u00e1vel. Este design elimina vazamentos com todos os tipos de agentes de expans\u00e3o, incluindo gases inertes.<\/p><p>A s\u00e9rie de bombas de engrenagem EGP \u2013 PVC \u00e9 especialmente projetada para o processamento de pol\u00edmeros termicamente sens\u00edveis onde o tempo de resid\u00eancia e distribui\u00e7\u00e3o s\u00e3o cr\u00edticos. A s\u00e9rie EGP \u2013 PVC utiliza um inv\u00f3lucro totalmente revestido para controle de temperatura superior, eliminando quaisquer pontos quentes potenciais que possam iniciar a degrada\u00e7\u00e3o. A metalurgia n\u00e3o corrosiva, al\u00e9m das passagens de fluxo altamente polidas, s\u00e3o projetadas para minimizar o tempo de resid\u00eancia, a degrada\u00e7\u00e3o do material e eliminar qualquer possibilidade de travamento do material. S\u00e3o fornecidas portas de purga ajust\u00e1veis para permitir a passagem do pol\u00edmero usado para lubrificar os rolamentos para o exterior da bomba. Este projeto permite o processamento de muitos pol\u00edmeros termicamente degrad\u00e1veis que n\u00e3o podem ser processados em bombas de engrenagens convencionais.<\/p><p><span style=\"text-decoration: underline;\">Introdu\u00e7\u00e3o da nova linha de bombas de engrenagem de reposi\u00e7\u00e3o EGP<\/span><\/p><p>A PSI tamb\u00e9m introduziu uma nova linha de bombas de engrenagem de extrus\u00e3o projetadas como substitutos diretos para as bombas mais competitivas. Al\u00e9m disso, essas bombas podem ser projetadas para permitir rendimentos de at\u00e9 60% maiores do que a bomba de engrenagem original. A PSI tamb\u00e9m usa veda\u00e7\u00f5es especialmente projetadas para eliminar vazamentos utilizando um comprimento estendido e um passo de rosca especial. O material de veda\u00e7\u00e3o n\u00e3o escoriante nas bombas EGP tamb\u00e9m permite uma folga reduzida do eixo da engrenagem\/selo, em compara\u00e7\u00e3o com bombas com veda\u00e7\u00f5es feitas de a\u00e7o carbono e a\u00e7o inoxid\u00e1vel.<\/p><p>A linha EGP de bombas de engrenagem tamb\u00e9m oferece um design compacto e um tamanho menor, em compara\u00e7\u00e3o com as bombas concorrentes. As engrenagens de a\u00e7o ferramenta endurecido e rolamentos nitretados da PSI permitem alta transfer\u00eancia de torque e longa vida \u00fatil.<\/p><p>As pe\u00e7as internas das bombas de engrenagem da s\u00e9rie EGP s\u00e3o intercambi\u00e1veis com as bombas mais competitivas e a pegada pode ser feita como uma queda direta nas bombas da concorr\u00eancia. Em muitos casos, as bombas EGP podem permitir taxas de sa\u00edda aumentadas de at\u00e9 60%, em compara\u00e7\u00e3o com as bombas de alguns concorrentes com a mesma pegada.<\/p><p>Este novo design de bomba de engrenagem permite que os processadores aumentem significativamente a produtividade de extrus\u00e3o onde a bomba de engrenagem \u00e9 o fator limitante, e sem ter que trocar as ferramentas ou adicionar espa\u00e7o \u00e0 linha de extrus\u00e3o.<\/p><p><span style=\"text-decoration: underline;\">Novos trocadores de tela hidr\u00e1ulicos HSC adicionados \u00e0 linha de produtos<\/span><\/p><p>A PSI introduziu dois novos troca-telas hidr\u00e1ulicos em sua linha HSC. A adi\u00e7\u00e3o dos trocadores de tela Modelo HSC-65 (165 mm) e Modelo HSC-100 (254 mm) permite que os usu\u00e1rios de extrusoras de 6,5&quot; (165 mm) e 10&quot; (254 mm) maximizem o desempenho de filtragem de suas linhas de extrus\u00e3o e ainda vantagem da capacidade de puxar o parafuso.<\/p><p>Anteriormente, os usu\u00e1rios de extrusoras de 6,5\u2033 (165mm) eram for\u00e7ados a usar um trocador de tela de seis (6) polegadas subdimensionado, sem possibilidade de passagem de parafuso, ou utilizar um modelo de oito (8) polegadas de grandes dimens\u00f5es com tempo de resid\u00eancia de pol\u00edmero estendido e mais estoque de materiais, resultando em maiores tempos de troca de produtos e cores. O modelo HSC-65 permite a passagem do parafuso e a \u00e1rea adequada de filtra\u00e7\u00e3o do fundido, minimizando o tempo de troca de produto e cor.<\/p><p>O modelo HSC-100 \u00e9 atualmente o maior troca-telas hidr\u00e1ulico da PSI. Projetado para extrusoras de 10\u2033 (254mm), ele pode lidar com sa\u00eddas de extrusoras de 3.000-10.000 lbs\/h e possui um grande di\u00e2metro de tela de 10 1\/8\u2033.<\/p><p>Os troca-telas hidr\u00e1ulicos modelo HSC da PSI tamb\u00e9m s\u00e3o equipados com uma veda\u00e7\u00e3o met\u00e1lica exclusiva com patente pendente, que suporta altas temperaturas e nunca requer substitui\u00e7\u00e3o ou ajuste. O selo exclusivo permite um processamento sem vazamentos e usa um design simplificado que elimina o desligamento do produto e da cor.<\/p>\t\t\t\t\t\t\t\t<\/div>\n\t\t\t\t<\/div>\n\t\t\t\t\t<\/div>\n\t\t<\/div>\n\t\t\t\t<div class=\"elementor-column elementor-col-50 elementor-top-column elementor-element elementor-element-16ec0790\" data-id=\"16ec0790\" data-element_type=\"column\" data-e-type=\"column\">\n\t\t\t<div class=\"elementor-widget-wrap\">\n\t\t\t\t\t\t\t<\/div>\n\t\t<\/div>\n\t\t\t\t\t<\/div>\n\t\t<\/section>\n\t\t\t\t<\/div>","protected":false},"excerpt":{"rendered":"<p>PSI-Polymer Systems apresenta novos produtos de extrus\u00e3o na NPE2006 Hickory, NC (19 de junho de 2006) Na NPE 2006, a PSI-Polymer Systems Inc. apresentar\u00e1 v\u00e1rios novos produtos para a ind\u00fastria de extrus\u00e3o de pl\u00e1sticos. Esses produtos incluem: nova linha de bombas de engrenagem de extrus\u00e3o (EGP-PVC) para materiais desafiadores nova linha de bombas de engrenagem EGP de substitui\u00e7\u00e3o para a maioria das grandes marcas [\u2026]<\/p>","protected":false},"author":2,"featured_media":0,"parent":5833,"menu_order":0,"comment_status":"closed","ping_status":"closed","template":"","meta":{"_monsterinsights_skip_tracking":false,"_monsterinsights_sitenote_active":false,"_monsterinsights_sitenote_note":"","_monsterinsights_sitenote_category":0,"footnotes":""},"class_list":["post-6093","page","type-page","status-publish","hentry"],"yoast_head":"<!-- This site is optimized with the Yoast SEO Premium plugin v25.0 (Yoast SEO v25.0) - https:\/\/yoast.com\/wordpress\/plugins\/seo\/ -->\n<title>PSI-Polymer Systems To Introduce New Extrusion Products at NPE 2006 Hickory, NC (June 19, 2006) - PSI-Polymer Systems<\/title>\n<meta name=\"robots\" content=\"index, follow, max-snippet:-1, max-image-preview:large, max-video-preview:-1\" \/>\n<link rel=\"canonical\" href=\"https:\/\/www.psi-polymersystems.com\/pt\/about-us\/press-releases\/psi-polymer-systems-to-introduce-new-extrusion-products-at-npe-2006-hickory-nc-june-19-2006\/\" \/>\n<meta property=\"og:locale\" content=\"pt_PT\" \/>\n<meta property=\"og:type\" content=\"article\" \/>\n<meta property=\"og:title\" content=\"PSI-Polymer Systems To Introduce New Extrusion Products at NPE 2006 Hickory, NC (June 19, 2006)\" \/>\n<meta property=\"og:description\" content=\"PSI-Polymer Systems To Introduce New Extrusion Products at NPE2006 Hickory, NC (June 19, 2006) At NPE 2006, PSI-Polymer Systems Inc. will introduce\" \/>\n<meta property=\"og:url\" content=\"https:\/\/www.psi-polymersystems.com\/pt\/about-us\/press-releases\/psi-polymer-systems-to-introduce-new-extrusion-products-at-npe-2006-hickory-nc-june-19-2006\/\" \/>\n<meta property=\"og:site_name\" content=\"PSI-Polymer Systems\" \/>\n<meta property=\"article:publisher\" content=\"https:\/\/www.facebook.com\/psipolymersystems\/\" \/>\n<meta property=\"article:modified_time\" content=\"2020-09-23T17:52:35+00:00\" \/>\n<meta name=\"twitter:card\" content=\"summary_large_image\" \/>\n<meta name=\"twitter:label1\" content=\"Tempo estimado de leitura\" \/>\n\t<meta name=\"twitter:data1\" content=\"4 minutos\" \/>\n<script type=\"application\/ld+json\" class=\"yoast-schema-graph\">{\"@context\":\"https:\/\/schema.org\",\"@graph\":[{\"@type\":\"WebPage\",\"@id\":\"https:\/\/www.psi-polymersystems.com\/about-us\/press-releases\/psi-polymer-systems-to-introduce-new-extrusion-products-at-npe-2006-hickory-nc-june-19-2006\/\",\"url\":\"https:\/\/www.psi-polymersystems.com\/about-us\/press-releases\/psi-polymer-systems-to-introduce-new-extrusion-products-at-npe-2006-hickory-nc-june-19-2006\/\",\"name\":\"PSI-Polymer Systems To Introduce New Extrusion Products at NPE 2006 Hickory, NC (June 19, 2006) - PSI-Polymer Systems\",\"isPartOf\":{\"@id\":\"https:\/\/www.psi-polymersystems.com\/#website\"},\"datePublished\":\"2020-09-23T17:49:35+00:00\",\"dateModified\":\"2020-09-23T17:52:35+00:00\",\"breadcrumb\":{\"@id\":\"https:\/\/www.psi-polymersystems.com\/about-us\/press-releases\/psi-polymer-systems-to-introduce-new-extrusion-products-at-npe-2006-hickory-nc-june-19-2006\/#breadcrumb\"},\"inLanguage\":\"pt-PT\",\"potentialAction\":[{\"@type\":\"ReadAction\",\"target\":[\"https:\/\/www.psi-polymersystems.com\/about-us\/press-releases\/psi-polymer-systems-to-introduce-new-extrusion-products-at-npe-2006-hickory-nc-june-19-2006\/\"]}]},{\"@type\":\"BreadcrumbList\",\"@id\":\"https:\/\/www.psi-polymersystems.com\/about-us\/press-releases\/psi-polymer-systems-to-introduce-new-extrusion-products-at-npe-2006-hickory-nc-june-19-2006\/#breadcrumb\",\"itemListElement\":[{\"@type\":\"ListItem\",\"position\":1,\"name\":\"Home\",\"item\":\"https:\/\/www.psi-polymersystems.com\/\"},{\"@type\":\"ListItem\",\"position\":2,\"name\":\"About Us\",\"item\":\"https:\/\/www.psi-polymersystems.com\/about-us\/\"},{\"@type\":\"ListItem\",\"position\":3,\"name\":\"Press Releases\",\"item\":\"https:\/\/www.psi-polymersystems.com\/about-us\/press-releases\/\"},{\"@type\":\"ListItem\",\"position\":4,\"name\":\"PSI-Polymer Systems To Introduce New Extrusion Products at NPE 2006 Hickory, NC (June 19, 2006)\"}]},{\"@type\":\"WebSite\",\"@id\":\"https:\/\/www.psi-polymersystems.com\/#website\",\"url\":\"https:\/\/www.psi-polymersystems.com\/\",\"name\":\"PSI-Polymer Systems\",\"description\":\"\",\"publisher\":{\"@id\":\"https:\/\/www.psi-polymersystems.com\/#organization\"},\"potentialAction\":[{\"@type\":\"SearchAction\",\"target\":{\"@type\":\"EntryPoint\",\"urlTemplate\":\"https:\/\/www.psi-polymersystems.com\/?s={search_term_string}\"},\"query-input\":{\"@type\":\"PropertyValueSpecification\",\"valueRequired\":true,\"valueName\":\"search_term_string\"}}],\"inLanguage\":\"pt-PT\"},{\"@type\":\"Organization\",\"@id\":\"https:\/\/www.psi-polymersystems.com\/#organization\",\"name\":\"PSI-Polymer Systems, Inc.\",\"url\":\"https:\/\/www.psi-polymersystems.com\/\",\"logo\":{\"@type\":\"ImageObject\",\"inLanguage\":\"pt-PT\",\"@id\":\"https:\/\/www.psi-polymersystems.com\/#\/schema\/logo\/image\/\",\"url\":\"\",\"contentUrl\":\"\",\"caption\":\"PSI-Polymer Systems, Inc.\"},\"image\":{\"@id\":\"https:\/\/www.psi-polymersystems.com\/#\/schema\/logo\/image\/\"},\"sameAs\":[\"https:\/\/www.facebook.com\/psipolymersystems\/\",\"https:\/\/www.linkedin.com\/showcase\/psi-polymer-systems\"]}]}<\/script>\n<!-- \/ Yoast SEO Premium plugin. -->","yoast_head_json":{"title":"PSI-Polymer Systems To Introduce New Extrusion Products at NPE 2006 Hickory, NC (June 19, 2006) - PSI-Polymer Systems","robots":{"index":"index","follow":"follow","max-snippet":"max-snippet:-1","max-image-preview":"max-image-preview:large","max-video-preview":"max-video-preview:-1"},"canonical":"https:\/\/www.psi-polymersystems.com\/pt\/about-us\/press-releases\/psi-polymer-systems-to-introduce-new-extrusion-products-at-npe-2006-hickory-nc-june-19-2006\/","og_locale":"pt_PT","og_type":"article","og_title":"PSI-Polymer Systems To Introduce New Extrusion Products at NPE 2006 Hickory, NC (June 19, 2006)","og_description":"PSI-Polymer Systems To Introduce New Extrusion Products at NPE2006 Hickory, NC (June 19, 2006) At NPE 2006, PSI-Polymer Systems Inc. will introduce","og_url":"https:\/\/www.psi-polymersystems.com\/pt\/about-us\/press-releases\/psi-polymer-systems-to-introduce-new-extrusion-products-at-npe-2006-hickory-nc-june-19-2006\/","og_site_name":"PSI-Polymer Systems","article_publisher":"https:\/\/www.facebook.com\/psipolymersystems\/","article_modified_time":"2020-09-23T17:52:35+00:00","twitter_card":"summary_large_image","twitter_misc":{"Tempo estimado de leitura":"4 minutos"},"schema":{"@context":"https:\/\/schema.org","@graph":[{"@type":"WebPage","@id":"https:\/\/www.psi-polymersystems.com\/about-us\/press-releases\/psi-polymer-systems-to-introduce-new-extrusion-products-at-npe-2006-hickory-nc-june-19-2006\/","url":"https:\/\/www.psi-polymersystems.com\/about-us\/press-releases\/psi-polymer-systems-to-introduce-new-extrusion-products-at-npe-2006-hickory-nc-june-19-2006\/","name":"PSI-Polymer Systems To Introduce New Extrusion Products at NPE 2006 Hickory, NC (June 19, 2006) - PSI-Polymer Systems","isPartOf":{"@id":"https:\/\/www.psi-polymersystems.com\/#website"},"datePublished":"2020-09-23T17:49:35+00:00","dateModified":"2020-09-23T17:52:35+00:00","breadcrumb":{"@id":"https:\/\/www.psi-polymersystems.com\/about-us\/press-releases\/psi-polymer-systems-to-introduce-new-extrusion-products-at-npe-2006-hickory-nc-june-19-2006\/#breadcrumb"},"inLanguage":"pt-PT","potentialAction":[{"@type":"ReadAction","target":["https:\/\/www.psi-polymersystems.com\/about-us\/press-releases\/psi-polymer-systems-to-introduce-new-extrusion-products-at-npe-2006-hickory-nc-june-19-2006\/"]}]},{"@type":"BreadcrumbList","@id":"https:\/\/www.psi-polymersystems.com\/about-us\/press-releases\/psi-polymer-systems-to-introduce-new-extrusion-products-at-npe-2006-hickory-nc-june-19-2006\/#breadcrumb","itemListElement":[{"@type":"ListItem","position":1,"name":"Home","item":"https:\/\/www.psi-polymersystems.com\/"},{"@type":"ListItem","position":2,"name":"About Us","item":"https:\/\/www.psi-polymersystems.com\/about-us\/"},{"@type":"ListItem","position":3,"name":"Press Releases","item":"https:\/\/www.psi-polymersystems.com\/about-us\/press-releases\/"},{"@type":"ListItem","position":4,"name":"PSI-Polymer Systems To Introduce New Extrusion Products at NPE 2006 Hickory, NC (June 19, 2006)"}]},{"@type":"WebSite","@id":"https:\/\/www.psi-polymersystems.com\/#website","url":"https:\/\/www.psi-polymersystems.com\/","name":"PSI-Polymer Systems","description":"","publisher":{"@id":"https:\/\/www.psi-polymersystems.com\/#organization"},"potentialAction":[{"@type":"SearchAction","target":{"@type":"EntryPoint","urlTemplate":"https:\/\/www.psi-polymersystems.com\/?s={search_term_string}"},"query-input":{"@type":"PropertyValueSpecification","valueRequired":true,"valueName":"search_term_string"}}],"inLanguage":"pt-PT"},{"@type":"Organization","@id":"https:\/\/www.psi-polymersystems.com\/#organization","name":"PSI-Polymer Systems, Inc.","url":"https:\/\/www.psi-polymersystems.com\/","logo":{"@type":"ImageObject","inLanguage":"pt-PT","@id":"https:\/\/www.psi-polymersystems.com\/#\/schema\/logo\/image\/","url":"","contentUrl":"","caption":"PSI-Polymer Systems, Inc."},"image":{"@id":"https:\/\/www.psi-polymersystems.com\/#\/schema\/logo\/image\/"},"sameAs":["https:\/\/www.facebook.com\/psipolymersystems\/","https:\/\/www.linkedin.com\/showcase\/psi-polymer-systems"]}]}},"_links":{"self":[{"href":"https:\/\/www.psi-polymersystems.com\/pt\/wp-json\/wp\/v2\/pages\/6093","targetHints":{"allow":["GET"]}}],"collection":[{"href":"https:\/\/www.psi-polymersystems.com\/pt\/wp-json\/wp\/v2\/pages"}],"about":[{"href":"https:\/\/www.psi-polymersystems.com\/pt\/wp-json\/wp\/v2\/types\/page"}],"author":[{"embeddable":true,"href":"https:\/\/www.psi-polymersystems.com\/pt\/wp-json\/wp\/v2\/users\/2"}],"replies":[{"embeddable":true,"href":"https:\/\/www.psi-polymersystems.com\/pt\/wp-json\/wp\/v2\/comments?post=6093"}],"version-history":[{"count":0,"href":"https:\/\/www.psi-polymersystems.com\/pt\/wp-json\/wp\/v2\/pages\/6093\/revisions"}],"up":[{"embeddable":true,"href":"https:\/\/www.psi-polymersystems.com\/pt\/wp-json\/wp\/v2\/pages\/5833"}],"wp:attachment":[{"href":"https:\/\/www.psi-polymersystems.com\/pt\/wp-json\/wp\/v2\/media?parent=6093"}],"curies":[{"name":"wp","href":"https:\/\/api.w.org\/{rel}","templated":true}]}}