{"id":6141,"date":"2020-09-24T12:33:39","date_gmt":"2020-09-24T12:33:39","guid":{"rendered":"https:\/\/psi-polymersystems.com\/?page_id=6141"},"modified":"2023-06-26T17:51:30","modified_gmt":"2023-06-26T17:51:30","slug":"integrapak-200","status":"publish","type":"page","link":"https:\/\/www.psi-polymersystems.com\/pt\/products\/controls\/integrapak-200\/","title":{"rendered":"IntegraPak-200"},"content":{"rendered":"<div data-elementor-type=\"wp-page\" data-elementor-id=\"6141\" class=\"elementor elementor-6141\" data-elementor-post-type=\"page\">\n\t\t\t\t\t\t<section class=\"elementor-section elementor-top-section elementor-element elementor-element-149bf143 elementor-section-boxed elementor-section-height-default elementor-section-height-default\" data-id=\"149bf143\" data-element_type=\"section\" data-e-type=\"section\">\n\t\t\t\t\t\t<div class=\"elementor-container elementor-column-gap-default\">\n\t\t\t\t\t<div class=\"elementor-column elementor-col-100 elementor-top-column elementor-element elementor-element-70695afa\" data-id=\"70695afa\" data-element_type=\"column\" data-e-type=\"column\">\n\t\t\t<div class=\"elementor-widget-wrap elementor-element-populated\">\n\t\t\t\t\t\t<div class=\"elementor-element elementor-element-30671196 elementor-widget elementor-widget-text-editor\" data-id=\"30671196\" data-element_type=\"widget\" data-e-type=\"widget\" data-widget_type=\"text-editor.default\">\n\t\t\t\t<div class=\"elementor-widget-container\">\n\t\t\t\t\t\t\t\t\t<h3><span style=\"color: #0693e3;\">Controle de Equipamento Integrado PLC IntegraPak-200<\/span><\/h3><h5>Opera uma (1) bomba de engrenagem e um (1) trocador de tela cont\u00ednuo de retrolavagem<\/h5>\t\t\t\t\t\t\t\t<\/div>\n\t\t\t\t<\/div>\n\t\t\t\t\t<\/div>\n\t\t<\/div>\n\t\t\t\t\t<\/div>\n\t\t<\/section>\n\t\t\t\t<section class=\"elementor-section elementor-top-section elementor-element elementor-element-2a37aec1 elementor-section-boxed elementor-section-height-default elementor-section-height-default\" data-id=\"2a37aec1\" data-element_type=\"section\" data-e-type=\"section\">\n\t\t\t\t\t\t<div class=\"elementor-container elementor-column-gap-default\">\n\t\t\t\t\t<div class=\"elementor-column elementor-col-33 elementor-top-column elementor-element elementor-element-54174c98\" data-id=\"54174c98\" data-element_type=\"column\" data-e-type=\"column\">\n\t\t\t<div class=\"elementor-widget-wrap elementor-element-populated\">\n\t\t\t\t\t\t<div class=\"elementor-element elementor-element-2c942c61 elementor-widget elementor-widget-image\" data-id=\"2c942c61\" data-element_type=\"widget\" data-e-type=\"widget\" data-widget_type=\"image.default\">\n\t\t\t\t<div class=\"elementor-widget-container\">\n\t\t\t\t\t\t\t\t\t\t\t\t\t\t\t<img decoding=\"async\" src=\"https:\/\/psi-polymersystems.com\/wp-content\/uploads\/2020\/09\/IntegraPak-200.jpg\" title=\"\" alt=\"\" loading=\"lazy\" \/>\t\t\t\t\t\t\t\t\t\t\t\t\t\t\t<\/div>\n\t\t\t\t<\/div>\n\t\t\t\t<div class=\"elementor-element elementor-element-2adae124 elementor-align-justify elementor-widget elementor-widget-button\" data-id=\"2adae124\" data-element_type=\"widget\" data-e-type=\"widget\" data-widget_type=\"button.default\">\n\t\t\t\t<div class=\"elementor-widget-container\">\n\t\t\t\t\t\t\t\t\t<div class=\"elementor-button-wrapper\">\n\t\t\t\t\t<a class=\"elementor-button elementor-button-link elementor-size-sm\" href=\"\/pt\/products\/controls\/system-and-line-controls\/\">\n\t\t\t\t\t\t<span class=\"elementor-button-content-wrapper\">\n\t\t\t\t\t\t\t\t\t<span class=\"elementor-button-text\">Voltar ao resumo dos controles<\/span>\n\t\t\t\t\t<\/span>\n\t\t\t\t\t<\/a>\n\t\t\t\t<\/div>\n\t\t\t\t\t\t\t\t<\/div>\n\t\t\t\t<\/div>\n\t\t\t\t<div class=\"elementor-element elementor-element-b94ffbd elementor-widget elementor-widget-image\" data-id=\"b94ffbd\" data-element_type=\"widget\" data-e-type=\"widget\" data-widget_type=\"image.default\">\n\t\t\t\t<div class=\"elementor-widget-container\">\n\t\t\t\t\t\t\t\t\t\t\t\t\t\t\t<img fetchpriority=\"high\" decoding=\"async\" width=\"844\" height=\"1024\" src=\"https:\/\/www.psi-polymersystems.com\/wp-content\/uploads\/2020\/09\/IntegraPak-200--844x1024.jpg\" class=\"attachment-large size-large wp-image-6171\" alt=\"Polymer Extrusion Gear Pump Screen Changer Control\" srcset=\"https:\/\/www.psi-polymersystems.com\/wp-content\/uploads\/2020\/09\/IntegraPak-200--844x1024.jpg 844w, https:\/\/www.psi-polymersystems.com\/wp-content\/uploads\/2020\/09\/IntegraPak-200--247x300.jpg 247w, https:\/\/www.psi-polymersystems.com\/wp-content\/uploads\/2020\/09\/IntegraPak-200--768x931.jpg 768w, https:\/\/www.psi-polymersystems.com\/wp-content\/uploads\/2020\/09\/IntegraPak-200--600x728.jpg 600w, https:\/\/www.psi-polymersystems.com\/wp-content\/uploads\/2020\/09\/IntegraPak-200-.jpg 1039w\" sizes=\"(max-width: 844px) 100vw, 844px\" \/>\t\t\t\t\t\t\t\t\t\t\t\t\t\t\t<\/div>\n\t\t\t\t<\/div>\n\t\t\t\t\t<\/div>\n\t\t<\/div>\n\t\t\t\t<div class=\"elementor-column elementor-col-33 elementor-top-column elementor-element elementor-element-22516112\" data-id=\"22516112\" data-element_type=\"column\" data-e-type=\"column\">\n\t\t\t<div class=\"elementor-widget-wrap elementor-element-populated\">\n\t\t\t\t\t\t<div class=\"elementor-element elementor-element-7cc8cd63 elementor-widget elementor-widget-text-editor\" data-id=\"7cc8cd63\" data-element_type=\"widget\" data-e-type=\"widget\" data-widget_type=\"text-editor.default\">\n\t\t\t\t<div class=\"elementor-widget-container\">\n\t\t\t\t\t\t\t\t\t<h4><span style=\"color: #0693e3;\">Descri\u00e7\u00e3o do produto<\/span><\/h4>\n<p>PLC: Allen Bradley (ou B&amp;R Automation)<\/p>\n<p>IHM: tela sens\u00edvel ao toque colorida de 10&quot;<\/p>\n<p>Opera uma (1) Bomba de Engrenagem e um (1) Trocador de Tela Cont\u00ednuo de Backflush. Interfaces com unidade extrusora, conforme aplic\u00e1vel.&nbsp;<\/p>\n<h4><span style=\"color: #0693e3;\">Exibe<\/span><\/h4>\n<p>Bomba de engrenagem<\/p>\n<ul>\n<li>Velocidade da bomba<\/li>\n<li>Atual<\/li>\n<li>Press\u00e3o de suc\u00e7\u00e3o e descarga<\/li>\n<\/ul>\n<p>Trocador de tela<\/p>\n<ul>\n<li>Posi\u00e7\u00f5es do pist\u00e3o<\/li>\n<li>Press\u00e3o de entrada \/ sa\u00edda \/ delta (transdutores de terceiros, se n\u00e3o fornecidos)<\/li>\n<li>Indica\u00e7\u00e3o de tela limpa visual<\/li>\n<li>Tempo desde a \u00faltima mudan\u00e7a de tela<\/li>\n<\/ul>\n<p>Alarmes do sistema e desligamento para:<\/p>\n<ul>\n<li>Press\u00e3o<\/li>\n<li>Suc\u00e7\u00e3o Baixa\/Alta<\/li>\n<li>Alta Descarga e Press\u00e3o Delta<\/li>\n<li>Alta corrente<\/li>\n<\/ul>\t\t\t\t\t\t\t\t<\/div>\n\t\t\t\t<\/div>\n\t\t\t\t\t<\/div>\n\t\t<\/div>\n\t\t\t\t<div class=\"elementor-column elementor-col-33 elementor-top-column elementor-element elementor-element-24cd8d96\" data-id=\"24cd8d96\" data-element_type=\"column\" data-e-type=\"column\">\n\t\t\t<div class=\"elementor-widget-wrap elementor-element-populated\">\n\t\t\t\t\t\t<div class=\"elementor-element elementor-element-182be601 elementor-widget elementor-widget-text-editor\" data-id=\"182be601\" data-element_type=\"widget\" data-e-type=\"widget\" data-widget_type=\"text-editor.default\">\n\t\t\t\t<div class=\"elementor-widget-container\">\n\t\t\t\t\t\t\t\t\t<h4><span style=\"color: #0693e3;\">Caracter\u00edsticas<\/span><\/h4><ul><li>Partida autom\u00e1tica (rampa autom\u00e1tica para produ\u00e7\u00e3o total)<\/li><li>Sele\u00e7\u00e3o\/inicializa\u00e7\u00e3o automatizada de produtos para armazenamento de receitas<\/li><li>Tendendo<\/li><li>Registro de dados<\/li><li>E\/S expans\u00edvel<\/li><li>Calibra\u00e7\u00e3o do transdutor<\/li><li>Rastreamento e coleta de dados de mem\u00f3ria flash remov\u00edvel<\/li><li>Comunica\u00e7\u00e3o Ethernet \/ Capaz de EWON<\/li><li>Visualizador VNC para exibir e usar a tela de controle em um monitor remoto\/maior<\/li><li>Op\u00e7\u00f5es de comunica\u00e7\u00e3o externa dispon\u00edveis mediante solicita\u00e7\u00e3o<\/li><\/ul>\t\t\t\t\t\t\t\t<\/div>\n\t\t\t\t<\/div>\n\t\t\t\t\t<\/div>\n\t\t<\/div>\n\t\t\t\t\t<\/div>\n\t\t<\/section>\n\t\t\t\t<\/div>","protected":false},"excerpt":{"rendered":"<p>O controle de equipamento integrado PLC IntegraPak-200 opera uma (1) bomba de engrenagens e um (1) trocador de tela cont\u00ednuo de backflush Voltar aos controles Resumo Descri\u00e7\u00e3o do produto PLC: Allen Bradley (ou B&amp;R Automation) HMI: tela sens\u00edvel ao toque colorida de 10\u201d Opera um (1) Bomba de engrenagens e um (1) trocador de tela cont\u00ednuo de backflush. Interfaces com unidade de extrusora conforme aplic\u00e1vel. Exibe bomba de engrenagem [...]<\/p>","protected":false},"author":2,"featured_media":0,"parent":349,"menu_order":0,"comment_status":"closed","ping_status":"closed","template":"","meta":{"_monsterinsights_skip_tracking":false,"_monsterinsights_sitenote_active":false,"_monsterinsights_sitenote_note":"","_monsterinsights_sitenote_category":0,"footnotes":""},"class_list":["post-6141","page","type-page","status-publish","hentry"],"yoast_head":"<!-- This site is optimized with the Yoast SEO Premium plugin v25.0 (Yoast SEO v25.0) - https:\/\/yoast.com\/wordpress\/plugins\/seo\/ -->\n<title>IntegraPak-200 - PSI-Polymer Systems<\/title>\n<meta name=\"robots\" content=\"index, follow, max-snippet:-1, max-image-preview:large, max-video-preview:-1\" \/>\n<link rel=\"canonical\" href=\"https:\/\/www.psi-polymersystems.com\/pt\/products\/controls\/integrapak-200\/\" \/>\n<meta property=\"og:locale\" content=\"pt_PT\" \/>\n<meta property=\"og:type\" content=\"article\" \/>\n<meta property=\"og:title\" content=\"IntegraPak-200\" \/>\n<meta property=\"og:description\" content=\"IntegraPak-200 PLC Integrated Equipment ControlOperates one (1) Gear Pump and one (1) Backflush Continuous Screen Changer Back to Controls Summary Product\" \/>\n<meta property=\"og:url\" content=\"https:\/\/www.psi-polymersystems.com\/pt\/products\/controls\/integrapak-200\/\" \/>\n<meta property=\"og:site_name\" content=\"PSI-Polymer Systems\" \/>\n<meta property=\"article:publisher\" content=\"https:\/\/www.facebook.com\/psipolymersystems\/\" \/>\n<meta property=\"article:modified_time\" content=\"2023-06-26T17:51:30+00:00\" \/>\n<meta property=\"og:image\" content=\"https:\/\/psi-polymersystems.com\/wp-content\/uploads\/2020\/09\/IntegraPak-200.jpg\" \/>\n<meta name=\"twitter:card\" content=\"summary_large_image\" \/>\n<meta name=\"twitter:label1\" content=\"Tempo estimado de leitura\" \/>\n\t<meta name=\"twitter:data1\" content=\"2 minutos\" \/>\n<script type=\"application\/ld+json\" class=\"yoast-schema-graph\">{\"@context\":\"https:\/\/schema.org\",\"@graph\":[{\"@type\":\"WebPage\",\"@id\":\"https:\/\/www.psi-polymersystems.com\/es\/products\/controls\/integrapak-200\/\",\"url\":\"https:\/\/www.psi-polymersystems.com\/es\/products\/controls\/integrapak-200\/\",\"name\":\"IntegraPak-200 - PSI-Polymer Systems\",\"isPartOf\":{\"@id\":\"https:\/\/www.psi-polymersystems.com\/#website\"},\"primaryImageOfPage\":{\"@id\":\"https:\/\/www.psi-polymersystems.com\/es\/products\/controls\/integrapak-200\/#primaryimage\"},\"image\":{\"@id\":\"https:\/\/www.psi-polymersystems.com\/es\/products\/controls\/integrapak-200\/#primaryimage\"},\"thumbnailUrl\":\"https:\/\/psi-polymersystems.com\/wp-content\/uploads\/2020\/09\/IntegraPak-200.jpg\",\"datePublished\":\"2020-09-24T12:33:39+00:00\",\"dateModified\":\"2023-06-26T17:51:30+00:00\",\"breadcrumb\":{\"@id\":\"https:\/\/www.psi-polymersystems.com\/es\/products\/controls\/integrapak-200\/#breadcrumb\"},\"inLanguage\":\"pt-PT\",\"potentialAction\":[{\"@type\":\"ReadAction\",\"target\":[\"https:\/\/www.psi-polymersystems.com\/es\/products\/controls\/integrapak-200\/\"]}]},{\"@type\":\"ImageObject\",\"inLanguage\":\"pt-PT\",\"@id\":\"https:\/\/www.psi-polymersystems.com\/es\/products\/controls\/integrapak-200\/#primaryimage\",\"url\":\"https:\/\/psi-polymersystems.com\/wp-content\/uploads\/2020\/09\/IntegraPak-200.jpg\",\"contentUrl\":\"https:\/\/psi-polymersystems.com\/wp-content\/uploads\/2020\/09\/IntegraPak-200.jpg\"},{\"@type\":\"BreadcrumbList\",\"@id\":\"https:\/\/www.psi-polymersystems.com\/es\/products\/controls\/integrapak-200\/#breadcrumb\",\"itemListElement\":[{\"@type\":\"ListItem\",\"position\":1,\"name\":\"Home\",\"item\":\"https:\/\/www.psi-polymersystems.com\/\"},{\"@type\":\"ListItem\",\"position\":2,\"name\":\"Product Overview\",\"item\":\"https:\/\/www.psi-polymersystems.com\/products\/\"},{\"@type\":\"ListItem\",\"position\":3,\"name\":\"Controls\",\"item\":\"https:\/\/www.psi-polymersystems.com\/es\/products\/controls\/\"},{\"@type\":\"ListItem\",\"position\":4,\"name\":\"IntegraPak-200\"}]},{\"@type\":\"WebSite\",\"@id\":\"https:\/\/www.psi-polymersystems.com\/#website\",\"url\":\"https:\/\/www.psi-polymersystems.com\/\",\"name\":\"PSI-Polymer Systems\",\"description\":\"\",\"publisher\":{\"@id\":\"https:\/\/www.psi-polymersystems.com\/#organization\"},\"potentialAction\":[{\"@type\":\"SearchAction\",\"target\":{\"@type\":\"EntryPoint\",\"urlTemplate\":\"https:\/\/www.psi-polymersystems.com\/?s={search_term_string}\"},\"query-input\":{\"@type\":\"PropertyValueSpecification\",\"valueRequired\":true,\"valueName\":\"search_term_string\"}}],\"inLanguage\":\"pt-PT\"},{\"@type\":\"Organization\",\"@id\":\"https:\/\/www.psi-polymersystems.com\/#organization\",\"name\":\"PSI-Polymer Systems, Inc.\",\"url\":\"https:\/\/www.psi-polymersystems.com\/\",\"logo\":{\"@type\":\"ImageObject\",\"inLanguage\":\"pt-PT\",\"@id\":\"https:\/\/www.psi-polymersystems.com\/#\/schema\/logo\/image\/\",\"url\":\"\",\"contentUrl\":\"\",\"caption\":\"PSI-Polymer Systems, Inc.\"},\"image\":{\"@id\":\"https:\/\/www.psi-polymersystems.com\/#\/schema\/logo\/image\/\"},\"sameAs\":[\"https:\/\/www.facebook.com\/psipolymersystems\/\",\"https:\/\/www.linkedin.com\/showcase\/psi-polymer-systems\"]}]}<\/script>\n<!-- \/ Yoast SEO Premium plugin. -->","yoast_head_json":{"title":"IntegraPak-200 - PSI-Polymer Systems","robots":{"index":"index","follow":"follow","max-snippet":"max-snippet:-1","max-image-preview":"max-image-preview:large","max-video-preview":"max-video-preview:-1"},"canonical":"https:\/\/www.psi-polymersystems.com\/pt\/products\/controls\/integrapak-200\/","og_locale":"pt_PT","og_type":"article","og_title":"IntegraPak-200","og_description":"IntegraPak-200 PLC Integrated Equipment ControlOperates one (1) Gear Pump and one (1) Backflush Continuous Screen Changer Back to Controls Summary Product","og_url":"https:\/\/www.psi-polymersystems.com\/pt\/products\/controls\/integrapak-200\/","og_site_name":"PSI-Polymer Systems","article_publisher":"https:\/\/www.facebook.com\/psipolymersystems\/","article_modified_time":"2023-06-26T17:51:30+00:00","og_image":[{"url":"https:\/\/psi-polymersystems.com\/wp-content\/uploads\/2020\/09\/IntegraPak-200.jpg","type":"","width":"","height":""}],"twitter_card":"summary_large_image","twitter_misc":{"Tempo estimado de leitura":"2 minutos"},"schema":{"@context":"https:\/\/schema.org","@graph":[{"@type":"WebPage","@id":"https:\/\/www.psi-polymersystems.com\/es\/products\/controls\/integrapak-200\/","url":"https:\/\/www.psi-polymersystems.com\/es\/products\/controls\/integrapak-200\/","name":"IntegraPak-200 - PSI-Polymer Systems","isPartOf":{"@id":"https:\/\/www.psi-polymersystems.com\/#website"},"primaryImageOfPage":{"@id":"https:\/\/www.psi-polymersystems.com\/es\/products\/controls\/integrapak-200\/#primaryimage"},"image":{"@id":"https:\/\/www.psi-polymersystems.com\/es\/products\/controls\/integrapak-200\/#primaryimage"},"thumbnailUrl":"https:\/\/psi-polymersystems.com\/wp-content\/uploads\/2020\/09\/IntegraPak-200.jpg","datePublished":"2020-09-24T12:33:39+00:00","dateModified":"2023-06-26T17:51:30+00:00","breadcrumb":{"@id":"https:\/\/www.psi-polymersystems.com\/es\/products\/controls\/integrapak-200\/#breadcrumb"},"inLanguage":"pt-PT","potentialAction":[{"@type":"ReadAction","target":["https:\/\/www.psi-polymersystems.com\/es\/products\/controls\/integrapak-200\/"]}]},{"@type":"ImageObject","inLanguage":"pt-PT","@id":"https:\/\/www.psi-polymersystems.com\/es\/products\/controls\/integrapak-200\/#primaryimage","url":"https:\/\/psi-polymersystems.com\/wp-content\/uploads\/2020\/09\/IntegraPak-200.jpg","contentUrl":"https:\/\/psi-polymersystems.com\/wp-content\/uploads\/2020\/09\/IntegraPak-200.jpg"},{"@type":"BreadcrumbList","@id":"https:\/\/www.psi-polymersystems.com\/es\/products\/controls\/integrapak-200\/#breadcrumb","itemListElement":[{"@type":"ListItem","position":1,"name":"Home","item":"https:\/\/www.psi-polymersystems.com\/"},{"@type":"ListItem","position":2,"name":"Product Overview","item":"https:\/\/www.psi-polymersystems.com\/products\/"},{"@type":"ListItem","position":3,"name":"Controls","item":"https:\/\/www.psi-polymersystems.com\/es\/products\/controls\/"},{"@type":"ListItem","position":4,"name":"IntegraPak-200"}]},{"@type":"WebSite","@id":"https:\/\/www.psi-polymersystems.com\/#website","url":"https:\/\/www.psi-polymersystems.com\/","name":"PSI-Polymer Systems","description":"","publisher":{"@id":"https:\/\/www.psi-polymersystems.com\/#organization"},"potentialAction":[{"@type":"SearchAction","target":{"@type":"EntryPoint","urlTemplate":"https:\/\/www.psi-polymersystems.com\/?s={search_term_string}"},"query-input":{"@type":"PropertyValueSpecification","valueRequired":true,"valueName":"search_term_string"}}],"inLanguage":"pt-PT"},{"@type":"Organization","@id":"https:\/\/www.psi-polymersystems.com\/#organization","name":"PSI-Polymer Systems, Inc.","url":"https:\/\/www.psi-polymersystems.com\/","logo":{"@type":"ImageObject","inLanguage":"pt-PT","@id":"https:\/\/www.psi-polymersystems.com\/#\/schema\/logo\/image\/","url":"","contentUrl":"","caption":"PSI-Polymer Systems, Inc."},"image":{"@id":"https:\/\/www.psi-polymersystems.com\/#\/schema\/logo\/image\/"},"sameAs":["https:\/\/www.facebook.com\/psipolymersystems\/","https:\/\/www.linkedin.com\/showcase\/psi-polymer-systems"]}]}},"_links":{"self":[{"href":"https:\/\/www.psi-polymersystems.com\/pt\/wp-json\/wp\/v2\/pages\/6141","targetHints":{"allow":["GET"]}}],"collection":[{"href":"https:\/\/www.psi-polymersystems.com\/pt\/wp-json\/wp\/v2\/pages"}],"about":[{"href":"https:\/\/www.psi-polymersystems.com\/pt\/wp-json\/wp\/v2\/types\/page"}],"author":[{"embeddable":true,"href":"https:\/\/www.psi-polymersystems.com\/pt\/wp-json\/wp\/v2\/users\/2"}],"replies":[{"embeddable":true,"href":"https:\/\/www.psi-polymersystems.com\/pt\/wp-json\/wp\/v2\/comments?post=6141"}],"version-history":[{"count":0,"href":"https:\/\/www.psi-polymersystems.com\/pt\/wp-json\/wp\/v2\/pages\/6141\/revisions"}],"up":[{"embeddable":true,"href":"https:\/\/www.psi-polymersystems.com\/pt\/wp-json\/wp\/v2\/pages\/349"}],"wp:attachment":[{"href":"https:\/\/www.psi-polymersystems.com\/pt\/wp-json\/wp\/v2\/media?parent=6141"}],"curies":[{"name":"wp","href":"https:\/\/api.w.org\/{rel}","templated":true}]}}