{"id":8230,"date":"2022-08-02T13:49:24","date_gmt":"2022-08-02T13:49:24","guid":{"rendered":"https:\/\/psi-polymersystems.com\/?page_id=8230"},"modified":"2022-08-03T15:40:08","modified_gmt":"2022-08-03T15:40:08","slug":"processors-turn-to-gear-pumps-to-boost-extruder-output-and-meet-surging-manufacturing-activity-august-2-2022","status":"publish","type":"page","link":"https:\/\/www.psi-polymersystems.com\/pt\/about-us\/press-releases\/processors-turn-to-gear-pumps-to-boost-extruder-output-and-meet-surging-manufacturing-activity-august-2-2022\/","title":{"rendered":"Processadores recorrem a bombas de engrenagem para aumentar a produ\u00e7\u00e3o da extrusora e atender \u00e0 crescente atividade de fabrica\u00e7\u00e3o (2 de agosto de 2022)"},"content":{"rendered":"<div data-elementor-type=\"wp-page\" data-elementor-id=\"8230\" class=\"elementor elementor-8230\" data-elementor-post-type=\"page\">\n\t\t\t\t\t\t<section class=\"elementor-section elementor-top-section elementor-element elementor-element-4fdb5df3 elementor-section-boxed elementor-section-height-default elementor-section-height-default\" data-id=\"4fdb5df3\" data-element_type=\"section\" data-e-type=\"section\">\n\t\t\t\t\t\t<div class=\"elementor-container elementor-column-gap-default\">\n\t\t\t\t\t<div class=\"elementor-column elementor-col-50 elementor-top-column elementor-element elementor-element-3885d546\" data-id=\"3885d546\" data-element_type=\"column\" data-e-type=\"column\">\n\t\t\t<div class=\"elementor-widget-wrap elementor-element-populated\">\n\t\t\t\t\t\t<div class=\"elementor-element elementor-element-69a64ce1 elementor-widget elementor-widget-heading\" data-id=\"69a64ce1\" data-element_type=\"widget\" data-e-type=\"widget\" data-widget_type=\"heading.default\">\n\t\t\t\t<div class=\"elementor-widget-container\">\n\t\t\t\t\t<h2 class=\"elementor-heading-title elementor-size-default\">Processadores recorrem a bombas de engrenagem para aumentar a produ\u00e7\u00e3o da extrusora e atender \u00e0 crescente atividade de fabrica\u00e7\u00e3o (2 de agosto de 2022)<\/h2>\t\t\t\t<\/div>\n\t\t\t\t<\/div>\n\t\t\t\t<div class=\"elementor-element elementor-element-2a60f16c elementor-widget elementor-widget-text-editor\" data-id=\"2a60f16c\" data-element_type=\"widget\" data-e-type=\"widget\" data-widget_type=\"text-editor.default\">\n\t\t\t\t<div class=\"elementor-widget-container\">\n\t\t\t\t\t\t\t\t\t<p><em>A PSI-Polymer Systems Inc. v\u00ea um grande aumento nos pedidos \u00e0 medida que os processadores se tornam criativos para atender \u00e0s demandas de produ\u00e7\u00e3o de extrus\u00e3o<\/em><\/p><p><strong>\u00a0 \u00a0 \u00a0CONOVER, Carolina do Norte, 2 de agosto de 2022 \u2013<\/strong> Com maior demanda de capacidade e prazos de entrega estendidos para equipamentos de produ\u00e7\u00e3o, incluindo extrusoras, os processadores se voltaram para as bombas de engrenagem como uma solu\u00e7\u00e3o para aumentar a produtividade e atender \u00e0s crescentes demandas de fabrica\u00e7\u00e3o do pa\u00eds, de acordo com a PSI-Polymers Systems Inc. (PSI), fornecedora l\u00edder global de bombas de engrenagem de alto desempenho, trocadores de tela, auxiliares personalizados e reconstru\u00e7\u00f5es para as ind\u00fastrias de pol\u00edmeros, adesivos, produtos qu\u00edmicos e processamento de alimentos.<\/p><p>\u00a0 \u00a0 \u00a0 \u00a0Nos \u00faltimos dois anos, a PSI experimentou um aumento maci\u00e7o nos pedidos de bombas de engrenagem devido em grande parte \u00e0 escassez de novas extrusoras que tiveram prazos de entrega de mais de 50 semanas. Da mesma forma, extrusoras usadas foram compradas e processadores ficaram lutando para encontrar maneiras de atender \u00e0 demanda, de acordo com Don Macnamara, gerente geral da PSI-Polymer Systems Inc. volume de neg\u00f3cios, os processadores est\u00e3o usando todos os recursos dispon\u00edveis e pensando de forma criativa para gerenciar o aumento das pend\u00eancias e reter clientes\u201d, disse Macnamara. \u201cAtrasos excessivos e prazos de entrega mais longos podem resultar no desvio do cliente e no potencial aumentado de perda de longo prazo de relacionamentos comerciais valiosos. Os processadores est\u00e3o fazendo todo o poss\u00edvel para aumentar as sa\u00eddas para reduzir os prazos de entrega. \u00c9 aqui que entra a bomba de engrenagem.\u201d<\/p><p>\u00a0 \u00a0 \u00a0 \u00a0Normalmente, as bombas de engrenagem s\u00e3o instaladas em uma linha de extrus\u00e3o para controlar a estabilidade dimensional do perfil e o peso por comprimento. No entanto, os processadores agora foram r\u00e1pidos em avaliar e priorizar os ganhos de produ\u00e7\u00e3o disponibilizados pela bomba de engrenagem. A bomba de engrenagens assume a fun\u00e7\u00e3o geradora de press\u00e3o da extrusora e permite que ela fa\u00e7a o que faz de melhor: alimentar, derreter e dosar, diz Macnamara.\u00a0<\/p><p>\u00a0 \u00a0 \u00a0 \u00a0Com a fun\u00e7\u00e3o de press\u00e3o removida, a extrusora opera com uma press\u00e3o de cabe\u00e7a mais baixa. Isso aumenta efetivamente a sa\u00edda da extrusora<u>\u00a0<\/u>reduzindo as perdas induzidas por contrapress\u00e3o no fluxo. De acordo com Macnamara, extrusoras mais antigas costumam ter um ganho de sa\u00edda de 18%-25%. A adi\u00e7\u00e3o de bombas de engrenagem a 4 a 5 extrusoras mais antigas pode gerar um ganho de produ\u00e7\u00e3o semelhante ao da adi\u00e7\u00e3o de uma nova linha de extrus\u00e3o. As novas extrusoras obt\u00eam ganhos de aproximadamente 10%. Os ganhos de sa\u00edda dependem da viscosidade do material e de quanto material est\u00e1 sendo retido pela press\u00e3o.\u00a0<\/p><p>\u00a0 \u00a0 \u00a0 \u00a0Uma bomba de engrenagem tamb\u00e9m amortece os efeitos da varia\u00e7\u00e3o de press\u00e3o da extrusora na matriz em uma faixa de 20:1 a 50:1, dependendo do processo. Isso permite o controle de medidor\/parede nominalmente +\/- 0,25%, reduzindo significativamente a quantidade de resina usada por p\u00e9 linear. Por exemplo, sem bomba de derretimento, uma se\u00e7\u00e3o de tubo de 1 p\u00e9 e 1,5&quot; de di\u00e2metro (SDR 13,5) feita em dire\u00e7\u00e3o \u00e0 extremidade mais pesada da especifica\u00e7\u00e3o ASTM tem um peso alvo de 151g (0,333 lb). A adi\u00e7\u00e3o de uma bomba de derretimento \u00e0 linha fornece um perfil consistentemente preciso em dire\u00e7\u00e3o \u00e0 extremidade inferior da especifica\u00e7\u00e3o ASTM com um peso reduzido de 145 g (0,320 lb) por p\u00e9. Isso resulta em uma economia l\u00edquida de 6 gramas (0,013 lb) por p\u00e9 linear. A uma velocidade de linha de 65 fpm, uma opera\u00e7\u00e3o 20\/5\/50 poderia gerar uma economia l\u00edquida anual de material de mais de um quarto de milh\u00e3o de libras por ano.<\/p><p>\u00a0 \u00a0 \u00a0 \u00a0\u201cEm um mercado onde os pre\u00e7os s\u00e3o vol\u00e1teis e a disponibilidade de recursos muitas vezes imprevis\u00edvel, reduzir a porcentagem de material distribu\u00eddo no produto pode significar a diferen\u00e7a entre fazer remessas adicionais ou olhar para silos vazios\u201d, disse Macnamara.<\/p><p>\u00a0 \u00a0 \u00a0 \u00a0A mudan\u00e7a da fun\u00e7\u00e3o de gera\u00e7\u00e3o de press\u00e3o para a bomba de fus\u00e3o tamb\u00e9m reduz a carga de amperagem na extrusora. Materiais de \u00edndice de viscosidade\/fus\u00e3o fracionada mais altos ter\u00e3o o maior benef\u00edcio. Menor carga de amperagem se traduz em menores custos de energia. Na maioria dos casos, adicionar o motor da bomba de engrenagem \u00e0 linha reduz o consumo geral de amperes e gera uma economia geral significativa de energia. Al\u00e9m disso, a press\u00e3o mais baixa do cabe\u00e7ote da extrusora coloca menos carga no mancal de encosto e na caixa de engrenagens, aumentando a vida \u00fatil esperada e reduzindo o desgaste da extrusora.<\/p><p>\u00a0 \u00a0 \u00a0 \u00a0 \u00a0 \u00a0 \u00a0 \u00a0 \u00a0 \u00a0 \u00a0 \u00a0 \u00a0 \u00a0 \u00a0 \u00a0 \u00a0 \u00a0 \u00a0 \u00a0 \u00a0 \u00a0 \u00a0 \u00a0 #\u00a0\u00a0\u00a0\u00a0\u00a0\u00a0\u00a0\u00a0 #\u00a0\u00a0\u00a0\u00a0\u00a0\u00a0\u00a0\u00a0 #<\/p><p><strong>Sobre a PSI-Polymer Systems Inc.\u00a0\u00a0\u00a0\u00a0\u00a0\u00a0\u00a0\u00a0\u00a0\u00a0\u00a0\u00a0\u00a0\u00a0\u00a0\u00a0\u00a0\u00a0\u00a0\u00a0\u00a0\u00a0\u00a0\u00a0\u00a0\u00a0\u00a0\u00a0\u00a0\u00a0\u00a0\u00a0\u00a0\u00a0\u00a0\u00a0\u00a0\u00a0\u00a0\u00a0\u00a0\u00a0\u00a0\u00a0\u00a0\u00a0\u00a0\u00a0\u00a0\u00a0\u00a0\u00a0\u00a0\u00a0\u00a0\u00a0\u00a0\u00a0\u00a0\u00a0\u00a0\u00a0\u00a0\u00a0\u00a0\u00a0\u00a0\u00a0\u00a0\u00a0\u00a0\u00a0\u00a0\u00a0\u00a0\u00a0\u00a0\u00a0\u00a0\u00a0\u00a0\u00a0\u00a0\u00a0\u00a0\u00a0\u00a0\u00a0\u00a0\u00a0\u00a0\u00a0\u00a0\u00a0\u00a0\u00a0\u00a0\u00a0\u00a0 <\/strong>Fundada em 2000 por um veterano da ind\u00fastria e apoiada por uma equipe dedicada de ex-propriet\u00e1rios de empresas de bombas de engrenagens e trocadores de tela, a vis\u00e3o da PSI de sistematizar o hardware do processo entre a extrusora e a matriz rapidamente se consolidou. Apresentando tecnologias que incorporaram melhorias de m\u00e1quina propriet\u00e1rias e patenteadas, a PSI desafiou o projeto de sistema convencional e, por fim, elevou os padr\u00f5es da ind\u00fastria para desempenho e fornecimento.\u00a0<\/p><p>Para requisitos de filtragem de adesivo de pol\u00edmero e hot melt, os tipos de trocador de tela PSI incluem Backflush (CSC-BF), pist\u00e3o duplo cont\u00ednuo (CSC), pist\u00e3o \u00fanico descont\u00ednuo (DSC), placa deslizante hidr\u00e1ulica (HSC), placa deslizante manual (MSC) , e Filtros em Linha (ILF). Para grandes reatores de pol\u00edmeros e linhas de composi\u00e7\u00e3o, a PSI oferece trocadores de tela cont\u00ednuos de \u00e1rea estendida (EAC). Os tipos de bomba de engrenagem incluem: bomba de engrenagem de extrus\u00e3o (EGP), bomba de engrenagem de alta press\u00e3o (HGP), bomba de engrenagem qu\u00edmica-industrial (CIP) e bomba de engrenagem de fluoropol\u00edmero (FGP) para pl\u00e1sticos fluorados. Para mais informa\u00e7\u00f5es visite <a href=\"http:\/\/www.psi-polymersystems.com\/pt\/\">www.psi-polymersystems.com<\/a>. \u00a0\u00a0\u00a0\u00a0\u00a0\u00a0\u00a0\u00a0\u00a0\u00a0\u00a0\u00a0\u00a0\u00a0\u00a0\u00a0\u00a0\u00a0\u00a0\u00a0\u00a0\u00a0\u00a0\u00a0\u00a0\u00a0\u00a0\u00a0\u00a0\u00a0\u00a0\u00a0\u00a0\u00a0\u00a0\u00a0\u00a0\u00a0\u00a0\u00a0\u00a0\u00a0\u00a0\u00a0\u00a0\u00a0\u00a0\u00a0\u00a0\u00a0\u00a0\u00a0\u00a0\u00a0\u00a0\u00a0\u00a0\u00a0\u00a0\u00a0\u00a0\u00a0\u00a0\u00a0<\/p>\t\t\t\t\t\t\t\t<\/div>\n\t\t\t\t<\/div>\n\t\t\t\t\t<\/div>\n\t\t<\/div>\n\t\t\t\t<div class=\"elementor-column elementor-col-50 elementor-top-column elementor-element elementor-element-6a9624b4\" data-id=\"6a9624b4\" data-element_type=\"column\" data-e-type=\"column\">\n\t\t\t<div class=\"elementor-widget-wrap elementor-element-populated\">\n\t\t\t\t\t\t<div class=\"elementor-element elementor-element-f6232cf elementor-widget elementor-widget-image\" data-id=\"f6232cf\" data-element_type=\"widget\" data-e-type=\"widget\" data-widget_type=\"image.default\">\n\t\t\t\t<div class=\"elementor-widget-container\">\n\t\t\t\t\t\t\t\t\t\t\t\t\t\t\t<img fetchpriority=\"high\" decoding=\"async\" width=\"707\" height=\"819\" src=\"https:\/\/www.psi-polymersystems.com\/wp-content\/uploads\/2022\/08\/Gear-Pump-System.jpg\" class=\"attachment-large size-large wp-image-8232\" alt=\"PSI - Gear Pump System\" srcset=\"https:\/\/www.psi-polymersystems.com\/wp-content\/uploads\/2022\/08\/Gear-Pump-System.jpg 707w, https:\/\/www.psi-polymersystems.com\/wp-content\/uploads\/2022\/08\/Gear-Pump-System-259x300.jpg 259w, https:\/\/www.psi-polymersystems.com\/wp-content\/uploads\/2022\/08\/Gear-Pump-System-10x12.jpg 10w, https:\/\/www.psi-polymersystems.com\/wp-content\/uploads\/2022\/08\/Gear-Pump-System-600x695.jpg 600w\" sizes=\"(max-width: 707px) 100vw, 707px\" \/>\t\t\t\t\t\t\t\t\t\t\t\t\t\t\t<\/div>\n\t\t\t\t<\/div>\n\t\t\t\t\t<\/div>\n\t\t<\/div>\n\t\t\t\t\t<\/div>\n\t\t<\/section>\n\t\t\t\t<\/div>","protected":false},"excerpt":{"rendered":"<p>Processadores recorrem a bombas de engrenagem para aumentar a produ\u00e7\u00e3o da extrusora e atender \u00e0 crescente atividade de fabrica\u00e7\u00e3o (2 de agosto de 2022) A PSI-Polymer Systems Inc. v\u00ea um grande aumento nos pedidos \u00e0 medida que os processadores se tornam criativos para atender \u00e0s demandas de produ\u00e7\u00e3o de extrus\u00e3o CONOVER, NC, 2 de agosto de 2022 \u2013 Com demanda de capacidade aumentada e prazos de entrega estendidos para equipamentos de produ\u00e7\u00e3o, incluindo extrusoras, [\u2026]<\/p>","protected":false},"author":2,"featured_media":0,"parent":5833,"menu_order":0,"comment_status":"closed","ping_status":"closed","template":"","meta":{"_monsterinsights_skip_tracking":false,"_monsterinsights_sitenote_active":false,"_monsterinsights_sitenote_note":"","_monsterinsights_sitenote_category":0,"footnotes":""},"class_list":["post-8230","page","type-page","status-publish","hentry"],"yoast_head":"<!-- This site is optimized with the Yoast SEO Premium plugin v25.0 (Yoast SEO v25.0) - https:\/\/yoast.com\/wordpress\/plugins\/seo\/ -->\n<title>Processors Turn to Gear Pumps to Boost Extruder Output and Meet Surging Manufacturing Activity (August 2, 2022) - PSI-Polymer Systems<\/title>\n<meta name=\"robots\" content=\"index, follow, max-snippet:-1, max-image-preview:large, max-video-preview:-1\" \/>\n<link rel=\"canonical\" href=\"https:\/\/www.psi-polymersystems.com\/pt\/about-us\/press-releases\/processors-turn-to-gear-pumps-to-boost-extruder-output-and-meet-surging-manufacturing-activity-august-2-2022\/\" \/>\n<meta property=\"og:locale\" content=\"pt_PT\" \/>\n<meta property=\"og:type\" content=\"article\" \/>\n<meta property=\"og:title\" content=\"Processors Turn to Gear Pumps to Boost Extruder Output and Meet Surging Manufacturing Activity (August 2, 2022)\" \/>\n<meta property=\"og:description\" content=\"Processors Turn to Gear Pumps to Boost Extruder Output and Meet Surging Manufacturing Activity (August 2, 2022) PSI-Polymer Systems Inc. Sees Big Upsurge\" \/>\n<meta property=\"og:url\" content=\"https:\/\/www.psi-polymersystems.com\/pt\/about-us\/press-releases\/processors-turn-to-gear-pumps-to-boost-extruder-output-and-meet-surging-manufacturing-activity-august-2-2022\/\" \/>\n<meta property=\"og:site_name\" content=\"PSI-Polymer Systems\" \/>\n<meta property=\"article:publisher\" content=\"https:\/\/www.facebook.com\/psipolymersystems\/\" \/>\n<meta property=\"article:modified_time\" content=\"2022-08-03T15:40:08+00:00\" \/>\n<meta property=\"og:image\" content=\"https:\/\/psi-polymersystems.com\/wp-content\/uploads\/2022\/08\/Gear-Pump-System.jpg\" \/>\n<meta name=\"twitter:card\" content=\"summary_large_image\" \/>\n<meta name=\"twitter:label1\" content=\"Tempo estimado de leitura\" \/>\n\t<meta name=\"twitter:data1\" content=\"4 minutos\" \/>\n<script type=\"application\/ld+json\" class=\"yoast-schema-graph\">{\"@context\":\"https:\/\/schema.org\",\"@graph\":[{\"@type\":\"WebPage\",\"@id\":\"https:\/\/www.psi-polymersystems.com\/es\/about-us\/press-releases\/processors-turn-to-gear-pumps-to-boost-extruder-output-and-meet-surging-manufacturing-activity-august-2-2022\/\",\"url\":\"https:\/\/www.psi-polymersystems.com\/es\/about-us\/press-releases\/processors-turn-to-gear-pumps-to-boost-extruder-output-and-meet-surging-manufacturing-activity-august-2-2022\/\",\"name\":\"Processors Turn to Gear Pumps to Boost Extruder Output and Meet Surging Manufacturing Activity (August 2, 2022) - PSI-Polymer Systems\",\"isPartOf\":{\"@id\":\"https:\/\/www.psi-polymersystems.com\/#website\"},\"primaryImageOfPage\":{\"@id\":\"https:\/\/www.psi-polymersystems.com\/es\/about-us\/press-releases\/processors-turn-to-gear-pumps-to-boost-extruder-output-and-meet-surging-manufacturing-activity-august-2-2022\/#primaryimage\"},\"image\":{\"@id\":\"https:\/\/www.psi-polymersystems.com\/es\/about-us\/press-releases\/processors-turn-to-gear-pumps-to-boost-extruder-output-and-meet-surging-manufacturing-activity-august-2-2022\/#primaryimage\"},\"thumbnailUrl\":\"https:\/\/psi-polymersystems.com\/wp-content\/uploads\/2022\/08\/Gear-Pump-System.jpg\",\"datePublished\":\"2022-08-02T13:49:24+00:00\",\"dateModified\":\"2022-08-03T15:40:08+00:00\",\"breadcrumb\":{\"@id\":\"https:\/\/www.psi-polymersystems.com\/es\/about-us\/press-releases\/processors-turn-to-gear-pumps-to-boost-extruder-output-and-meet-surging-manufacturing-activity-august-2-2022\/#breadcrumb\"},\"inLanguage\":\"pt-PT\",\"potentialAction\":[{\"@type\":\"ReadAction\",\"target\":[\"https:\/\/www.psi-polymersystems.com\/es\/about-us\/press-releases\/processors-turn-to-gear-pumps-to-boost-extruder-output-and-meet-surging-manufacturing-activity-august-2-2022\/\"]}]},{\"@type\":\"ImageObject\",\"inLanguage\":\"pt-PT\",\"@id\":\"https:\/\/www.psi-polymersystems.com\/es\/about-us\/press-releases\/processors-turn-to-gear-pumps-to-boost-extruder-output-and-meet-surging-manufacturing-activity-august-2-2022\/#primaryimage\",\"url\":\"https:\/\/psi-polymersystems.com\/wp-content\/uploads\/2022\/08\/Gear-Pump-System.jpg\",\"contentUrl\":\"https:\/\/psi-polymersystems.com\/wp-content\/uploads\/2022\/08\/Gear-Pump-System.jpg\"},{\"@type\":\"BreadcrumbList\",\"@id\":\"https:\/\/www.psi-polymersystems.com\/es\/about-us\/press-releases\/processors-turn-to-gear-pumps-to-boost-extruder-output-and-meet-surging-manufacturing-activity-august-2-2022\/#breadcrumb\",\"itemListElement\":[{\"@type\":\"ListItem\",\"position\":1,\"name\":\"Home\",\"item\":\"https:\/\/www.psi-polymersystems.com\/\"},{\"@type\":\"ListItem\",\"position\":2,\"name\":\"About Us\",\"item\":\"https:\/\/www.psi-polymersystems.com\/about-us\/\"},{\"@type\":\"ListItem\",\"position\":3,\"name\":\"Press Releases\",\"item\":\"https:\/\/www.psi-polymersystems.com\/about-us\/press-releases\/\"},{\"@type\":\"ListItem\",\"position\":4,\"name\":\"Processors Turn to Gear Pumps to Boost Extruder Output and Meet Surging Manufacturing Activity (August 2, 2022)\"}]},{\"@type\":\"WebSite\",\"@id\":\"https:\/\/www.psi-polymersystems.com\/#website\",\"url\":\"https:\/\/www.psi-polymersystems.com\/\",\"name\":\"PSI-Polymer Systems\",\"description\":\"\",\"publisher\":{\"@id\":\"https:\/\/www.psi-polymersystems.com\/#organization\"},\"potentialAction\":[{\"@type\":\"SearchAction\",\"target\":{\"@type\":\"EntryPoint\",\"urlTemplate\":\"https:\/\/www.psi-polymersystems.com\/?s={search_term_string}\"},\"query-input\":{\"@type\":\"PropertyValueSpecification\",\"valueRequired\":true,\"valueName\":\"search_term_string\"}}],\"inLanguage\":\"pt-PT\"},{\"@type\":\"Organization\",\"@id\":\"https:\/\/www.psi-polymersystems.com\/#organization\",\"name\":\"PSI-Polymer Systems, Inc.\",\"url\":\"https:\/\/www.psi-polymersystems.com\/\",\"logo\":{\"@type\":\"ImageObject\",\"inLanguage\":\"pt-PT\",\"@id\":\"https:\/\/www.psi-polymersystems.com\/#\/schema\/logo\/image\/\",\"url\":\"\",\"contentUrl\":\"\",\"caption\":\"PSI-Polymer Systems, Inc.\"},\"image\":{\"@id\":\"https:\/\/www.psi-polymersystems.com\/#\/schema\/logo\/image\/\"},\"sameAs\":[\"https:\/\/www.facebook.com\/psipolymersystems\/\",\"https:\/\/www.linkedin.com\/showcase\/psi-polymer-systems\"]}]}<\/script>\n<!-- \/ Yoast SEO Premium plugin. -->","yoast_head_json":{"title":"Processors Turn to Gear Pumps to Boost Extruder Output and Meet Surging Manufacturing Activity (August 2, 2022) - PSI-Polymer Systems","robots":{"index":"index","follow":"follow","max-snippet":"max-snippet:-1","max-image-preview":"max-image-preview:large","max-video-preview":"max-video-preview:-1"},"canonical":"https:\/\/www.psi-polymersystems.com\/pt\/about-us\/press-releases\/processors-turn-to-gear-pumps-to-boost-extruder-output-and-meet-surging-manufacturing-activity-august-2-2022\/","og_locale":"pt_PT","og_type":"article","og_title":"Processors Turn to Gear Pumps to Boost Extruder Output and Meet Surging Manufacturing Activity (August 2, 2022)","og_description":"Processors Turn to Gear Pumps to Boost Extruder Output and Meet Surging Manufacturing Activity (August 2, 2022) PSI-Polymer Systems Inc. Sees Big Upsurge","og_url":"https:\/\/www.psi-polymersystems.com\/pt\/about-us\/press-releases\/processors-turn-to-gear-pumps-to-boost-extruder-output-and-meet-surging-manufacturing-activity-august-2-2022\/","og_site_name":"PSI-Polymer Systems","article_publisher":"https:\/\/www.facebook.com\/psipolymersystems\/","article_modified_time":"2022-08-03T15:40:08+00:00","og_image":[{"url":"https:\/\/psi-polymersystems.com\/wp-content\/uploads\/2022\/08\/Gear-Pump-System.jpg","type":"","width":"","height":""}],"twitter_card":"summary_large_image","twitter_misc":{"Tempo estimado de leitura":"4 minutos"},"schema":{"@context":"https:\/\/schema.org","@graph":[{"@type":"WebPage","@id":"https:\/\/www.psi-polymersystems.com\/es\/about-us\/press-releases\/processors-turn-to-gear-pumps-to-boost-extruder-output-and-meet-surging-manufacturing-activity-august-2-2022\/","url":"https:\/\/www.psi-polymersystems.com\/es\/about-us\/press-releases\/processors-turn-to-gear-pumps-to-boost-extruder-output-and-meet-surging-manufacturing-activity-august-2-2022\/","name":"Processors Turn to Gear Pumps to Boost Extruder Output and Meet Surging Manufacturing Activity (August 2, 2022) - PSI-Polymer Systems","isPartOf":{"@id":"https:\/\/www.psi-polymersystems.com\/#website"},"primaryImageOfPage":{"@id":"https:\/\/www.psi-polymersystems.com\/es\/about-us\/press-releases\/processors-turn-to-gear-pumps-to-boost-extruder-output-and-meet-surging-manufacturing-activity-august-2-2022\/#primaryimage"},"image":{"@id":"https:\/\/www.psi-polymersystems.com\/es\/about-us\/press-releases\/processors-turn-to-gear-pumps-to-boost-extruder-output-and-meet-surging-manufacturing-activity-august-2-2022\/#primaryimage"},"thumbnailUrl":"https:\/\/psi-polymersystems.com\/wp-content\/uploads\/2022\/08\/Gear-Pump-System.jpg","datePublished":"2022-08-02T13:49:24+00:00","dateModified":"2022-08-03T15:40:08+00:00","breadcrumb":{"@id":"https:\/\/www.psi-polymersystems.com\/es\/about-us\/press-releases\/processors-turn-to-gear-pumps-to-boost-extruder-output-and-meet-surging-manufacturing-activity-august-2-2022\/#breadcrumb"},"inLanguage":"pt-PT","potentialAction":[{"@type":"ReadAction","target":["https:\/\/www.psi-polymersystems.com\/es\/about-us\/press-releases\/processors-turn-to-gear-pumps-to-boost-extruder-output-and-meet-surging-manufacturing-activity-august-2-2022\/"]}]},{"@type":"ImageObject","inLanguage":"pt-PT","@id":"https:\/\/www.psi-polymersystems.com\/es\/about-us\/press-releases\/processors-turn-to-gear-pumps-to-boost-extruder-output-and-meet-surging-manufacturing-activity-august-2-2022\/#primaryimage","url":"https:\/\/psi-polymersystems.com\/wp-content\/uploads\/2022\/08\/Gear-Pump-System.jpg","contentUrl":"https:\/\/psi-polymersystems.com\/wp-content\/uploads\/2022\/08\/Gear-Pump-System.jpg"},{"@type":"BreadcrumbList","@id":"https:\/\/www.psi-polymersystems.com\/es\/about-us\/press-releases\/processors-turn-to-gear-pumps-to-boost-extruder-output-and-meet-surging-manufacturing-activity-august-2-2022\/#breadcrumb","itemListElement":[{"@type":"ListItem","position":1,"name":"Home","item":"https:\/\/www.psi-polymersystems.com\/"},{"@type":"ListItem","position":2,"name":"About Us","item":"https:\/\/www.psi-polymersystems.com\/about-us\/"},{"@type":"ListItem","position":3,"name":"Press Releases","item":"https:\/\/www.psi-polymersystems.com\/about-us\/press-releases\/"},{"@type":"ListItem","position":4,"name":"Processors Turn to Gear Pumps to Boost Extruder Output and Meet Surging Manufacturing Activity (August 2, 2022)"}]},{"@type":"WebSite","@id":"https:\/\/www.psi-polymersystems.com\/#website","url":"https:\/\/www.psi-polymersystems.com\/","name":"PSI-Polymer Systems","description":"","publisher":{"@id":"https:\/\/www.psi-polymersystems.com\/#organization"},"potentialAction":[{"@type":"SearchAction","target":{"@type":"EntryPoint","urlTemplate":"https:\/\/www.psi-polymersystems.com\/?s={search_term_string}"},"query-input":{"@type":"PropertyValueSpecification","valueRequired":true,"valueName":"search_term_string"}}],"inLanguage":"pt-PT"},{"@type":"Organization","@id":"https:\/\/www.psi-polymersystems.com\/#organization","name":"PSI-Polymer Systems, Inc.","url":"https:\/\/www.psi-polymersystems.com\/","logo":{"@type":"ImageObject","inLanguage":"pt-PT","@id":"https:\/\/www.psi-polymersystems.com\/#\/schema\/logo\/image\/","url":"","contentUrl":"","caption":"PSI-Polymer Systems, Inc."},"image":{"@id":"https:\/\/www.psi-polymersystems.com\/#\/schema\/logo\/image\/"},"sameAs":["https:\/\/www.facebook.com\/psipolymersystems\/","https:\/\/www.linkedin.com\/showcase\/psi-polymer-systems"]}]}},"_links":{"self":[{"href":"https:\/\/www.psi-polymersystems.com\/pt\/wp-json\/wp\/v2\/pages\/8230","targetHints":{"allow":["GET"]}}],"collection":[{"href":"https:\/\/www.psi-polymersystems.com\/pt\/wp-json\/wp\/v2\/pages"}],"about":[{"href":"https:\/\/www.psi-polymersystems.com\/pt\/wp-json\/wp\/v2\/types\/page"}],"author":[{"embeddable":true,"href":"https:\/\/www.psi-polymersystems.com\/pt\/wp-json\/wp\/v2\/users\/2"}],"replies":[{"embeddable":true,"href":"https:\/\/www.psi-polymersystems.com\/pt\/wp-json\/wp\/v2\/comments?post=8230"}],"version-history":[{"count":0,"href":"https:\/\/www.psi-polymersystems.com\/pt\/wp-json\/wp\/v2\/pages\/8230\/revisions"}],"up":[{"embeddable":true,"href":"https:\/\/www.psi-polymersystems.com\/pt\/wp-json\/wp\/v2\/pages\/5833"}],"wp:attachment":[{"href":"https:\/\/www.psi-polymersystems.com\/pt\/wp-json\/wp\/v2\/media?parent=8230"}],"curies":[{"name":"wp","href":"https:\/\/api.w.org\/{rel}","templated":true}]}}