{"id":8791,"date":"2023-04-28T18:53:47","date_gmt":"2023-04-28T18:53:47","guid":{"rendered":"https:\/\/psi-polymersystems.com\/?page_id=8791"},"modified":"2023-04-28T20:26:57","modified_gmt":"2023-04-28T20:26:57","slug":"oval-breaker-plates","status":"publish","type":"page","link":"https:\/\/www.psi-polymersystems.com\/pt\/products\/screen-changer-overview\/continuous-screen-changer\/oval-breaker-plates\/","title":{"rendered":"Placas de quebra ovais"},"content":{"rendered":"<div data-elementor-type=\"wp-page\" data-elementor-id=\"8791\" class=\"elementor elementor-8791\" data-elementor-post-type=\"page\">\n\t\t\t\t\t\t<section class=\"elementor-section elementor-top-section elementor-element elementor-element-420c6cd9 elementor-section-boxed elementor-section-height-default elementor-section-height-default\" data-id=\"420c6cd9\" data-element_type=\"section\" data-e-type=\"section\">\n\t\t\t\t\t\t<div class=\"elementor-container elementor-column-gap-default\">\n\t\t\t\t\t<div class=\"elementor-column elementor-col-100 elementor-top-column elementor-element elementor-element-53ed0528\" data-id=\"53ed0528\" data-element_type=\"column\" data-e-type=\"column\">\n\t\t\t<div class=\"elementor-widget-wrap elementor-element-populated\">\n\t\t\t\t\t\t<div class=\"elementor-element elementor-element-399ef35 elementor-widget elementor-widget-text-editor\" data-id=\"399ef35\" data-element_type=\"widget\" data-e-type=\"widget\" data-widget_type=\"text-editor.default\">\n\t\t\t\t<div class=\"elementor-widget-container\">\n\t\t\t\t\t\t\t\t\t<div><h2 class=\"elementor-heading-title elementor-size-default elementor-inline-editing pen\" style=\"letter-spacing: normal; text-align: left; color: #7a7a7a;\" data-elementor-setting-key=\"title\" data-pen-placeholder=\"Type Here...\">Placas de quebra ovais<\/h2><\/div>\t\t\t\t\t\t\t\t<\/div>\n\t\t\t\t<\/div>\n\t\t\t\t\t<\/div>\n\t\t<\/div>\n\t\t\t\t\t<\/div>\n\t\t<\/section>\n\t\t\t\t<section class=\"elementor-section elementor-top-section elementor-element elementor-element-35d4da3f elementor-section-boxed elementor-section-height-default elementor-section-height-default\" data-id=\"35d4da3f\" data-element_type=\"section\" data-e-type=\"section\">\n\t\t\t\t\t\t<div class=\"elementor-container elementor-column-gap-default\">\n\t\t\t\t\t<div class=\"elementor-column elementor-col-100 elementor-top-column elementor-element elementor-element-6e838b40\" data-id=\"6e838b40\" data-element_type=\"column\" data-e-type=\"column\">\n\t\t\t<div class=\"elementor-widget-wrap elementor-element-populated\">\n\t\t\t\t\t\t<section class=\"elementor-section elementor-inner-section elementor-element elementor-element-7be02c14 elementor-section-boxed elementor-section-height-default elementor-section-height-default\" data-id=\"7be02c14\" data-element_type=\"section\" data-e-type=\"section\">\n\t\t\t\t\t\t<div class=\"elementor-container elementor-column-gap-default\">\n\t\t\t\t\t<div class=\"elementor-column elementor-col-100 elementor-inner-column elementor-element elementor-element-282986cf\" data-id=\"282986cf\" data-element_type=\"column\" data-e-type=\"column\">\n\t\t\t<div class=\"elementor-widget-wrap elementor-element-populated\">\n\t\t\t\t\t\t<div class=\"elementor-element elementor-element-58d839d8 elementor-widget elementor-widget-image\" data-id=\"58d839d8\" data-element_type=\"widget\" data-e-type=\"widget\" data-widget_type=\"image.default\">\n\t\t\t\t<div class=\"elementor-widget-container\">\n\t\t\t\t\t\t\t\t\t\t\t\t\t\t\t<img fetchpriority=\"high\" decoding=\"async\" width=\"2560\" height=\"1030\" src=\"https:\/\/www.psi-polymersystems.com\/wp-content\/uploads\/2023\/04\/Oval-scaled.jpg\" class=\"attachment-full size-full wp-image-8806\" alt=\"\" srcset=\"https:\/\/www.psi-polymersystems.com\/wp-content\/uploads\/2023\/04\/Oval-scaled.jpg 2560w, https:\/\/www.psi-polymersystems.com\/wp-content\/uploads\/2023\/04\/Oval-300x121.jpg 300w, https:\/\/www.psi-polymersystems.com\/wp-content\/uploads\/2023\/04\/Oval-1024x412.jpg 1024w, https:\/\/www.psi-polymersystems.com\/wp-content\/uploads\/2023\/04\/Oval-768x309.jpg 768w, https:\/\/www.psi-polymersystems.com\/wp-content\/uploads\/2023\/04\/Oval-1536x618.jpg 1536w, https:\/\/www.psi-polymersystems.com\/wp-content\/uploads\/2023\/04\/Oval-2048x824.jpg 2048w, https:\/\/www.psi-polymersystems.com\/wp-content\/uploads\/2023\/04\/Oval-18x7.jpg 18w, https:\/\/www.psi-polymersystems.com\/wp-content\/uploads\/2023\/04\/Oval-600x241.jpg 600w\" sizes=\"(max-width: 2560px) 100vw, 2560px\" \/>\t\t\t\t\t\t\t\t\t\t\t\t\t\t\t<\/div>\n\t\t\t\t<\/div>\n\t\t\t\t\t<\/div>\n\t\t<\/div>\n\t\t\t\t\t<\/div>\n\t\t<\/section>\n\t\t\t\t\t<\/div>\n\t\t<\/div>\n\t\t\t\t\t<\/div>\n\t\t<\/section>\n\t\t\t\t<section class=\"elementor-section elementor-top-section elementor-element elementor-element-558ba1d7 elementor-section-boxed elementor-section-height-default elementor-section-height-default\" data-id=\"558ba1d7\" data-element_type=\"section\" data-e-type=\"section\">\n\t\t\t\t\t\t<div class=\"elementor-container elementor-column-gap-default\">\n\t\t\t\t\t<div class=\"elementor-column elementor-col-50 elementor-top-column elementor-element elementor-element-2f8a15a0\" data-id=\"2f8a15a0\" data-element_type=\"column\" data-e-type=\"column\">\n\t\t\t<div class=\"elementor-widget-wrap elementor-element-populated\">\n\t\t\t\t\t\t<div class=\"elementor-element elementor-element-47b8b42d elementor-align-justify elementor-widget elementor-widget-button\" data-id=\"47b8b42d\" data-element_type=\"widget\" data-e-type=\"widget\" data-widget_type=\"button.default\">\n\t\t\t\t<div class=\"elementor-widget-container\">\n\t\t\t\t\t\t\t\t\t<div class=\"elementor-button-wrapper\">\n\t\t\t\t\t<a class=\"elementor-button elementor-button-link elementor-size-sm\" href=\"\/pt\/quote-request\/\">\n\t\t\t\t\t\t<span class=\"elementor-button-content-wrapper\">\n\t\t\t\t\t\t\t\t\t<span class=\"elementor-button-text\">Solicita\u00e7\u00e3o de cota\u00e7\u00e3o<\/span>\n\t\t\t\t\t<\/span>\n\t\t\t\t\t<\/a>\n\t\t\t\t<\/div>\n\t\t\t\t\t\t\t\t<\/div>\n\t\t\t\t<\/div>\n\t\t\t\t<div class=\"elementor-element elementor-element-6611e975 elementor-widget elementor-widget-image\" data-id=\"6611e975\" data-element_type=\"widget\" data-e-type=\"widget\" data-widget_type=\"image.default\">\n\t\t\t\t<div class=\"elementor-widget-container\">\n\t\t\t\t\t\t\t\t\t\t\t\t<figure class=\"wp-caption\">\n\t\t\t\t\t\t\t\t\t\t<img decoding=\"async\" width=\"1024\" height=\"694\" src=\"https:\/\/www.psi-polymersystems.com\/wp-content\/uploads\/2020\/08\/BP-176x270-02-Image-modified-1024x694.jpg\" class=\"attachment-large size-large wp-image-4828\" alt=\"Oval Round vs Breaker Plate for Polymer Extrusion Screen Changer Melt Filter\" srcset=\"https:\/\/www.psi-polymersystems.com\/wp-content\/uploads\/2020\/08\/BP-176x270-02-Image-modified-1024x694.jpg 1024w, https:\/\/www.psi-polymersystems.com\/wp-content\/uploads\/2020\/08\/BP-176x270-02-Image-modified-300x203.jpg 300w, https:\/\/www.psi-polymersystems.com\/wp-content\/uploads\/2020\/08\/BP-176x270-02-Image-modified-768x521.jpg 768w, https:\/\/www.psi-polymersystems.com\/wp-content\/uploads\/2020\/08\/BP-176x270-02-Image-modified-1536x1041.jpg 1536w, https:\/\/www.psi-polymersystems.com\/wp-content\/uploads\/2020\/08\/BP-176x270-02-Image-modified-600x407.jpg 600w, https:\/\/www.psi-polymersystems.com\/wp-content\/uploads\/2020\/08\/BP-176x270-02-Image-modified.jpg 1658w\" sizes=\"(max-width: 1024px) 100vw, 1024px\" \/>\t\t\t\t\t\t\t\t\t\t\t<figcaption class=\"widget-image-caption wp-caption-text\">Placa Disjuntor Classe 3<\/figcaption>\n\t\t\t\t\t\t\t\t\t\t<\/figure>\n\t\t\t\t\t\t\t\t\t<\/div>\n\t\t\t\t<\/div>\n\t\t\t\t\t<\/div>\n\t\t<\/div>\n\t\t\t\t<div class=\"elementor-column elementor-col-50 elementor-top-column elementor-element elementor-element-77da4bfc\" data-id=\"77da4bfc\" data-element_type=\"column\" data-e-type=\"column\">\n\t\t\t<div class=\"elementor-widget-wrap elementor-element-populated\">\n\t\t\t\t\t\t<div class=\"elementor-element elementor-element-5619cf06 elementor-widget elementor-widget-text-editor\" data-id=\"5619cf06\" data-element_type=\"widget\" data-e-type=\"widget\" data-widget_type=\"text-editor.default\">\n\t\t\t\t<div class=\"elementor-widget-container\">\n\t\t\t\t\t\t\t\t\t<h1 style=\"font-size: 15px;\"><span style=\"color: #0693e3; font-size: 20px; letter-spacing: 0px;\">Obtenha mais do seu processo<\/span><\/h1><p>Quando o espa\u00e7o e a vida \u00fatil da tela s\u00e3o considera\u00e7\u00f5es, um bolso de tela oval pode ser a op\u00e7\u00e3o perfeita. Dispon\u00edvel para trocadores de tela do tipo parafuso, o bolso alongado aumenta a \u00e1rea do filtro em aproximadamente 168+%. Isso geralmente pode ser equivalente a aumentar o tamanho do trocador de tela 1-1\/2 para 2 tamanhos de modelo, mas com o envelope de espa\u00e7o do trocador de tela menor.\u00a0<\/p><p>A queda de press\u00e3o no pacote de telas \u00e9 menor, resultando em taxas de rendimento mais altas devido \u00e0 contrapress\u00e3o m\u00e9dia mais baixa. A tens\u00e3o de cisalhamento \u00e9 menor, aumentando a integridade do fundido. \u00a0<\/p><p>A vida \u00fatil da tela \u00e9 aproximadamente linear ao aumento da \u00e1rea, gerando um aumento no tempo entre as trocas de tela. Para processos onde o material reciclado pode conter &#039;explos\u00f5es&#039; de contaminantes, a vida \u00fatil mais longa da tela permite ao operador intervalos mais longos entre a manuten\u00e7\u00e3o da tela. Esta op\u00e7\u00e3o est\u00e1 dispon\u00edvel apenas para m\u00e1quinas novas devido ao alojamento e parafusos personalizados.<\/p><p>Dispon\u00edvel para:<\/p><ul><li>Trocadores de tela tipo parafuso CSC (cont\u00ednuo) e DSC (descont\u00ednuo)<\/li><\/ul>\t\t\t\t\t\t\t\t<\/div>\n\t\t\t\t<\/div>\n\t\t\t\t\t<\/div>\n\t\t<\/div>\n\t\t\t\t\t<\/div>\n\t\t<\/section>\n\t\t\t\t<\/div>","protected":false},"excerpt":{"rendered":"<p>Placas rompedoras ovais Solicita\u00e7\u00e3o de or\u00e7amento Placa rompedora classe 3 Obtenha mais do seu processo Quando o espa\u00e7o e a vida \u00fatil da tela s\u00e3o considera\u00e7\u00f5es, um compartimento de tela oval pode ser a op\u00e7\u00e3o perfeita. Dispon\u00edvel para trocadores de tela tipo parafuso, o bolso alongado aumenta a \u00e1rea do filtro em aproximadamente 168+%. Geralmente, isso pode ser equivalente a aumentar o tamanho do trocador de tela [...]<\/p>","protected":false},"author":2,"featured_media":0,"parent":7,"menu_order":0,"comment_status":"closed","ping_status":"closed","template":"","meta":{"_monsterinsights_skip_tracking":false,"_monsterinsights_sitenote_active":false,"_monsterinsights_sitenote_note":"","_monsterinsights_sitenote_category":0,"footnotes":""},"class_list":["post-8791","page","type-page","status-publish","hentry"],"yoast_head":"<!-- This site is optimized with the Yoast SEO Premium plugin v25.0 (Yoast SEO v25.0) - https:\/\/yoast.com\/wordpress\/plugins\/seo\/ -->\n<title>Oval Breaker Plates - PSI-Polymer Systems<\/title>\n<meta name=\"robots\" content=\"index, follow, max-snippet:-1, max-image-preview:large, max-video-preview:-1\" \/>\n<link rel=\"canonical\" href=\"https:\/\/www.psi-polymersystems.com\/pt\/products\/screen-changer-overview\/continuous-screen-changer\/oval-breaker-plates\/\" \/>\n<meta property=\"og:locale\" content=\"pt_PT\" \/>\n<meta property=\"og:type\" content=\"article\" \/>\n<meta property=\"og:title\" content=\"Oval Breaker Plates\" \/>\n<meta property=\"og:description\" content=\"Oval Breaker Plates Request for Quote Class 3 Breaker Plate Get More from Your ProcessWhen space and screen life are considerations, an oval screen pocket\" \/>\n<meta property=\"og:url\" content=\"https:\/\/www.psi-polymersystems.com\/pt\/products\/screen-changer-overview\/continuous-screen-changer\/oval-breaker-plates\/\" \/>\n<meta property=\"og:site_name\" content=\"PSI-Polymer Systems\" \/>\n<meta property=\"article:publisher\" content=\"https:\/\/www.facebook.com\/psipolymersystems\/\" \/>\n<meta property=\"article:modified_time\" content=\"2023-04-28T20:26:57+00:00\" \/>\n<meta property=\"og:image\" content=\"https:\/\/psi-polymersystems.com\/wp-content\/uploads\/2023\/04\/Oval-scaled.jpg\" \/>\n<meta name=\"twitter:card\" content=\"summary_large_image\" \/>\n<meta name=\"twitter:label1\" content=\"Tempo estimado de leitura\" \/>\n\t<meta name=\"twitter:data1\" content=\"2 minutos\" \/>\n<script type=\"application\/ld+json\" class=\"yoast-schema-graph\">{\"@context\":\"https:\/\/schema.org\",\"@graph\":[{\"@type\":\"WebPage\",\"@id\":\"https:\/\/www.psi-polymersystems.com\/products\/screen-changer-overview\/continuous-screen-changer\/oval-breaker-plates\/\",\"url\":\"https:\/\/www.psi-polymersystems.com\/products\/screen-changer-overview\/continuous-screen-changer\/oval-breaker-plates\/\",\"name\":\"Oval Breaker Plates - PSI-Polymer Systems\",\"isPartOf\":{\"@id\":\"https:\/\/www.psi-polymersystems.com\/#website\"},\"primaryImageOfPage\":{\"@id\":\"https:\/\/www.psi-polymersystems.com\/products\/screen-changer-overview\/continuous-screen-changer\/oval-breaker-plates\/#primaryimage\"},\"image\":{\"@id\":\"https:\/\/www.psi-polymersystems.com\/products\/screen-changer-overview\/continuous-screen-changer\/oval-breaker-plates\/#primaryimage\"},\"thumbnailUrl\":\"https:\/\/psi-polymersystems.com\/wp-content\/uploads\/2023\/04\/Oval-scaled.jpg\",\"datePublished\":\"2023-04-28T18:53:47+00:00\",\"dateModified\":\"2023-04-28T20:26:57+00:00\",\"breadcrumb\":{\"@id\":\"https:\/\/www.psi-polymersystems.com\/products\/screen-changer-overview\/continuous-screen-changer\/oval-breaker-plates\/#breadcrumb\"},\"inLanguage\":\"pt-PT\",\"potentialAction\":[{\"@type\":\"ReadAction\",\"target\":[\"https:\/\/www.psi-polymersystems.com\/products\/screen-changer-overview\/continuous-screen-changer\/oval-breaker-plates\/\"]}]},{\"@type\":\"ImageObject\",\"inLanguage\":\"pt-PT\",\"@id\":\"https:\/\/www.psi-polymersystems.com\/products\/screen-changer-overview\/continuous-screen-changer\/oval-breaker-plates\/#primaryimage\",\"url\":\"https:\/\/psi-polymersystems.com\/wp-content\/uploads\/2023\/04\/Oval-scaled.jpg\",\"contentUrl\":\"https:\/\/psi-polymersystems.com\/wp-content\/uploads\/2023\/04\/Oval-scaled.jpg\"},{\"@type\":\"BreadcrumbList\",\"@id\":\"https:\/\/www.psi-polymersystems.com\/products\/screen-changer-overview\/continuous-screen-changer\/oval-breaker-plates\/#breadcrumb\",\"itemListElement\":[{\"@type\":\"ListItem\",\"position\":1,\"name\":\"Home\",\"item\":\"https:\/\/www.psi-polymersystems.com\/\"},{\"@type\":\"ListItem\",\"position\":2,\"name\":\"Product Overview\",\"item\":\"https:\/\/www.psi-polymersystems.com\/products\/\"},{\"@type\":\"ListItem\",\"position\":3,\"name\":\"Screen Changer Overview\",\"item\":\"https:\/\/www.psi-polymersystems.com\/products\/screen-changer-overview\/\"},{\"@type\":\"ListItem\",\"position\":4,\"name\":\"Continuous Screen Changer (CSC)\",\"item\":\"https:\/\/www.psi-polymersystems.com\/products\/screen-changer-overview\/continuous-screen-changer\/\"},{\"@type\":\"ListItem\",\"position\":5,\"name\":\"Oval Breaker Plates\"}]},{\"@type\":\"WebSite\",\"@id\":\"https:\/\/www.psi-polymersystems.com\/#website\",\"url\":\"https:\/\/www.psi-polymersystems.com\/\",\"name\":\"PSI-Polymer Systems\",\"description\":\"\",\"publisher\":{\"@id\":\"https:\/\/www.psi-polymersystems.com\/#organization\"},\"potentialAction\":[{\"@type\":\"SearchAction\",\"target\":{\"@type\":\"EntryPoint\",\"urlTemplate\":\"https:\/\/www.psi-polymersystems.com\/?s={search_term_string}\"},\"query-input\":{\"@type\":\"PropertyValueSpecification\",\"valueRequired\":true,\"valueName\":\"search_term_string\"}}],\"inLanguage\":\"pt-PT\"},{\"@type\":\"Organization\",\"@id\":\"https:\/\/www.psi-polymersystems.com\/#organization\",\"name\":\"PSI-Polymer Systems, Inc.\",\"url\":\"https:\/\/www.psi-polymersystems.com\/\",\"logo\":{\"@type\":\"ImageObject\",\"inLanguage\":\"pt-PT\",\"@id\":\"https:\/\/www.psi-polymersystems.com\/#\/schema\/logo\/image\/\",\"url\":\"\",\"contentUrl\":\"\",\"caption\":\"PSI-Polymer Systems, Inc.\"},\"image\":{\"@id\":\"https:\/\/www.psi-polymersystems.com\/#\/schema\/logo\/image\/\"},\"sameAs\":[\"https:\/\/www.facebook.com\/psipolymersystems\/\",\"https:\/\/www.linkedin.com\/showcase\/psi-polymer-systems\"]}]}<\/script>\n<!-- \/ Yoast SEO Premium plugin. -->","yoast_head_json":{"title":"Oval Breaker Plates - PSI-Polymer Systems","robots":{"index":"index","follow":"follow","max-snippet":"max-snippet:-1","max-image-preview":"max-image-preview:large","max-video-preview":"max-video-preview:-1"},"canonical":"https:\/\/www.psi-polymersystems.com\/pt\/products\/screen-changer-overview\/continuous-screen-changer\/oval-breaker-plates\/","og_locale":"pt_PT","og_type":"article","og_title":"Oval Breaker Plates","og_description":"Oval Breaker Plates Request for Quote Class 3 Breaker Plate Get More from Your ProcessWhen space and screen life are considerations, an oval screen pocket","og_url":"https:\/\/www.psi-polymersystems.com\/pt\/products\/screen-changer-overview\/continuous-screen-changer\/oval-breaker-plates\/","og_site_name":"PSI-Polymer Systems","article_publisher":"https:\/\/www.facebook.com\/psipolymersystems\/","article_modified_time":"2023-04-28T20:26:57+00:00","og_image":[{"url":"https:\/\/psi-polymersystems.com\/wp-content\/uploads\/2023\/04\/Oval-scaled.jpg","type":"","width":"","height":""}],"twitter_card":"summary_large_image","twitter_misc":{"Tempo estimado de leitura":"2 minutos"},"schema":{"@context":"https:\/\/schema.org","@graph":[{"@type":"WebPage","@id":"https:\/\/www.psi-polymersystems.com\/products\/screen-changer-overview\/continuous-screen-changer\/oval-breaker-plates\/","url":"https:\/\/www.psi-polymersystems.com\/products\/screen-changer-overview\/continuous-screen-changer\/oval-breaker-plates\/","name":"Oval Breaker Plates - PSI-Polymer Systems","isPartOf":{"@id":"https:\/\/www.psi-polymersystems.com\/#website"},"primaryImageOfPage":{"@id":"https:\/\/www.psi-polymersystems.com\/products\/screen-changer-overview\/continuous-screen-changer\/oval-breaker-plates\/#primaryimage"},"image":{"@id":"https:\/\/www.psi-polymersystems.com\/products\/screen-changer-overview\/continuous-screen-changer\/oval-breaker-plates\/#primaryimage"},"thumbnailUrl":"https:\/\/psi-polymersystems.com\/wp-content\/uploads\/2023\/04\/Oval-scaled.jpg","datePublished":"2023-04-28T18:53:47+00:00","dateModified":"2023-04-28T20:26:57+00:00","breadcrumb":{"@id":"https:\/\/www.psi-polymersystems.com\/products\/screen-changer-overview\/continuous-screen-changer\/oval-breaker-plates\/#breadcrumb"},"inLanguage":"pt-PT","potentialAction":[{"@type":"ReadAction","target":["https:\/\/www.psi-polymersystems.com\/products\/screen-changer-overview\/continuous-screen-changer\/oval-breaker-plates\/"]}]},{"@type":"ImageObject","inLanguage":"pt-PT","@id":"https:\/\/www.psi-polymersystems.com\/products\/screen-changer-overview\/continuous-screen-changer\/oval-breaker-plates\/#primaryimage","url":"https:\/\/psi-polymersystems.com\/wp-content\/uploads\/2023\/04\/Oval-scaled.jpg","contentUrl":"https:\/\/psi-polymersystems.com\/wp-content\/uploads\/2023\/04\/Oval-scaled.jpg"},{"@type":"BreadcrumbList","@id":"https:\/\/www.psi-polymersystems.com\/products\/screen-changer-overview\/continuous-screen-changer\/oval-breaker-plates\/#breadcrumb","itemListElement":[{"@type":"ListItem","position":1,"name":"Home","item":"https:\/\/www.psi-polymersystems.com\/"},{"@type":"ListItem","position":2,"name":"Product Overview","item":"https:\/\/www.psi-polymersystems.com\/products\/"},{"@type":"ListItem","position":3,"name":"Screen Changer Overview","item":"https:\/\/www.psi-polymersystems.com\/products\/screen-changer-overview\/"},{"@type":"ListItem","position":4,"name":"Continuous Screen Changer (CSC)","item":"https:\/\/www.psi-polymersystems.com\/products\/screen-changer-overview\/continuous-screen-changer\/"},{"@type":"ListItem","position":5,"name":"Oval Breaker Plates"}]},{"@type":"WebSite","@id":"https:\/\/www.psi-polymersystems.com\/#website","url":"https:\/\/www.psi-polymersystems.com\/","name":"PSI-Polymer Systems","description":"","publisher":{"@id":"https:\/\/www.psi-polymersystems.com\/#organization"},"potentialAction":[{"@type":"SearchAction","target":{"@type":"EntryPoint","urlTemplate":"https:\/\/www.psi-polymersystems.com\/?s={search_term_string}"},"query-input":{"@type":"PropertyValueSpecification","valueRequired":true,"valueName":"search_term_string"}}],"inLanguage":"pt-PT"},{"@type":"Organization","@id":"https:\/\/www.psi-polymersystems.com\/#organization","name":"PSI-Polymer Systems, Inc.","url":"https:\/\/www.psi-polymersystems.com\/","logo":{"@type":"ImageObject","inLanguage":"pt-PT","@id":"https:\/\/www.psi-polymersystems.com\/#\/schema\/logo\/image\/","url":"","contentUrl":"","caption":"PSI-Polymer Systems, Inc."},"image":{"@id":"https:\/\/www.psi-polymersystems.com\/#\/schema\/logo\/image\/"},"sameAs":["https:\/\/www.facebook.com\/psipolymersystems\/","https:\/\/www.linkedin.com\/showcase\/psi-polymer-systems"]}]}},"_links":{"self":[{"href":"https:\/\/www.psi-polymersystems.com\/pt\/wp-json\/wp\/v2\/pages\/8791","targetHints":{"allow":["GET"]}}],"collection":[{"href":"https:\/\/www.psi-polymersystems.com\/pt\/wp-json\/wp\/v2\/pages"}],"about":[{"href":"https:\/\/www.psi-polymersystems.com\/pt\/wp-json\/wp\/v2\/types\/page"}],"author":[{"embeddable":true,"href":"https:\/\/www.psi-polymersystems.com\/pt\/wp-json\/wp\/v2\/users\/2"}],"replies":[{"embeddable":true,"href":"https:\/\/www.psi-polymersystems.com\/pt\/wp-json\/wp\/v2\/comments?post=8791"}],"version-history":[{"count":0,"href":"https:\/\/www.psi-polymersystems.com\/pt\/wp-json\/wp\/v2\/pages\/8791\/revisions"}],"up":[{"embeddable":true,"href":"https:\/\/www.psi-polymersystems.com\/pt\/wp-json\/wp\/v2\/pages\/7"}],"wp:attachment":[{"href":"https:\/\/www.psi-polymersystems.com\/pt\/wp-json\/wp\/v2\/media?parent=8791"}],"curies":[{"name":"wp","href":"https:\/\/api.w.org\/{rel}","templated":true}]}}