{"id":8861,"date":"2023-05-01T18:49:00","date_gmt":"2023-05-01T18:49:00","guid":{"rendered":"https:\/\/psi-polymersystems.com\/?page_id=8861"},"modified":"2023-05-01T19:50:17","modified_gmt":"2023-05-01T19:50:17","slug":"remote-connectivity","status":"publish","type":"page","link":"https:\/\/www.psi-polymersystems.com\/pt\/remote-connectivity\/","title":{"rendered":"Conectividade Remota"},"content":{"rendered":"<div data-elementor-type=\"wp-page\" data-elementor-id=\"8861\" class=\"elementor elementor-8861\" data-elementor-post-type=\"page\">\n\t\t\t\t\t\t<section class=\"elementor-section elementor-top-section elementor-element elementor-element-6471935d elementor-section-boxed elementor-section-height-default elementor-section-height-default\" data-id=\"6471935d\" data-element_type=\"section\" data-e-type=\"section\">\n\t\t\t\t\t\t<div class=\"elementor-container elementor-column-gap-default\">\n\t\t\t\t\t<div class=\"elementor-column elementor-col-100 elementor-top-column elementor-element elementor-element-3772b875\" data-id=\"3772b875\" data-element_type=\"column\" data-e-type=\"column\">\n\t\t\t<div class=\"elementor-widget-wrap elementor-element-populated\">\n\t\t\t\t\t\t<div class=\"elementor-element elementor-element-54a5b3cf elementor-widget elementor-widget-text-editor\" data-id=\"54a5b3cf\" data-element_type=\"widget\" data-e-type=\"widget\" data-widget_type=\"text-editor.default\">\n\t\t\t\t<div class=\"elementor-widget-container\">\n\t\t\t\t\t\t\t\t\t<h3><span style=\"color: #0693e3;\">Conectividade PLC Remoto Ewon<\/span><\/h3>\n<h5>Acesso remoto instant\u00e2neo e seguro para os engenheiros de controle da PSI trabalharem com sua equipe de produ\u00e7\u00e3o em tempo real.<\/h5>\n<h5>Porque sua produtividade e efici\u00eancia operacional significam tudo para n\u00f3s.<\/h5>\t\t\t\t\t\t\t\t<\/div>\n\t\t\t\t<\/div>\n\t\t\t\t\t<\/div>\n\t\t<\/div>\n\t\t\t\t\t<\/div>\n\t\t<\/section>\n\t\t\t\t<section class=\"elementor-section elementor-top-section elementor-element elementor-element-181cd83d elementor-section-boxed elementor-section-height-default elementor-section-height-default\" data-id=\"181cd83d\" data-element_type=\"section\" data-e-type=\"section\">\n\t\t\t\t\t\t<div class=\"elementor-container elementor-column-gap-default\">\n\t\t\t\t\t<div class=\"elementor-column elementor-col-33 elementor-top-column elementor-element elementor-element-1e18eb5f\" data-id=\"1e18eb5f\" data-element_type=\"column\" data-e-type=\"column\">\n\t\t\t<div class=\"elementor-widget-wrap elementor-element-populated\">\n\t\t\t\t\t\t<div class=\"elementor-element elementor-element-79a62598 elementor-widget__width-initial elementor-widget elementor-widget-image\" data-id=\"79a62598\" data-element_type=\"widget\" data-e-type=\"widget\" data-widget_type=\"image.default\">\n\t\t\t\t<div class=\"elementor-widget-container\">\n\t\t\t\t\t\t\t\t\t\t\t\t\t\t\t<img fetchpriority=\"high\" decoding=\"async\" width=\"221\" height=\"416\" src=\"https:\/\/www.psi-polymersystems.com\/wp-content\/uploads\/2023\/05\/Ewon_product_Cosy-Ethernet.jpg\" class=\"attachment-full size-full wp-image-8864\" alt=\"\" srcset=\"https:\/\/www.psi-polymersystems.com\/wp-content\/uploads\/2023\/05\/Ewon_product_Cosy-Ethernet.jpg 221w, https:\/\/www.psi-polymersystems.com\/wp-content\/uploads\/2023\/05\/Ewon_product_Cosy-Ethernet-159x300.jpg 159w, https:\/\/www.psi-polymersystems.com\/wp-content\/uploads\/2023\/05\/Ewon_product_Cosy-Ethernet-6x12.jpg 6w\" sizes=\"(max-width: 221px) 100vw, 221px\" \/>\t\t\t\t\t\t\t\t\t\t\t\t\t\t\t<\/div>\n\t\t\t\t<\/div>\n\t\t\t\t\t<\/div>\n\t\t<\/div>\n\t\t\t\t<div class=\"elementor-column elementor-col-33 elementor-top-column elementor-element elementor-element-15c89927\" data-id=\"15c89927\" data-element_type=\"column\" data-e-type=\"column\">\n\t\t\t<div class=\"elementor-widget-wrap elementor-element-populated\">\n\t\t\t\t\t\t<div class=\"elementor-element elementor-element-5f37073d elementor-widget__width-initial elementor-widget elementor-widget-text-editor\" data-id=\"5f37073d\" data-element_type=\"widget\" data-e-type=\"widget\" data-widget_type=\"text-editor.default\">\n\t\t\t\t<div class=\"elementor-widget-container\">\n\t\t\t\t\t\t\t\t\t<h4><span style=\"color: #0693e3;\">Por que voc\u00ea deve INVESTIR em CONECTIVIDADE REMOTA?<\/span><\/h4><div><span style=\"color: #0693e3;\">O acesso remoto industrial possibilita que as equipes de suporte se conectem com seguran\u00e7a atrav\u00e9s da Internet a equipamentos remotos baseados em PLC. <\/span><\/div><div><span style=\"color: #049abf;\">\u00a0<\/span><\/div><ol><li><span style=\"color: #0693e3;\"><strong>Maior Efici\u00eancia<\/strong><\/span>: A conectividade remota permite que usu\u00e1rios e fabricantes de m\u00e1quinas acessem e controlem m\u00e1quinas conectadas de qualquer lugar, a qualquer hora, usando um computador ou dispositivo m\u00f3vel. Isso significa que os usu\u00e1rios podem gerenciar suas m\u00e1quinas, diagnosticar problemas e fazer altera\u00e7\u00f5es nas configura\u00e7\u00f5es da m\u00e1quina sem a necessidade de estar fisicamente presente no local da m\u00e1quina, o que pode economizar tempo e aumentar a efici\u00eancia.<\/li><li><span style=\"color: #0693e3;\"><strong>Poupan\u00e7a de custos<\/strong><\/span>: A conectividade remota economiza dinheiro em despesas de viagem e reduz o tempo de inatividade, permitindo que os t\u00e9cnicos diagnostiquem e corrijam problemas remotamente, em vez de se deslocarem at\u00e9 o local da m\u00e1quina.\u00a0<\/li><li><span style=\"color: #0693e3;\"><strong>Monitoramento de m\u00e1quina aprimorado<\/strong><\/span>: A conectividade remota permite que os usu\u00e1rios da m\u00e1quina monitorem o desempenho da m\u00e1quina e coletem dados em tempo real, o que pode ajudar a identificar poss\u00edveis problemas antes que eles ocorram. Isso pode ajudar a evitar o tempo de inatividade da m\u00e1quina e reduzir a probabilidade de reparos caros.<\/li><li><span style=\"color: #0693e3;\"><strong>Colabora\u00e7\u00e3o aprimorada<\/strong><\/span>: A conectividade remota permite que os usu\u00e1rios da m\u00e1quina colaborem com a PSI de qualquer lugar do mundo, o que pode ajudar a resolver problemas com mais rapidez e efici\u00eancia. Isso leva a uma resolu\u00e7\u00e3o de problemas mais r\u00e1pida e uma melhor tomada de decis\u00e3o.<\/li><\/ol><p>No geral, a conectividade remota oferece v\u00e1rios benef\u00edcios para os usu\u00e1rios da m\u00e1quina, incluindo maior efici\u00eancia, economia de custos, melhor monitoramento da m\u00e1quina, colabora\u00e7\u00e3o aprimorada e maior flexibilidade.<\/p>\t\t\t\t\t\t\t\t<\/div>\n\t\t\t\t<\/div>\n\t\t\t\t\t<\/div>\n\t\t<\/div>\n\t\t\t\t<div class=\"elementor-column elementor-col-33 elementor-top-column elementor-element elementor-element-9887fdf\" data-id=\"9887fdf\" data-element_type=\"column\" data-e-type=\"column\">\n\t\t\t<div class=\"elementor-widget-wrap\">\n\t\t\t\t\t\t\t<\/div>\n\t\t<\/div>\n\t\t\t\t\t<\/div>\n\t\t<\/section>\n\t\t\t\t<\/div>","protected":false},"excerpt":{"rendered":"<p>Ewon Remote PLC Connectivity Acesso remoto e seguro instant\u00e2neo para engenheiros de controles PSI trabalharem com sua equipe de produ\u00e7\u00e3o em tempo real. Porque a sua produtividade e efici\u00eancia operacional significam tudo para n\u00f3s. Por que voc\u00ea deve INVESTIR em CONECTIVIDADE REMOTA? O acesso remoto industrial permite que as equipes de suporte se conectem com seguran\u00e7a atrav\u00e9s da Internet a [...]<\/p>","protected":false},"author":2,"featured_media":0,"parent":0,"menu_order":0,"comment_status":"closed","ping_status":"closed","template":"","meta":{"_monsterinsights_skip_tracking":false,"_monsterinsights_sitenote_active":false,"_monsterinsights_sitenote_note":"","_monsterinsights_sitenote_category":0,"footnotes":""},"class_list":["post-8861","page","type-page","status-publish","hentry"],"yoast_head":"<!-- This site is optimized with the Yoast SEO Premium plugin v25.0 (Yoast SEO v25.0) - https:\/\/yoast.com\/wordpress\/plugins\/seo\/ -->\n<title>Remote Connectivity - PSI-Polymer Systems<\/title>\n<meta name=\"robots\" content=\"index, follow, max-snippet:-1, max-image-preview:large, max-video-preview:-1\" \/>\n<link rel=\"canonical\" href=\"https:\/\/www.psi-polymersystems.com\/pt\/remote-connectivity\/\" \/>\n<meta property=\"og:locale\" content=\"pt_PT\" \/>\n<meta property=\"og:type\" content=\"article\" \/>\n<meta property=\"og:title\" content=\"Remote Connectivity\" \/>\n<meta property=\"og:description\" content=\"Ewon Remote PLC Connectivity Instant Remote and Secure access for PSI Controls Engineers to work with your production team in real time. Because your\" \/>\n<meta property=\"og:url\" content=\"https:\/\/www.psi-polymersystems.com\/pt\/remote-connectivity\/\" \/>\n<meta property=\"og:site_name\" content=\"PSI-Polymer Systems\" \/>\n<meta property=\"article:publisher\" content=\"https:\/\/www.facebook.com\/psipolymersystems\/\" \/>\n<meta property=\"article:modified_time\" content=\"2023-05-01T19:50:17+00:00\" \/>\n<meta property=\"og:image\" content=\"https:\/\/psi-polymersystems.com\/wp-content\/uploads\/2023\/05\/Ewon_product_Cosy-Ethernet.jpg\" \/>\n<meta name=\"twitter:card\" content=\"summary_large_image\" \/>\n<meta name=\"twitter:label1\" content=\"Tempo estimado de leitura\" \/>\n\t<meta name=\"twitter:data1\" content=\"2 minutos\" \/>\n<script type=\"application\/ld+json\" class=\"yoast-schema-graph\">{\"@context\":\"https:\/\/schema.org\",\"@graph\":[{\"@type\":\"WebPage\",\"@id\":\"https:\/\/www.psi-polymersystems.com\/remote-connectivity\/\",\"url\":\"https:\/\/www.psi-polymersystems.com\/remote-connectivity\/\",\"name\":\"Remote Connectivity - PSI-Polymer Systems\",\"isPartOf\":{\"@id\":\"https:\/\/www.psi-polymersystems.com\/#website\"},\"primaryImageOfPage\":{\"@id\":\"https:\/\/www.psi-polymersystems.com\/remote-connectivity\/#primaryimage\"},\"image\":{\"@id\":\"https:\/\/www.psi-polymersystems.com\/remote-connectivity\/#primaryimage\"},\"thumbnailUrl\":\"https:\/\/psi-polymersystems.com\/wp-content\/uploads\/2023\/05\/Ewon_product_Cosy-Ethernet.jpg\",\"datePublished\":\"2023-05-01T18:49:00+00:00\",\"dateModified\":\"2023-05-01T19:50:17+00:00\",\"breadcrumb\":{\"@id\":\"https:\/\/www.psi-polymersystems.com\/remote-connectivity\/#breadcrumb\"},\"inLanguage\":\"pt-PT\",\"potentialAction\":[{\"@type\":\"ReadAction\",\"target\":[\"https:\/\/www.psi-polymersystems.com\/remote-connectivity\/\"]}]},{\"@type\":\"ImageObject\",\"inLanguage\":\"pt-PT\",\"@id\":\"https:\/\/www.psi-polymersystems.com\/remote-connectivity\/#primaryimage\",\"url\":\"https:\/\/psi-polymersystems.com\/wp-content\/uploads\/2023\/05\/Ewon_product_Cosy-Ethernet.jpg\",\"contentUrl\":\"https:\/\/psi-polymersystems.com\/wp-content\/uploads\/2023\/05\/Ewon_product_Cosy-Ethernet.jpg\"},{\"@type\":\"BreadcrumbList\",\"@id\":\"https:\/\/www.psi-polymersystems.com\/remote-connectivity\/#breadcrumb\",\"itemListElement\":[{\"@type\":\"ListItem\",\"position\":1,\"name\":\"Home\",\"item\":\"https:\/\/www.psi-polymersystems.com\/\"},{\"@type\":\"ListItem\",\"position\":2,\"name\":\"Remote Connectivity\"}]},{\"@type\":\"WebSite\",\"@id\":\"https:\/\/www.psi-polymersystems.com\/#website\",\"url\":\"https:\/\/www.psi-polymersystems.com\/\",\"name\":\"PSI-Polymer Systems\",\"description\":\"\",\"publisher\":{\"@id\":\"https:\/\/www.psi-polymersystems.com\/#organization\"},\"potentialAction\":[{\"@type\":\"SearchAction\",\"target\":{\"@type\":\"EntryPoint\",\"urlTemplate\":\"https:\/\/www.psi-polymersystems.com\/?s={search_term_string}\"},\"query-input\":{\"@type\":\"PropertyValueSpecification\",\"valueRequired\":true,\"valueName\":\"search_term_string\"}}],\"inLanguage\":\"pt-PT\"},{\"@type\":\"Organization\",\"@id\":\"https:\/\/www.psi-polymersystems.com\/#organization\",\"name\":\"PSI-Polymer Systems, Inc.\",\"url\":\"https:\/\/www.psi-polymersystems.com\/\",\"logo\":{\"@type\":\"ImageObject\",\"inLanguage\":\"pt-PT\",\"@id\":\"https:\/\/www.psi-polymersystems.com\/#\/schema\/logo\/image\/\",\"url\":\"\",\"contentUrl\":\"\",\"caption\":\"PSI-Polymer Systems, Inc.\"},\"image\":{\"@id\":\"https:\/\/www.psi-polymersystems.com\/#\/schema\/logo\/image\/\"},\"sameAs\":[\"https:\/\/www.facebook.com\/psipolymersystems\/\",\"https:\/\/www.linkedin.com\/showcase\/psi-polymer-systems\"]}]}<\/script>\n<!-- \/ Yoast SEO Premium plugin. -->","yoast_head_json":{"title":"Remote Connectivity - PSI-Polymer Systems","robots":{"index":"index","follow":"follow","max-snippet":"max-snippet:-1","max-image-preview":"max-image-preview:large","max-video-preview":"max-video-preview:-1"},"canonical":"https:\/\/www.psi-polymersystems.com\/pt\/remote-connectivity\/","og_locale":"pt_PT","og_type":"article","og_title":"Remote Connectivity","og_description":"Ewon Remote PLC Connectivity Instant Remote and Secure access for PSI Controls Engineers to work with your production team in real time. Because your","og_url":"https:\/\/www.psi-polymersystems.com\/pt\/remote-connectivity\/","og_site_name":"PSI-Polymer Systems","article_publisher":"https:\/\/www.facebook.com\/psipolymersystems\/","article_modified_time":"2023-05-01T19:50:17+00:00","og_image":[{"url":"https:\/\/psi-polymersystems.com\/wp-content\/uploads\/2023\/05\/Ewon_product_Cosy-Ethernet.jpg","type":"","width":"","height":""}],"twitter_card":"summary_large_image","twitter_misc":{"Tempo estimado de leitura":"2 minutos"},"schema":{"@context":"https:\/\/schema.org","@graph":[{"@type":"WebPage","@id":"https:\/\/www.psi-polymersystems.com\/remote-connectivity\/","url":"https:\/\/www.psi-polymersystems.com\/remote-connectivity\/","name":"Remote Connectivity - PSI-Polymer Systems","isPartOf":{"@id":"https:\/\/www.psi-polymersystems.com\/#website"},"primaryImageOfPage":{"@id":"https:\/\/www.psi-polymersystems.com\/remote-connectivity\/#primaryimage"},"image":{"@id":"https:\/\/www.psi-polymersystems.com\/remote-connectivity\/#primaryimage"},"thumbnailUrl":"https:\/\/psi-polymersystems.com\/wp-content\/uploads\/2023\/05\/Ewon_product_Cosy-Ethernet.jpg","datePublished":"2023-05-01T18:49:00+00:00","dateModified":"2023-05-01T19:50:17+00:00","breadcrumb":{"@id":"https:\/\/www.psi-polymersystems.com\/remote-connectivity\/#breadcrumb"},"inLanguage":"pt-PT","potentialAction":[{"@type":"ReadAction","target":["https:\/\/www.psi-polymersystems.com\/remote-connectivity\/"]}]},{"@type":"ImageObject","inLanguage":"pt-PT","@id":"https:\/\/www.psi-polymersystems.com\/remote-connectivity\/#primaryimage","url":"https:\/\/psi-polymersystems.com\/wp-content\/uploads\/2023\/05\/Ewon_product_Cosy-Ethernet.jpg","contentUrl":"https:\/\/psi-polymersystems.com\/wp-content\/uploads\/2023\/05\/Ewon_product_Cosy-Ethernet.jpg"},{"@type":"BreadcrumbList","@id":"https:\/\/www.psi-polymersystems.com\/remote-connectivity\/#breadcrumb","itemListElement":[{"@type":"ListItem","position":1,"name":"Home","item":"https:\/\/www.psi-polymersystems.com\/"},{"@type":"ListItem","position":2,"name":"Remote Connectivity"}]},{"@type":"WebSite","@id":"https:\/\/www.psi-polymersystems.com\/#website","url":"https:\/\/www.psi-polymersystems.com\/","name":"PSI-Polymer Systems","description":"","publisher":{"@id":"https:\/\/www.psi-polymersystems.com\/#organization"},"potentialAction":[{"@type":"SearchAction","target":{"@type":"EntryPoint","urlTemplate":"https:\/\/www.psi-polymersystems.com\/?s={search_term_string}"},"query-input":{"@type":"PropertyValueSpecification","valueRequired":true,"valueName":"search_term_string"}}],"inLanguage":"pt-PT"},{"@type":"Organization","@id":"https:\/\/www.psi-polymersystems.com\/#organization","name":"PSI-Polymer Systems, Inc.","url":"https:\/\/www.psi-polymersystems.com\/","logo":{"@type":"ImageObject","inLanguage":"pt-PT","@id":"https:\/\/www.psi-polymersystems.com\/#\/schema\/logo\/image\/","url":"","contentUrl":"","caption":"PSI-Polymer Systems, Inc."},"image":{"@id":"https:\/\/www.psi-polymersystems.com\/#\/schema\/logo\/image\/"},"sameAs":["https:\/\/www.facebook.com\/psipolymersystems\/","https:\/\/www.linkedin.com\/showcase\/psi-polymer-systems"]}]}},"_links":{"self":[{"href":"https:\/\/www.psi-polymersystems.com\/pt\/wp-json\/wp\/v2\/pages\/8861","targetHints":{"allow":["GET"]}}],"collection":[{"href":"https:\/\/www.psi-polymersystems.com\/pt\/wp-json\/wp\/v2\/pages"}],"about":[{"href":"https:\/\/www.psi-polymersystems.com\/pt\/wp-json\/wp\/v2\/types\/page"}],"author":[{"embeddable":true,"href":"https:\/\/www.psi-polymersystems.com\/pt\/wp-json\/wp\/v2\/users\/2"}],"replies":[{"embeddable":true,"href":"https:\/\/www.psi-polymersystems.com\/pt\/wp-json\/wp\/v2\/comments?post=8861"}],"version-history":[{"count":0,"href":"https:\/\/www.psi-polymersystems.com\/pt\/wp-json\/wp\/v2\/pages\/8861\/revisions"}],"wp:attachment":[{"href":"https:\/\/www.psi-polymersystems.com\/pt\/wp-json\/wp\/v2\/media?parent=8861"}],"curies":[{"name":"wp","href":"https:\/\/api.w.org\/{rel}","templated":true}]}}