{"id":9549,"date":"2023-09-14T19:32:43","date_gmt":"2023-09-14T19:32:43","guid":{"rendered":"https:\/\/psi-polymersystems.com\/?page_id=9549"},"modified":"2023-09-15T12:04:15","modified_gmt":"2023-09-15T12:04:15","slug":"csc-bf-faq","status":"publish","type":"page","link":"https:\/\/www.psi-polymersystems.com\/pt\/csc-bf-faq\/","title":{"rendered":"Perguntas frequentes sobre CSC-BF"},"content":{"rendered":"<div data-elementor-type=\"wp-page\" data-elementor-id=\"9549\" class=\"elementor elementor-9549\" data-elementor-post-type=\"page\">\n\t\t\t\t\t\t<section class=\"elementor-section elementor-top-section elementor-element elementor-element-15fe4d9e elementor-section-boxed elementor-section-height-default elementor-section-height-default\" data-id=\"15fe4d9e\" data-element_type=\"section\" data-e-type=\"section\">\n\t\t\t\t\t\t<div class=\"elementor-container elementor-column-gap-default\">\n\t\t\t\t\t<div class=\"elementor-column elementor-col-100 elementor-top-column elementor-element elementor-element-34ec477a\" data-id=\"34ec477a\" data-element_type=\"column\" data-e-type=\"column\">\n\t\t\t<div class=\"elementor-widget-wrap elementor-element-populated\">\n\t\t\t\t\t\t<div class=\"elementor-element elementor-element-5630c18d elementor-widget elementor-widget-text-editor\" data-id=\"5630c18d\" data-element_type=\"widget\" data-e-type=\"widget\" data-widget_type=\"text-editor.default\">\n\t\t\t\t<div class=\"elementor-widget-container\">\n\t\t\t\t\t\t\t\t\t<div><h2 class=\"elementor-heading-title elementor-size-default elementor-inline-editing pen\" style=\"letter-spacing: normal; text-align: left; color: #7a7a7a;\" data-elementor-setting-key=\"title\" data-pen-placeholder=\"Type Here...\">Trocador de tela de backflush \u2013 Perguntas frequentes<\/h2><\/div>\t\t\t\t\t\t\t\t<\/div>\n\t\t\t\t<\/div>\n\t\t\t\t\t<\/div>\n\t\t<\/div>\n\t\t\t\t\t<\/div>\n\t\t<\/section>\n\t\t\t\t<section class=\"elementor-section elementor-top-section elementor-element elementor-element-53be5129 elementor-section-boxed elementor-section-height-default elementor-section-height-default\" data-id=\"53be5129\" data-element_type=\"section\" data-e-type=\"section\">\n\t\t\t\t\t\t<div class=\"elementor-container elementor-column-gap-default\">\n\t\t\t\t\t<div class=\"elementor-column elementor-col-100 elementor-top-column elementor-element elementor-element-74b52735\" data-id=\"74b52735\" data-element_type=\"column\" data-e-type=\"column\">\n\t\t\t<div class=\"elementor-widget-wrap elementor-element-populated\">\n\t\t\t\t\t\t<div class=\"elementor-element elementor-element-a6d3223 elementor-widget elementor-widget-image\" data-id=\"a6d3223\" data-element_type=\"widget\" data-e-type=\"widget\" data-widget_type=\"image.default\">\n\t\t\t\t<div class=\"elementor-widget-container\">\n\t\t\t\t\t\t\t\t\t\t\t\t\t\t\t<img fetchpriority=\"high\" decoding=\"async\" width=\"1024\" height=\"245\" src=\"https:\/\/www.psi-polymersystems.com\/wp-content\/uploads\/2023\/09\/Banner3-Brt-1024x245.jpg\" class=\"attachment-large size-large wp-image-9563\" alt=\"\" srcset=\"https:\/\/www.psi-polymersystems.com\/wp-content\/uploads\/2023\/09\/Banner3-Brt-1024x245.jpg 1024w, https:\/\/www.psi-polymersystems.com\/wp-content\/uploads\/2023\/09\/Banner3-Brt-300x72.jpg 300w, https:\/\/www.psi-polymersystems.com\/wp-content\/uploads\/2023\/09\/Banner3-Brt-768x184.jpg 768w, https:\/\/www.psi-polymersystems.com\/wp-content\/uploads\/2023\/09\/Banner3-Brt-1536x368.jpg 1536w, https:\/\/www.psi-polymersystems.com\/wp-content\/uploads\/2023\/09\/Banner3-Brt-2048x490.jpg 2048w, https:\/\/www.psi-polymersystems.com\/wp-content\/uploads\/2023\/09\/Banner3-Brt-18x4.jpg 18w, https:\/\/www.psi-polymersystems.com\/wp-content\/uploads\/2023\/09\/Banner3-Brt-600x144.jpg 600w\" sizes=\"(max-width: 1024px) 100vw, 1024px\" \/>\t\t\t\t\t\t\t\t\t\t\t\t\t\t\t<\/div>\n\t\t\t\t<\/div>\n\t\t\t\t\t<\/div>\n\t\t<\/div>\n\t\t\t\t\t<\/div>\n\t\t<\/section>\n\t\t\t\t<section class=\"elementor-section elementor-top-section elementor-element elementor-element-334bc742 elementor-section-boxed elementor-section-height-default elementor-section-height-default\" data-id=\"334bc742\" data-element_type=\"section\" data-e-type=\"section\">\n\t\t\t\t\t\t<div class=\"elementor-container elementor-column-gap-default\">\n\t\t\t\t\t<div class=\"elementor-column elementor-col-100 elementor-top-column elementor-element elementor-element-1dfe08bb\" data-id=\"1dfe08bb\" data-element_type=\"column\" data-e-type=\"column\">\n\t\t\t<div class=\"elementor-widget-wrap elementor-element-populated\">\n\t\t\t\t\t\t<div class=\"elementor-element elementor-element-54731ffe elementor-widget elementor-widget-text-editor\" data-id=\"54731ffe\" data-element_type=\"widget\" data-e-type=\"widget\" data-widget_type=\"text-editor.default\">\n\t\t\t\t<div class=\"elementor-widget-container\">\n\t\t\t\t\t\t\t\t\t<h3 style=\"text-align: left;\"><span style=\"color: #0693e3;\"><strong>AO CONTROLE<\/strong><\/span><\/h3><h5><b>Como o trocador de tela sabe quando iniciar um ciclo de backflush?<\/b><\/h5><p style=\"padding-left: 40px;\">O PLC usa um ponto de ajuste de press\u00e3o de tela limpa e um valor +\/- 600 PSI maior para estabelecer configura\u00e7\u00f5es de linha de base. Quando o transmissor de press\u00e3o a montante l\u00ea o ponto de ajuste de alta press\u00e3o, o ciclo de backflush \u00e9 iniciado e o PLC alterna todas as quatro telas em sequ\u00eancia durante a opera\u00e7\u00e3o de backflush.<\/p><h4><b>Como posso saber quando realizar uma mudan\u00e7a de tela?<\/b><\/h4><p style=\"padding-left: 40px;\">Existem duas maneiras:<\/p><p style=\"padding-left: 40px;\">\u00c0 medida que o n\u00famero de backflushes aumenta, \u00e9 t\u00edpico que o valor da press\u00e3o da tela limpa aumente devido ao ac\u00famulo de oclus\u00f5es no conjunto de telas que n\u00e3o se desalojar\u00e3o sob contrapress\u00e3o. Quando isso acontece, a janela de press\u00e3o operacional diminui lentamente e a frequ\u00eancia do ciclo de retrolavagem aumenta. Se o tempo entre os ciclos cair para um valor predefinido, um alarme \u00e9 acionado, chamando o operador para realizar uma mudan\u00e7a de tela nas quatro posi\u00e7\u00f5es.<\/p><p style=\"padding-left: 40px;\">Alternativamente, o PLC possui um setpoint que especifica o n\u00famero de ciclos de backflush que podem ser realizados antes de solicitar uma troca de tela. Neste caso, se o ciclo de backflush for altamente eficiente e a mudan\u00e7a de frequ\u00eancia n\u00e3o diminuir a ponto de disparar um alarme de troca de tela, as telas podem fadigar com o tempo. A experimenta\u00e7\u00e3o pode determinar o n\u00famero m\u00e1ximo aceit\u00e1vel de ciclos.<\/p><h4><b>Onde devo definir meu ponto de ajuste de press\u00e3o de in\u00edcio de backflush?<\/b><\/h4><p style=\"padding-left: 40px;\">A PSI normalmente recomenda definir a press\u00e3o de in\u00edcio de backflush em torno de 600 PSI acima da press\u00e3o inicial de tela limpa, dependendo das press\u00f5es em que a linha est\u00e1 operando e qual \u00e9 ou dever\u00e1 ser a press\u00e3o a jusante. Certifique-se de que a press\u00e3o delta da placa do disjuntor n\u00e3o exceda 1.500 PSI.\u00a0<\/p><h4><b>\u00c9 necess\u00e1rio um transdutor de press\u00e3o a jusante para operar a fun\u00e7\u00e3o autom\u00e1tica do trocador de tela de backflush ou para acionar uma mudan\u00e7a de tela?<\/b><\/h4><p style=\"padding-left: 40px;\">A fun\u00e7\u00e3o autom\u00e1tica <u>n\u00e3o<\/u> requerem um transdutor de press\u00e3o a jusante. O backflush \u00e9 acionado apenas por altera\u00e7\u00f5es na press\u00e3o a montante.\u00a0<\/p><ul><li style=\"list-style-type: none;\"><ul><li style=\"list-style-type: none;\"><ul><li>A indica\u00e7\u00e3o de press\u00e3o a jusante \u00e9 opcional para visualizar a press\u00e3o delta no sistema e\/ou alarme para um ponto de ajuste. \u00c9 importante saber aproximadamente qual \u00e9 a press\u00e3o a jusante para definir o ponto de ajuste da press\u00e3o de retrolavagem e os alarmes de press\u00e3o de entrada adequados. Se isso n\u00e3o estiver dispon\u00edvel, comece com a press\u00e3o do cabe\u00e7ote de limpeza da tela como o limite inferior do ponto de ajuste da fun\u00e7\u00e3o autom\u00e1tica e use a configura\u00e7\u00e3o na qual as altera\u00e7\u00f5es da tela normalmente seriam feitas para o ponto de ajuste superior.<\/li><\/ul><\/li><\/ul><\/li><\/ul><h4><strong>N\u00e3o parece haver um instrumento de press\u00e3o a jusante nesta unidade.<\/strong><\/h4><p style=\"padding-left: 40px;\">O PLC tem a capacidade de conectar um transmissor de press\u00e3o a jusante, mas isso n\u00e3o \u00e9 fornecido como padr\u00e3o e deve ser especificado como parte de um pedido.\u00a0<\/p><h3>\u00a0<\/h3><h3><span style=\"color: #0693e3;\"><strong>FALHAS, PANES<\/strong><\/span><\/h3><p><strong>M\u00faltiplas falhas est\u00e3o constantemente presentes no painel de controle do trocador de tela.<\/strong><\/p><p style=\"padding-left: 80px;\"><strong>C\u00f3digos de falha <\/strong>M\u00d3DULO IO #6 FALTA (FATAL) M\u00d3DULO IO #5 FALTA (FATAL) M\u00d3DULO IO #4 FALTA (FATAL) REINICIALIZA\u00c7\u00c3O DE PARADA DE EMERG\u00caNCIA NECESS\u00c1RIA (FATAL)<\/p><p style=\"padding-left: 40px;\">Isso pode ocorrer ap\u00f3s a parada de emerg\u00eancia ter sido ativada. A alimenta\u00e7\u00e3o para os m\u00f3dulos de E\/S vem do \u201cSCD\u201d (Safe DC Power), portanto, quando uma parada de emerg\u00eancia for ativada e o rel\u00e9 de parada de emerg\u00eancia n\u00e3o tiver sido reinicializado, esses alarmes ser\u00e3o exibidos. Limpe a parada de emerg\u00eancia e pressione o bot\u00e3o azul de reinicializa\u00e7\u00e3o na frente do painel para reativar o rel\u00e9 de parada de emerg\u00eancia e limpar os alarmes.<\/p><h3>\u00a0<\/h3><h3><span style=\"color: #0693e3;\"><strong>MOVIMENTO DE CRUZADA<\/strong><\/span><\/h3><h4><strong>Jog In afasta os parafusos do cilindro hidr\u00e1ulico. N\u00e3o consigo colocar o parafuso inferior online. Eu pressiono Auto Home e o parafuso vai para a posi\u00e7\u00e3o C e para.<\/strong><\/h4><p style=\"padding-left: 40px;\">Parece que as mangueiras hidr\u00e1ulicas est\u00e3o conectadas ao contr\u00e1rio ou a \u201cfia\u00e7\u00e3o de extens\u00e3o\/retra\u00e7\u00e3o entre o painel PLC e a HPU est\u00e1 incorreta. Provavelmente, as mangueiras est\u00e3o invertidas. De qualquer forma, mudar qualquer um deles resolver\u00e1 o problema. Certifique-se de que a extens\u00e3o do parafuso superior\/inferior se estenda para longe do cilindro hidr\u00e1ulico e que a retra\u00e7\u00e3o se retraia.<\/p><p style=\"padding-left: 40px;\">Quando voc\u00ea vai para a tela manual e Jog In ou Jog Out, ele se move na dire\u00e7\u00e3o correta? Jog Out \u00e9 extens\u00e3o do cilindro, Jog In \u00e9 retra\u00e7\u00e3o. N\u00e3o importa o que aconte\u00e7a, voc\u00ea deve conseguir coloc\u00e1-lo on-line movimentando o parafuso inferior para dentro ou para fora para aproxim\u00e1-lo da posi\u00e7\u00e3o inicial\/on-line.<\/p><p style=\"padding-left: 40px;\">\u00a0<\/p><h4><strong>Parafuso preso: A cruzeta est\u00e1 presa no lugar e n\u00e3o se move.<\/strong><\/h4><p style=\"padding-left: 40px;\">Verifique a Unidade de Energia Hidr\u00e1ulica (HPU). Se n\u00e3o houver press\u00e3o, verifique o n\u00edvel do fluido (visor), verifique se a bomba est\u00e1 funcionando e verifique as bobinas direcionais quanto \u00e0 ilumina\u00e7\u00e3o.<\/p><p style=\"padding-left: 40px;\">A trava cruzada pode precisar de limpeza ou pode haver danos no alojamento ou impacto no movimento da trava cruzada. Se a press\u00e3o da unidade de energia hidr\u00e1ulica estiver acima de 1000 PSI e a trava cruzada n\u00e3o estiver se movendo, consulte:<\/p><ul><li style=\"list-style-type: none;\"><ul><li style=\"list-style-type: none;\"><ul><li><span style=\"text-decoration: underline;\"><span style=\"color: #3366ff;\"><a style=\"color: #3366ff; text-decoration: underline;\" href=\"https:\/\/psi-polymersystems.com\/wp-content\/uploads\/2020\/08\/Cleaning-Procedure-for-Frozen-Bolt-on-Continuous-Screen-Changers.pdf\" data-lf-fd-inspected-laxoeakgomvaoygd=\"true\">Procedimento de limpeza para um parafuso trocador de tela preso<\/a><\/span><\/span><\/li><li><span style=\"text-decoration: underline;\"><span style=\"color: #3366ff;\"><a style=\"color: #3366ff; text-decoration: underline;\" href=\"https:\/\/psi-polymersystems.com\/wp-content\/uploads\/2020\/08\/Honing-and-Cleaning-Procedure-for-Continuous-Screen-Changers.pdf\" data-lf-fd-inspected-laxoeakgomvaoygd=\"true\">Procedimento de afia\u00e7\u00e3o e limpeza para trocadores de tela tipo parafuso<\/a><\/span><\/span><\/li><\/ul><\/li><\/ul><\/li><\/ul><h4><strong>Lubrifica\u00e7\u00e3o. Qual lubrificante deve ser usado nas cruzetas?<\/strong><\/h4><p style=\"padding-left: 40px;\">O lubrificante recomendado para parafusos de tela \u00e9 o GN Metal Assembly Spray, um lubrificante de dissulfeto de molibd\u00eanio fabricado pela Dow Corning Corporation. Somente lubrificante em spray de dissulfeto de molibd\u00eanio com estabilidade t\u00e9rmica de 450 \u00b0C deve ser usado para lubrifica\u00e7\u00e3o.\u00a0<\/p><p style=\"padding-left: 40px;\"><strong><span style=\"color: #333333;\">Nunca <\/span>use lubrificantes org\u00e2nicos ou \u00e0 base de silicone nos parafusos da tela. Esses materiais far\u00e3o com que os parafusos da tela fiquem presos na carca\u00e7a<\/strong>.<\/p>\t\t\t\t\t\t\t\t<\/div>\n\t\t\t\t<\/div>\n\t\t\t\t\t<\/div>\n\t\t<\/div>\n\t\t\t\t\t<\/div>\n\t\t<\/section>\n\t\t\t\t<\/div>","protected":false},"excerpt":{"rendered":"<p>Trocador de tela de backflush \u2013 FAQ CONTROLE Como o trocador de tela sabe quando iniciar um ciclo de backflush? O PLC usa um ponto de ajuste de press\u00e3o de tela limpa e um valor +\/- 600 PSI maior para estabelecer configura\u00e7\u00f5es de linha de base. Quando o transmissor de press\u00e3o a montante l\u00ea o ponto de ajuste de alta press\u00e3o, o ciclo de backflush \u00e9 iniciado e o PLC faz o ciclo de todos [...]<\/p>","protected":false},"author":2,"featured_media":0,"parent":0,"menu_order":0,"comment_status":"closed","ping_status":"closed","template":"","meta":{"_monsterinsights_skip_tracking":false,"_monsterinsights_sitenote_active":false,"_monsterinsights_sitenote_note":"","_monsterinsights_sitenote_category":0,"footnotes":""},"class_list":["post-9549","page","type-page","status-publish","hentry"],"yoast_head":"<!-- This site is optimized with the Yoast SEO Premium plugin v25.0 (Yoast SEO v25.0) - https:\/\/yoast.com\/wordpress\/plugins\/seo\/ -->\n<title>CSC-BF FAQ - PSI-Polymer Systems<\/title>\n<meta name=\"robots\" content=\"index, follow, max-snippet:-1, max-image-preview:large, max-video-preview:-1\" \/>\n<link rel=\"canonical\" href=\"https:\/\/www.psi-polymersystems.com\/pt\/csc-bf-faq\/\" \/>\n<meta property=\"og:locale\" content=\"pt_PT\" \/>\n<meta property=\"og:type\" content=\"article\" \/>\n<meta property=\"og:title\" content=\"CSC-BF FAQ\" \/>\n<meta property=\"og:description\" content=\"Backflush Screen Changer - FAQ CONTROLHow does the screen changer know when to initiate a backflush cycle?The PLC uses a clean screen pressure setpoint\" \/>\n<meta property=\"og:url\" content=\"https:\/\/www.psi-polymersystems.com\/pt\/csc-bf-faq\/\" \/>\n<meta property=\"og:site_name\" content=\"PSI-Polymer Systems\" \/>\n<meta property=\"article:publisher\" content=\"https:\/\/www.facebook.com\/psipolymersystems\/\" \/>\n<meta property=\"article:modified_time\" content=\"2023-09-15T12:04:15+00:00\" \/>\n<meta property=\"og:image\" content=\"https:\/\/psi-polymersystems.com\/wp-content\/uploads\/2023\/09\/Banner3-Brt-1024x245.jpg\" \/>\n<meta name=\"twitter:card\" content=\"summary_large_image\" \/>\n<meta name=\"twitter:label1\" content=\"Tempo estimado de leitura\" \/>\n\t<meta name=\"twitter:data1\" content=\"4 minutos\" \/>\n<script type=\"application\/ld+json\" class=\"yoast-schema-graph\">{\"@context\":\"https:\/\/schema.org\",\"@graph\":[{\"@type\":\"WebPage\",\"@id\":\"https:\/\/www.psi-polymersystems.com\/csc-bf-faq\/\",\"url\":\"https:\/\/www.psi-polymersystems.com\/csc-bf-faq\/\",\"name\":\"CSC-BF FAQ - PSI-Polymer Systems\",\"isPartOf\":{\"@id\":\"https:\/\/www.psi-polymersystems.com\/#website\"},\"primaryImageOfPage\":{\"@id\":\"https:\/\/www.psi-polymersystems.com\/csc-bf-faq\/#primaryimage\"},\"image\":{\"@id\":\"https:\/\/www.psi-polymersystems.com\/csc-bf-faq\/#primaryimage\"},\"thumbnailUrl\":\"https:\/\/psi-polymersystems.com\/wp-content\/uploads\/2023\/09\/Banner3-Brt-1024x245.jpg\",\"datePublished\":\"2023-09-14T19:32:43+00:00\",\"dateModified\":\"2023-09-15T12:04:15+00:00\",\"breadcrumb\":{\"@id\":\"https:\/\/www.psi-polymersystems.com\/csc-bf-faq\/#breadcrumb\"},\"inLanguage\":\"pt-PT\",\"potentialAction\":[{\"@type\":\"ReadAction\",\"target\":[\"https:\/\/www.psi-polymersystems.com\/csc-bf-faq\/\"]}]},{\"@type\":\"ImageObject\",\"inLanguage\":\"pt-PT\",\"@id\":\"https:\/\/www.psi-polymersystems.com\/csc-bf-faq\/#primaryimage\",\"url\":\"https:\/\/psi-polymersystems.com\/wp-content\/uploads\/2023\/09\/Banner3-Brt-1024x245.jpg\",\"contentUrl\":\"https:\/\/psi-polymersystems.com\/wp-content\/uploads\/2023\/09\/Banner3-Brt-1024x245.jpg\"},{\"@type\":\"BreadcrumbList\",\"@id\":\"https:\/\/www.psi-polymersystems.com\/csc-bf-faq\/#breadcrumb\",\"itemListElement\":[{\"@type\":\"ListItem\",\"position\":1,\"name\":\"Home\",\"item\":\"https:\/\/www.psi-polymersystems.com\/\"},{\"@type\":\"ListItem\",\"position\":2,\"name\":\"CSC-BF FAQ\"}]},{\"@type\":\"WebSite\",\"@id\":\"https:\/\/www.psi-polymersystems.com\/#website\",\"url\":\"https:\/\/www.psi-polymersystems.com\/\",\"name\":\"PSI-Polymer Systems\",\"description\":\"\",\"publisher\":{\"@id\":\"https:\/\/www.psi-polymersystems.com\/#organization\"},\"potentialAction\":[{\"@type\":\"SearchAction\",\"target\":{\"@type\":\"EntryPoint\",\"urlTemplate\":\"https:\/\/www.psi-polymersystems.com\/?s={search_term_string}\"},\"query-input\":{\"@type\":\"PropertyValueSpecification\",\"valueRequired\":true,\"valueName\":\"search_term_string\"}}],\"inLanguage\":\"pt-PT\"},{\"@type\":\"Organization\",\"@id\":\"https:\/\/www.psi-polymersystems.com\/#organization\",\"name\":\"PSI-Polymer Systems, Inc.\",\"url\":\"https:\/\/www.psi-polymersystems.com\/\",\"logo\":{\"@type\":\"ImageObject\",\"inLanguage\":\"pt-PT\",\"@id\":\"https:\/\/www.psi-polymersystems.com\/#\/schema\/logo\/image\/\",\"url\":\"\",\"contentUrl\":\"\",\"caption\":\"PSI-Polymer Systems, Inc.\"},\"image\":{\"@id\":\"https:\/\/www.psi-polymersystems.com\/#\/schema\/logo\/image\/\"},\"sameAs\":[\"https:\/\/www.facebook.com\/psipolymersystems\/\",\"https:\/\/www.linkedin.com\/showcase\/psi-polymer-systems\"]}]}<\/script>\n<!-- \/ Yoast SEO Premium plugin. -->","yoast_head_json":{"title":"CSC-BF FAQ - PSI-Polymer Systems","robots":{"index":"index","follow":"follow","max-snippet":"max-snippet:-1","max-image-preview":"max-image-preview:large","max-video-preview":"max-video-preview:-1"},"canonical":"https:\/\/www.psi-polymersystems.com\/pt\/csc-bf-faq\/","og_locale":"pt_PT","og_type":"article","og_title":"CSC-BF FAQ","og_description":"Backflush Screen Changer - FAQ CONTROLHow does the screen changer know when to initiate a backflush cycle?The PLC uses a clean screen pressure setpoint","og_url":"https:\/\/www.psi-polymersystems.com\/pt\/csc-bf-faq\/","og_site_name":"PSI-Polymer Systems","article_publisher":"https:\/\/www.facebook.com\/psipolymersystems\/","article_modified_time":"2023-09-15T12:04:15+00:00","og_image":[{"url":"https:\/\/psi-polymersystems.com\/wp-content\/uploads\/2023\/09\/Banner3-Brt-1024x245.jpg","type":"","width":"","height":""}],"twitter_card":"summary_large_image","twitter_misc":{"Tempo estimado de leitura":"4 minutos"},"schema":{"@context":"https:\/\/schema.org","@graph":[{"@type":"WebPage","@id":"https:\/\/www.psi-polymersystems.com\/csc-bf-faq\/","url":"https:\/\/www.psi-polymersystems.com\/csc-bf-faq\/","name":"CSC-BF FAQ - PSI-Polymer Systems","isPartOf":{"@id":"https:\/\/www.psi-polymersystems.com\/#website"},"primaryImageOfPage":{"@id":"https:\/\/www.psi-polymersystems.com\/csc-bf-faq\/#primaryimage"},"image":{"@id":"https:\/\/www.psi-polymersystems.com\/csc-bf-faq\/#primaryimage"},"thumbnailUrl":"https:\/\/psi-polymersystems.com\/wp-content\/uploads\/2023\/09\/Banner3-Brt-1024x245.jpg","datePublished":"2023-09-14T19:32:43+00:00","dateModified":"2023-09-15T12:04:15+00:00","breadcrumb":{"@id":"https:\/\/www.psi-polymersystems.com\/csc-bf-faq\/#breadcrumb"},"inLanguage":"pt-PT","potentialAction":[{"@type":"ReadAction","target":["https:\/\/www.psi-polymersystems.com\/csc-bf-faq\/"]}]},{"@type":"ImageObject","inLanguage":"pt-PT","@id":"https:\/\/www.psi-polymersystems.com\/csc-bf-faq\/#primaryimage","url":"https:\/\/psi-polymersystems.com\/wp-content\/uploads\/2023\/09\/Banner3-Brt-1024x245.jpg","contentUrl":"https:\/\/psi-polymersystems.com\/wp-content\/uploads\/2023\/09\/Banner3-Brt-1024x245.jpg"},{"@type":"BreadcrumbList","@id":"https:\/\/www.psi-polymersystems.com\/csc-bf-faq\/#breadcrumb","itemListElement":[{"@type":"ListItem","position":1,"name":"Home","item":"https:\/\/www.psi-polymersystems.com\/"},{"@type":"ListItem","position":2,"name":"CSC-BF FAQ"}]},{"@type":"WebSite","@id":"https:\/\/www.psi-polymersystems.com\/#website","url":"https:\/\/www.psi-polymersystems.com\/","name":"PSI-Polymer Systems","description":"","publisher":{"@id":"https:\/\/www.psi-polymersystems.com\/#organization"},"potentialAction":[{"@type":"SearchAction","target":{"@type":"EntryPoint","urlTemplate":"https:\/\/www.psi-polymersystems.com\/?s={search_term_string}"},"query-input":{"@type":"PropertyValueSpecification","valueRequired":true,"valueName":"search_term_string"}}],"inLanguage":"pt-PT"},{"@type":"Organization","@id":"https:\/\/www.psi-polymersystems.com\/#organization","name":"PSI-Polymer Systems, Inc.","url":"https:\/\/www.psi-polymersystems.com\/","logo":{"@type":"ImageObject","inLanguage":"pt-PT","@id":"https:\/\/www.psi-polymersystems.com\/#\/schema\/logo\/image\/","url":"","contentUrl":"","caption":"PSI-Polymer Systems, Inc."},"image":{"@id":"https:\/\/www.psi-polymersystems.com\/#\/schema\/logo\/image\/"},"sameAs":["https:\/\/www.facebook.com\/psipolymersystems\/","https:\/\/www.linkedin.com\/showcase\/psi-polymer-systems"]}]}},"_links":{"self":[{"href":"https:\/\/www.psi-polymersystems.com\/pt\/wp-json\/wp\/v2\/pages\/9549","targetHints":{"allow":["GET"]}}],"collection":[{"href":"https:\/\/www.psi-polymersystems.com\/pt\/wp-json\/wp\/v2\/pages"}],"about":[{"href":"https:\/\/www.psi-polymersystems.com\/pt\/wp-json\/wp\/v2\/types\/page"}],"author":[{"embeddable":true,"href":"https:\/\/www.psi-polymersystems.com\/pt\/wp-json\/wp\/v2\/users\/2"}],"replies":[{"embeddable":true,"href":"https:\/\/www.psi-polymersystems.com\/pt\/wp-json\/wp\/v2\/comments?post=9549"}],"version-history":[{"count":0,"href":"https:\/\/www.psi-polymersystems.com\/pt\/wp-json\/wp\/v2\/pages\/9549\/revisions"}],"wp:attachment":[{"href":"https:\/\/www.psi-polymersystems.com\/pt\/wp-json\/wp\/v2\/media?parent=9549"}],"curies":[{"name":"wp","href":"https:\/\/api.w.org\/{rel}","templated":true}]}}