{"id":9829,"date":"2024-01-15T16:31:44","date_gmt":"2024-01-15T16:31:44","guid":{"rendered":"https:\/\/psi-polymersystems.com\/?page_id=9829"},"modified":"2024-01-15T16:39:41","modified_gmt":"2024-01-15T16:39:41","slug":"hydraulic-power-unit-hpu-configuration-and-operation","status":"publish","type":"page","link":"https:\/\/www.psi-polymersystems.com\/pt\/hydraulic-power-unit-hpu-configuration-and-operation\/","title":{"rendered":"Unidade de Energia Hidr\u00e1ulica (HPU) \u2013 Configura\u00e7\u00e3o e Opera\u00e7\u00e3o"},"content":{"rendered":"<div data-elementor-type=\"wp-page\" data-elementor-id=\"9829\" class=\"elementor elementor-9829\" data-elementor-post-type=\"page\">\n\t\t\t\t\t\t<section class=\"elementor-section elementor-top-section elementor-element elementor-element-1f369e45 elementor-section-boxed elementor-section-height-default elementor-section-height-default\" data-id=\"1f369e45\" data-element_type=\"section\" data-e-type=\"section\">\n\t\t\t\t\t\t<div class=\"elementor-container elementor-column-gap-default\">\n\t\t\t\t\t<div class=\"elementor-column elementor-col-100 elementor-top-column elementor-element elementor-element-61bed2c6\" data-id=\"61bed2c6\" data-element_type=\"column\" data-e-type=\"column\">\n\t\t\t<div class=\"elementor-widget-wrap elementor-element-populated\">\n\t\t\t\t\t\t<div class=\"elementor-element elementor-element-6a047d38 elementor-widget elementor-widget-text-editor\" data-id=\"6a047d38\" data-element_type=\"widget\" data-e-type=\"widget\" data-widget_type=\"text-editor.default\">\n\t\t\t\t<div class=\"elementor-widget-container\">\n\t\t\t\t\t\t\t\t\t<h2 style=\"font-size: 30px;\"><span style=\"color: #0693e3; font-size: 30px; letter-spacing: 0px;\">Unidades Hidr\u00e1ulicas PSI \u2013 Configura\u00e7\u00e3o e Opera\u00e7\u00e3o<\/span><\/h2>\t\t\t\t\t\t\t\t<\/div>\n\t\t\t\t<\/div>\n\t\t\t\t\t<\/div>\n\t\t<\/div>\n\t\t\t\t\t<\/div>\n\t\t<\/section>\n\t\t\t\t<section class=\"elementor-section elementor-top-section elementor-element elementor-element-2982bc38 elementor-section-boxed elementor-section-height-default elementor-section-height-default\" data-id=\"2982bc38\" data-element_type=\"section\" data-e-type=\"section\">\n\t\t\t\t\t\t<div class=\"elementor-container elementor-column-gap-default\">\n\t\t\t\t\t<div class=\"elementor-column elementor-col-100 elementor-top-column elementor-element elementor-element-21e60b68\" data-id=\"21e60b68\" data-element_type=\"column\" data-e-type=\"column\">\n\t\t\t<div class=\"elementor-widget-wrap elementor-element-populated\">\n\t\t\t\t\t\t<section class=\"elementor-section elementor-inner-section elementor-element elementor-element-f857a90 elementor-section-boxed elementor-section-height-default elementor-section-height-default\" data-id=\"f857a90\" data-element_type=\"section\" data-e-type=\"section\">\n\t\t\t\t\t\t<div class=\"elementor-container elementor-column-gap-default\">\n\t\t\t\t\t<div class=\"elementor-column elementor-col-100 elementor-inner-column elementor-element elementor-element-351efe81\" data-id=\"351efe81\" data-element_type=\"column\" data-e-type=\"column\">\n\t\t\t<div class=\"elementor-widget-wrap\">\n\t\t\t\t\t\t\t<\/div>\n\t\t<\/div>\n\t\t\t\t\t<\/div>\n\t\t<\/section>\n\t\t\t\t\t<\/div>\n\t\t<\/div>\n\t\t\t\t\t<\/div>\n\t\t<\/section>\n\t\t\t\t<section class=\"elementor-section elementor-top-section elementor-element elementor-element-3e945eb1 elementor-section-boxed elementor-section-height-default elementor-section-height-default\" data-id=\"3e945eb1\" data-element_type=\"section\" data-e-type=\"section\">\n\t\t\t\t\t\t<div class=\"elementor-container elementor-column-gap-default\">\n\t\t\t\t\t<div class=\"elementor-column elementor-col-50 elementor-top-column elementor-element elementor-element-3b3a73f3\" data-id=\"3b3a73f3\" data-element_type=\"column\" data-e-type=\"column\">\n\t\t\t<div class=\"elementor-widget-wrap elementor-element-populated\">\n\t\t\t\t\t\t<section class=\"elementor-section elementor-inner-section elementor-element elementor-element-0429773 elementor-section-boxed elementor-section-height-default elementor-section-height-default\" data-id=\"0429773\" data-element_type=\"section\" data-e-type=\"section\">\n\t\t\t\t\t\t<div class=\"elementor-container elementor-column-gap-default\">\n\t\t\t\t\t<div class=\"elementor-column elementor-col-100 elementor-inner-column elementor-element elementor-element-7803fab\" data-id=\"7803fab\" data-element_type=\"column\" data-e-type=\"column\">\n\t\t\t<div class=\"elementor-widget-wrap elementor-element-populated\">\n\t\t\t\t\t\t<div class=\"elementor-element elementor-element-5ffab43 elementor-widget elementor-widget-image\" data-id=\"5ffab43\" data-element_type=\"widget\" data-e-type=\"widget\" data-widget_type=\"image.default\">\n\t\t\t\t<div class=\"elementor-widget-container\">\n\t\t\t\t\t\t\t\t\t\t\t\t\t\t\t<img fetchpriority=\"high\" decoding=\"async\" width=\"617\" height=\"1024\" src=\"https:\/\/www.psi-polymersystems.com\/wp-content\/uploads\/2024\/01\/HPU-10-617x1024.jpg\" class=\"attachment-large size-large wp-image-9831\" alt=\"HPU with Accumulator\" srcset=\"https:\/\/www.psi-polymersystems.com\/wp-content\/uploads\/2024\/01\/HPU-10-617x1024.jpg 617w, https:\/\/www.psi-polymersystems.com\/wp-content\/uploads\/2024\/01\/HPU-10-181x300.jpg 181w, https:\/\/www.psi-polymersystems.com\/wp-content\/uploads\/2024\/01\/HPU-10-768x1274.jpg 768w, https:\/\/www.psi-polymersystems.com\/wp-content\/uploads\/2024\/01\/HPU-10-926x1536.jpg 926w, https:\/\/www.psi-polymersystems.com\/wp-content\/uploads\/2024\/01\/HPU-10-1235x2048.jpg 1235w, https:\/\/www.psi-polymersystems.com\/wp-content\/uploads\/2024\/01\/HPU-10-7x12.jpg 7w, https:\/\/www.psi-polymersystems.com\/wp-content\/uploads\/2024\/01\/HPU-10-600x995.jpg 600w, https:\/\/www.psi-polymersystems.com\/wp-content\/uploads\/2024\/01\/HPU-10-scaled.jpg 1544w\" sizes=\"(max-width: 617px) 100vw, 617px\" \/>\t\t\t\t\t\t\t\t\t\t\t\t\t\t\t<\/div>\n\t\t\t\t<\/div>\n\t\t\t\t\t<\/div>\n\t\t<\/div>\n\t\t\t\t\t<\/div>\n\t\t<\/section>\n\t\t\t\t\t<\/div>\n\t\t<\/div>\n\t\t\t\t<div class=\"elementor-column elementor-col-50 elementor-top-column elementor-element elementor-element-9bff6ac\" data-id=\"9bff6ac\" data-element_type=\"column\" data-e-type=\"column\">\n\t\t\t<div class=\"elementor-widget-wrap elementor-element-populated\">\n\t\t\t\t\t\t<div class=\"elementor-element elementor-element-55a15147 elementor-widget elementor-widget-text-editor\" data-id=\"55a15147\" data-element_type=\"widget\" data-e-type=\"widget\" data-widget_type=\"text-editor.default\">\n\t\t\t\t<div class=\"elementor-widget-container\">\n\t\t\t\t\t\t\t\t\t<h1 style=\"font-size: 15px;\"><span style=\"color: #0693e3; font-size: 20px; letter-spacing: 0px;\">Unidades de energia hidr\u00e1ulica PSI<\/span><\/h1><p>A PSI utiliza sistemas hidr\u00e1ulicos para controlar nossos trocadores de tela e v\u00e1lvulas de desvio. O sistema hidr\u00e1ulico emprega fluido fechado para transferir energia da unidade de pot\u00eancia hidr\u00e1ulica para o cilindro hidr\u00e1ulico montado na m\u00e1quina e cria um movimento ou for\u00e7a linear. As unidades de energia hidr\u00e1ulica aplicam a press\u00e3o que impulsiona o movimento dos cilindros hidr\u00e1ulicos. Ao contr\u00e1rio das bombas hidr\u00e1ulicas padr\u00e3o, estas unidades de pot\u00eancia utilizam redes de pressuriza\u00e7\u00e3o de v\u00e1rios est\u00e1gios para movimentar o fluido em diferentes cilindros. Alguns dos fatores importantes que influenciam o desempenho de uma unidade de energia hidr\u00e1ulica s\u00e3o os limites de press\u00e3o, a capacidade de pot\u00eancia e o volume do reservat\u00f3rio. Al\u00e9m disso, as caracter\u00edsticas f\u00edsicas, incluindo tamanho, fonte de alimenta\u00e7\u00e3o e for\u00e7a de bombeamento tamb\u00e9m s\u00e3o considera\u00e7\u00f5es importantes. Para compreender melhor os princ\u00edpios operacionais e as caracter\u00edsticas de projeto de uma unidade de energia hidr\u00e1ulica, pode ser \u00fatil observar os componentes b\u00e1sicos de um modelo padr\u00e3o usado em sistemas hidr\u00e1ulicos industriais.<\/p><p>As unidades de energia hidr\u00e1ulica PSI s\u00e3o constru\u00eddas para funcionar em condi\u00e7\u00f5es industriais e possuem caracter\u00edsticas de projeto distintas de um sistema de bombeamento t\u00edpico. Os recursos de design padr\u00e3o incluem:<\/p><p><em><u>Acumuladores (utilizados para sistemas hidr\u00e1ulicos HSC e CSC-BF):<\/u><\/em><em>\u00a0<\/em>S\u00e3o vasos acoplados aos atuadores hidr\u00e1ulicos. Eles cont\u00eam nitrog\u00eanio pressurizado para ser liberado quando se pretende uma mudan\u00e7a de cilindro extremamente r\u00e1pida.\u00a0<\/p><p><em><u>Bombas motorizadas (usadas em todos os sistemas hidr\u00e1ulicos PSI:<\/u><\/em> Uma unidade de energia hidr\u00e1ulica pode ser equipada com uma \u00fanica bomba motorizada ou v\u00e1rios dispositivos, cada um com suas pr\u00f3prias v\u00e1lvulas acumuladoras.\u00a0<\/p><p><em><u>Tanques:<\/u><\/em> O tanque \u00e9 uma unidade de armazenamento projetada com volume suficiente para que o fluido das tubula\u00e7\u00f5es seja drenado para dentro dele. Eles s\u00e3o usados para TODOS os sistemas hidr\u00e1ulicos.<\/p><p><em><u>Filtros:<\/u><\/em>\u00a0Um filtro normalmente \u00e9 instalado ao longo da parte superior do tanque na linha de retorno para remover o lixo do sistema. Eles s\u00e3o usados para TODOS os sistemas hidr\u00e1ulicos.<\/p><p><em><u>Controladores de unidade de energia:<\/u><\/em> A unidade do controlador hidr\u00e1ulico \u00e9 a interface do operador que cont\u00e9m interruptores, displays e recursos de monitoramento. \u00c9 necess\u00e1rio para instalar e integrar uma unidade de pot\u00eancia em nossos sistemas hidr\u00e1ulicos e geralmente pode ser encontrado conectado \u00e0 unidade de pot\u00eancia. A PSI normalmente fornece uma caixa de controle eletromec\u00e2nico (ECB) para atua\u00e7\u00e3o manual ou um controlador l\u00f3gico program\u00e1vel (PLC) para atua\u00e7\u00e3o autom\u00e1tica. Eles s\u00e3o usados para TODOS os sistemas hidr\u00e1ulicos com m\u00faltiplos cilindros ou redes de pressuriza\u00e7\u00e3o de m\u00faltiplos est\u00e1gios.<\/p><p><em><u>V\u00e1lvulas de controle:<\/u><\/em> Diferentes v\u00e1lvulas de controle s\u00e3o montadas na unidade hidr\u00e1ulica para controlar os cilindros hidr\u00e1ulicos. Para cada cilindro necess\u00e1rio para atua\u00e7\u00e3o, \u00e9 necess\u00e1ria uma v\u00e1lvula de controle de dire\u00e7\u00e3o para operar e enviar fluido da unidade de energia hidr\u00e1ulica para o cilindro. O \u201cControlador da Unidade de Pot\u00eancia\u201d seleciona qual v\u00e1lvula de controle operar e permite que o cilindro se estenda ou retraia, dependendo da dire\u00e7\u00e3o selecionada. Eles s\u00e3o usados para TODOS os sistemas hidr\u00e1ulicos.<\/p><h4><span style=\"color: #0693e3;\">Quando uma unidade hidr\u00e1ulica come\u00e7a a funcionar, acontece o seguinte:<\/span><\/h4><ol><li>A energia est\u00e1 ligada.<\/li><li>Para uma unidade de pot\u00eancia hidr\u00e1ulica CSC, uma vez que a unidade de pot\u00eancia hidr\u00e1ulica \u00e9 acionada pelo controlador, a bomba de engrenagens puxa o fluido hidr\u00e1ulico para fora do tanque e o move para o cilindro correspondente.<\/li><li>Para uma unidade de energia hidr\u00e1ulica HSC, a bomba de engrenagens puxa o fluido hidr\u00e1ulico para fora do tanque e o move para um acumulador depois que a energia \u00e9 ligada. Este processo continua at\u00e9 que a press\u00e3o dentro do acumulador atinja um n\u00edvel predeterminado.<\/li><li>Os pressostatos s\u00e3o usados para regular a press\u00e3o do acumulador.<\/li><li>Uma vez atingida a press\u00e3o, a unidade est\u00e1 pronta para atua\u00e7\u00e3o imediata. Uma vez que a unidade de energia hidr\u00e1ulica \u00e9 acionada pelo controlador, o acumulador envia fluido hidr\u00e1ulico para fora do tanque (acumulador... n\u00e3o o tanque) e o move para o cilindro correspondente imediatamente para uma mudan\u00e7a r\u00e1pida.<\/li><\/ol>\t\t\t\t\t\t\t\t<\/div>\n\t\t\t\t<\/div>\n\t\t\t\t\t<\/div>\n\t\t<\/div>\n\t\t\t\t\t<\/div>\n\t\t<\/section>\n\t\t\t\t<\/div>","protected":false},"excerpt":{"rendered":"<p>Unidades Hidr\u00e1ulicas PSI \u2013 Configura\u00e7\u00e3o e Opera\u00e7\u00e3o Unidades Hidr\u00e1ulicas PSI A PSI utiliza sistemas hidr\u00e1ulicos para controlar nossos trocadores de tela e v\u00e1lvulas de desvio. O sistema hidr\u00e1ulico emprega fluido fechado para transferir energia da unidade de pot\u00eancia hidr\u00e1ulica para o cilindro hidr\u00e1ulico montado na m\u00e1quina e cria um movimento ou for\u00e7a linear. As unidades de energia hidr\u00e1ulica aplicam o [...]<\/p>","protected":false},"author":2,"featured_media":0,"parent":0,"menu_order":0,"comment_status":"closed","ping_status":"closed","template":"","meta":{"_monsterinsights_skip_tracking":false,"_monsterinsights_sitenote_active":false,"_monsterinsights_sitenote_note":"","_monsterinsights_sitenote_category":0,"footnotes":""},"class_list":["post-9829","page","type-page","status-publish","hentry"],"yoast_head":"<!-- This site is optimized with the Yoast SEO Premium plugin v25.0 (Yoast SEO v25.0) - https:\/\/yoast.com\/wordpress\/plugins\/seo\/ -->\n<title>Hydraulic Power Unit (HPU) - Configuration and Operation - PSI-Polymer Systems<\/title>\n<meta name=\"robots\" content=\"index, follow, max-snippet:-1, max-image-preview:large, max-video-preview:-1\" \/>\n<link rel=\"canonical\" href=\"https:\/\/www.psi-polymersystems.com\/pt\/hydraulic-power-unit-hpu-configuration-and-operation\/\" \/>\n<meta property=\"og:locale\" content=\"pt_PT\" \/>\n<meta property=\"og:type\" content=\"article\" \/>\n<meta property=\"og:title\" content=\"Hydraulic Power Unit (HPU) - Configuration and Operation\" \/>\n<meta property=\"og:description\" content=\"PSI Hydraulic Power Units - Configuration and Operation PSI Hydraulic Power Units PSI utilizes hydraulic systems to control our screen changers and divert\" \/>\n<meta property=\"og:url\" content=\"https:\/\/www.psi-polymersystems.com\/pt\/hydraulic-power-unit-hpu-configuration-and-operation\/\" \/>\n<meta property=\"og:site_name\" content=\"PSI-Polymer Systems\" \/>\n<meta property=\"article:publisher\" content=\"https:\/\/www.facebook.com\/psipolymersystems\/\" \/>\n<meta property=\"article:modified_time\" content=\"2024-01-15T16:39:41+00:00\" \/>\n<meta property=\"og:image\" content=\"https:\/\/psi-polymersystems.com\/wp-content\/uploads\/2024\/01\/HPU-10-617x1024.jpg\" \/>\n<meta name=\"twitter:card\" content=\"summary_large_image\" \/>\n<meta name=\"twitter:label1\" content=\"Tempo estimado de leitura\" \/>\n\t<meta name=\"twitter:data1\" content=\"3 minutos\" \/>\n<script type=\"application\/ld+json\" class=\"yoast-schema-graph\">{\"@context\":\"https:\/\/schema.org\",\"@graph\":[{\"@type\":\"WebPage\",\"@id\":\"https:\/\/www.psi-polymersystems.com\/hydraulic-power-unit-hpu-configuration-and-operation\/\",\"url\":\"https:\/\/www.psi-polymersystems.com\/hydraulic-power-unit-hpu-configuration-and-operation\/\",\"name\":\"Hydraulic Power Unit (HPU) - Configuration and Operation - PSI-Polymer Systems\",\"isPartOf\":{\"@id\":\"https:\/\/www.psi-polymersystems.com\/#website\"},\"primaryImageOfPage\":{\"@id\":\"https:\/\/www.psi-polymersystems.com\/hydraulic-power-unit-hpu-configuration-and-operation\/#primaryimage\"},\"image\":{\"@id\":\"https:\/\/www.psi-polymersystems.com\/hydraulic-power-unit-hpu-configuration-and-operation\/#primaryimage\"},\"thumbnailUrl\":\"https:\/\/psi-polymersystems.com\/wp-content\/uploads\/2024\/01\/HPU-10-617x1024.jpg\",\"datePublished\":\"2024-01-15T16:31:44+00:00\",\"dateModified\":\"2024-01-15T16:39:41+00:00\",\"breadcrumb\":{\"@id\":\"https:\/\/www.psi-polymersystems.com\/hydraulic-power-unit-hpu-configuration-and-operation\/#breadcrumb\"},\"inLanguage\":\"pt-PT\",\"potentialAction\":[{\"@type\":\"ReadAction\",\"target\":[\"https:\/\/www.psi-polymersystems.com\/hydraulic-power-unit-hpu-configuration-and-operation\/\"]}]},{\"@type\":\"ImageObject\",\"inLanguage\":\"pt-PT\",\"@id\":\"https:\/\/www.psi-polymersystems.com\/hydraulic-power-unit-hpu-configuration-and-operation\/#primaryimage\",\"url\":\"https:\/\/psi-polymersystems.com\/wp-content\/uploads\/2024\/01\/HPU-10-617x1024.jpg\",\"contentUrl\":\"https:\/\/psi-polymersystems.com\/wp-content\/uploads\/2024\/01\/HPU-10-617x1024.jpg\"},{\"@type\":\"BreadcrumbList\",\"@id\":\"https:\/\/www.psi-polymersystems.com\/hydraulic-power-unit-hpu-configuration-and-operation\/#breadcrumb\",\"itemListElement\":[{\"@type\":\"ListItem\",\"position\":1,\"name\":\"Home\",\"item\":\"https:\/\/www.psi-polymersystems.com\/\"},{\"@type\":\"ListItem\",\"position\":2,\"name\":\"Hydraulic Power Unit (HPU) &#8211; Configuration and Operation\"}]},{\"@type\":\"WebSite\",\"@id\":\"https:\/\/www.psi-polymersystems.com\/#website\",\"url\":\"https:\/\/www.psi-polymersystems.com\/\",\"name\":\"PSI-Polymer Systems\",\"description\":\"\",\"publisher\":{\"@id\":\"https:\/\/www.psi-polymersystems.com\/#organization\"},\"potentialAction\":[{\"@type\":\"SearchAction\",\"target\":{\"@type\":\"EntryPoint\",\"urlTemplate\":\"https:\/\/www.psi-polymersystems.com\/?s={search_term_string}\"},\"query-input\":{\"@type\":\"PropertyValueSpecification\",\"valueRequired\":true,\"valueName\":\"search_term_string\"}}],\"inLanguage\":\"pt-PT\"},{\"@type\":\"Organization\",\"@id\":\"https:\/\/www.psi-polymersystems.com\/#organization\",\"name\":\"PSI-Polymer Systems, Inc.\",\"url\":\"https:\/\/www.psi-polymersystems.com\/\",\"logo\":{\"@type\":\"ImageObject\",\"inLanguage\":\"pt-PT\",\"@id\":\"https:\/\/www.psi-polymersystems.com\/#\/schema\/logo\/image\/\",\"url\":\"\",\"contentUrl\":\"\",\"caption\":\"PSI-Polymer Systems, Inc.\"},\"image\":{\"@id\":\"https:\/\/www.psi-polymersystems.com\/#\/schema\/logo\/image\/\"},\"sameAs\":[\"https:\/\/www.facebook.com\/psipolymersystems\/\",\"https:\/\/www.linkedin.com\/showcase\/psi-polymer-systems\"]}]}<\/script>\n<!-- \/ Yoast SEO Premium plugin. -->","yoast_head_json":{"title":"Hydraulic Power Unit (HPU) - Configuration and Operation - PSI-Polymer Systems","robots":{"index":"index","follow":"follow","max-snippet":"max-snippet:-1","max-image-preview":"max-image-preview:large","max-video-preview":"max-video-preview:-1"},"canonical":"https:\/\/www.psi-polymersystems.com\/pt\/hydraulic-power-unit-hpu-configuration-and-operation\/","og_locale":"pt_PT","og_type":"article","og_title":"Hydraulic Power Unit (HPU) - Configuration and Operation","og_description":"PSI Hydraulic Power Units - Configuration and Operation PSI Hydraulic Power Units PSI utilizes hydraulic systems to control our screen changers and divert","og_url":"https:\/\/www.psi-polymersystems.com\/pt\/hydraulic-power-unit-hpu-configuration-and-operation\/","og_site_name":"PSI-Polymer Systems","article_publisher":"https:\/\/www.facebook.com\/psipolymersystems\/","article_modified_time":"2024-01-15T16:39:41+00:00","og_image":[{"url":"https:\/\/psi-polymersystems.com\/wp-content\/uploads\/2024\/01\/HPU-10-617x1024.jpg","type":"","width":"","height":""}],"twitter_card":"summary_large_image","twitter_misc":{"Tempo estimado de leitura":"3 minutos"},"schema":{"@context":"https:\/\/schema.org","@graph":[{"@type":"WebPage","@id":"https:\/\/www.psi-polymersystems.com\/hydraulic-power-unit-hpu-configuration-and-operation\/","url":"https:\/\/www.psi-polymersystems.com\/hydraulic-power-unit-hpu-configuration-and-operation\/","name":"Hydraulic Power Unit (HPU) - Configuration and Operation - PSI-Polymer Systems","isPartOf":{"@id":"https:\/\/www.psi-polymersystems.com\/#website"},"primaryImageOfPage":{"@id":"https:\/\/www.psi-polymersystems.com\/hydraulic-power-unit-hpu-configuration-and-operation\/#primaryimage"},"image":{"@id":"https:\/\/www.psi-polymersystems.com\/hydraulic-power-unit-hpu-configuration-and-operation\/#primaryimage"},"thumbnailUrl":"https:\/\/psi-polymersystems.com\/wp-content\/uploads\/2024\/01\/HPU-10-617x1024.jpg","datePublished":"2024-01-15T16:31:44+00:00","dateModified":"2024-01-15T16:39:41+00:00","breadcrumb":{"@id":"https:\/\/www.psi-polymersystems.com\/hydraulic-power-unit-hpu-configuration-and-operation\/#breadcrumb"},"inLanguage":"pt-PT","potentialAction":[{"@type":"ReadAction","target":["https:\/\/www.psi-polymersystems.com\/hydraulic-power-unit-hpu-configuration-and-operation\/"]}]},{"@type":"ImageObject","inLanguage":"pt-PT","@id":"https:\/\/www.psi-polymersystems.com\/hydraulic-power-unit-hpu-configuration-and-operation\/#primaryimage","url":"https:\/\/psi-polymersystems.com\/wp-content\/uploads\/2024\/01\/HPU-10-617x1024.jpg","contentUrl":"https:\/\/psi-polymersystems.com\/wp-content\/uploads\/2024\/01\/HPU-10-617x1024.jpg"},{"@type":"BreadcrumbList","@id":"https:\/\/www.psi-polymersystems.com\/hydraulic-power-unit-hpu-configuration-and-operation\/#breadcrumb","itemListElement":[{"@type":"ListItem","position":1,"name":"Home","item":"https:\/\/www.psi-polymersystems.com\/"},{"@type":"ListItem","position":2,"name":"Hydraulic Power Unit (HPU) &#8211; Configuration and Operation"}]},{"@type":"WebSite","@id":"https:\/\/www.psi-polymersystems.com\/#website","url":"https:\/\/www.psi-polymersystems.com\/","name":"PSI-Polymer Systems","description":"","publisher":{"@id":"https:\/\/www.psi-polymersystems.com\/#organization"},"potentialAction":[{"@type":"SearchAction","target":{"@type":"EntryPoint","urlTemplate":"https:\/\/www.psi-polymersystems.com\/?s={search_term_string}"},"query-input":{"@type":"PropertyValueSpecification","valueRequired":true,"valueName":"search_term_string"}}],"inLanguage":"pt-PT"},{"@type":"Organization","@id":"https:\/\/www.psi-polymersystems.com\/#organization","name":"PSI-Polymer Systems, Inc.","url":"https:\/\/www.psi-polymersystems.com\/","logo":{"@type":"ImageObject","inLanguage":"pt-PT","@id":"https:\/\/www.psi-polymersystems.com\/#\/schema\/logo\/image\/","url":"","contentUrl":"","caption":"PSI-Polymer Systems, Inc."},"image":{"@id":"https:\/\/www.psi-polymersystems.com\/#\/schema\/logo\/image\/"},"sameAs":["https:\/\/www.facebook.com\/psipolymersystems\/","https:\/\/www.linkedin.com\/showcase\/psi-polymer-systems"]}]}},"_links":{"self":[{"href":"https:\/\/www.psi-polymersystems.com\/pt\/wp-json\/wp\/v2\/pages\/9829","targetHints":{"allow":["GET"]}}],"collection":[{"href":"https:\/\/www.psi-polymersystems.com\/pt\/wp-json\/wp\/v2\/pages"}],"about":[{"href":"https:\/\/www.psi-polymersystems.com\/pt\/wp-json\/wp\/v2\/types\/page"}],"author":[{"embeddable":true,"href":"https:\/\/www.psi-polymersystems.com\/pt\/wp-json\/wp\/v2\/users\/2"}],"replies":[{"embeddable":true,"href":"https:\/\/www.psi-polymersystems.com\/pt\/wp-json\/wp\/v2\/comments?post=9829"}],"version-history":[{"count":0,"href":"https:\/\/www.psi-polymersystems.com\/pt\/wp-json\/wp\/v2\/pages\/9829\/revisions"}],"wp:attachment":[{"href":"https:\/\/www.psi-polymersystems.com\/pt\/wp-json\/wp\/v2\/media?parent=9829"}],"curies":[{"name":"wp","href":"https:\/\/api.w.org\/{rel}","templated":true}]}}